{"id":2846,"date":"2022-08-25T08:59:52","date_gmt":"2022-08-25T08:59:52","guid":{"rendered":"https:\/\/1-bit.eu\/?page_id=2846"},"modified":"2022-09-29T13:21:03","modified_gmt":"2022-09-29T13:21:03","slug":"prekiu-grazinimo-taisykles","status":"publish","type":"page","link":"https:\/\/1-bit.eu\/lt\/prekiu-grazinimo-taisykles\/","title":{"rendered":"Preki\u0173 Gr\u0105\u017einimo Taisykl\u0117s"},"content":{"rendered":"<div data-elementor-type=\"wp-page\" data-elementor-id=\"2846\" class=\"elementor elementor-2846\">\n\t\t\t\t\t\t<section class=\"elementor-section elementor-top-section elementor-element elementor-element-34a48e4 elementor-section-boxed elementor-section-height-default elementor-section-height-default\" data-id=\"34a48e4\" data-element_type=\"section\">\n\t\t\t\t\t\t<div class=\"elementor-container elementor-column-gap-default\">\n\t\t\t\t\t<div class=\"elementor-column elementor-col-100 elementor-top-column elementor-element elementor-element-743bf83\" data-id=\"743bf83\" data-element_type=\"column\">\n\t\t\t<div class=\"elementor-widget-wrap elementor-element-populated\">\n\t\t\t\t\t\t<div class=\"elementor-element elementor-element-ae5f432 elementor-widget elementor-widget-text-editor\" data-id=\"ae5f432\" data-element_type=\"widget\" data-widget_type=\"text-editor.default\">\n\t\t\t\t<div class=\"elementor-widget-container\">\n\t\t\t\t\t\t\t\t\t<p>Preki\u0173 Gr\u0105\u017einimo Taisykl\u0117s\u00a0<\/p>\t\t\t\t\t\t\t\t<\/div>\n\t\t\t\t<\/div>\n\t\t\t\t<div class=\"elementor-element elementor-element-c74907c elementor-widget elementor-widget-image\" data-id=\"c74907c\" data-element_type=\"widget\" data-widget_type=\"image.default\">\n\t\t\t\t<div class=\"elementor-widget-container\">\n\t\t\t\t\t\t\t\t\t\t\t\t\t\t\t<img decoding=\"async\" src=\"https:\/\/1-bit.eu\/wp-content\/uploads\/2022\/08\/return.png\" title=\"return\" alt=\"return\" loading=\"lazy\" \/>\t\t\t\t\t\t\t\t\t\t\t\t\t\t\t<\/div>\n\t\t\t\t<\/div>\n\t\t\t\t\t<\/div>\n\t\t<\/div>\n\t\t\t\t\t<\/div>\n\t\t<\/section>\n\t\t\t\t<section class=\"elementor-section elementor-top-section elementor-element elementor-element-1ad7f63 elementor-section-boxed elementor-section-height-default elementor-section-height-default\" data-id=\"1ad7f63\" data-element_type=\"section\">\n\t\t\t\t\t\t<div class=\"elementor-container elementor-column-gap-default\">\n\t\t\t\t\t<div class=\"elementor-column elementor-col-100 elementor-top-column elementor-element elementor-element-845e913\" data-id=\"845e913\" data-element_type=\"column\">\n\t\t\t<div class=\"elementor-widget-wrap elementor-element-populated\">\n\t\t\t\t\t\t<div class=\"elementor-element elementor-element-8d38689 elementor-widget elementor-widget-text-editor\" data-id=\"8d38689\" data-element_type=\"widget\" data-widget_type=\"text-editor.default\">\n\t\t\t\t<div class=\"elementor-widget-container\">\n\t\t\t\t\t\t\t\t\t<p><strong>K<\/strong><strong>okybi\u0161k\u0173 preki\u0173 gr\u0105\u017einimas per 14 dien\u0173 pirkt\u0173 internetin\u0117je pardu<\/strong><strong>otuv\u0117je&nbsp;<\/strong><strong>keitimas ir gr\u0105\u017einimas<\/strong><\/p>\n<p>J\u016bs turite teis\u0119, nenurodydami prie\u017easties, ta\u010diau patys apmok\u0117dami prek\u0117s gr\u0105\u017einimo ka\u0161t\u0173 i\u0161laidas, per keturiolika dien\u0173 (nuo pirkimo dienos) atsisakyti prek\u0117s. Per 14 dien\u0173 gr\u0105\u017einamos prek\u0117s turi b\u016bti tvarkingos:<br>1.&nbsp;gr\u0105\u017einama prek\u0117 turi b\u016bti originalioje tvarkingoje pakuot\u0117je, tokioje kokioje gavote i\u0161 pardav\u0117jo;<br>2. prek\u0117 turi b\u016bti Pirk\u0117jo nesugadinta;<br>3. prek\u0117 turi b\u016bti nepraradusi prekin\u0117s i\u0161vaizdos (\u0161vari, nepa\u017eeistos etiket\u0117s, nenupl\u0117\u0161tos apsaugin\u0117s pl\u0117vel\u0117s ir kiti originaliai komplektacijai b\u016bdingi priedai);<br>3. gr\u0105\u017einamos prek\u0117s komplektacija turi b\u016bti nepakitusi, tokia kokia buvo \u012fteikta pirk\u0117jui;<br>4. gr\u0105\u017einant prek\u0119 b\u016btina pateikti jos \u012fsigijimo dokument\u0105: garantin\u012f talon\u0105, \u010dek\u012f, s\u0105skait\u0105 fakt\u016br\u0105;<br>5. gr\u0105\u017einant prekes, kurios yra naudojamos k\u016bno higienai, maisto ruo\u0161imui, nam\u0173 ruo\u0161ai prek\u0117s NEGALI b\u016bti naudotos;<br>6. gr\u0105\u017einant kompiuter\u012f, jame negali b\u016bti jokios J\u016bs\u0173 paliktos informacijos, programin\u0117s \u012frangos, J\u016bs\u0173 asmenini\u0173 nustatym\u0173, turi b\u016bti atstatyta gamyklin\u0117 programin\u0117 \u012franga;<br>7. gr\u0105\u017einama prek\u0117 turi b\u016bti saugiai supakuota, rekomenduojama supakuoti \u012f t\u0105 pat\u012f \u012fpakavim\u0105, kokiame gavote i\u0161 pardav\u0117jo;<br>8. pirk\u0117jas gr\u0105\u017eindamas prek\u0119 pats atsako u\u017e jos skland\u0173 ir saug\u0173 atvykim\u0105 iki pardav\u0117jo.<\/p>\n<p>Preki\u0173 gr\u0105\u017einimas priimamas:<br>Vilnius: Bir\u017eelio 23-iosios g. 8, +370 695 01736 El. p.&nbsp;<a href=\"mailto:raimondas@kilobaitas.lt\">i<\/a>nfo@1-bit.eu<\/p>\n<p>1.&nbsp;Su preke prid\u0117kite pirkimo dokument\u0105, laisvos formos pra\u0161ym\u0105 d\u0117l pinig\u0173 gr\u0105\u017einimo &#8211; b\u016btinai nurodykite s\u0105skaitos numer\u012f, kontaktus, u\u017esakymo numer\u012f. Prie\u0161 si\u0173sdami galite informuoti vadyb\u0105 ir elektroniniu lai\u0161ku.<br><span style=\"font-size: 14px; color: var( --e-global-color-text );\">2.&nbsp;Gavusi prek\u0119 ir patikrinusi vadyba su Jumis susisieks.<br><\/span><span style=\"color: var( --e-global-color-text ); font-size: 14px;\">3.&nbsp;Pardav\u0117jas galutin\u012f sprendim\u0105 d\u0117l prek\u0117s gr\u0105\u017einimo ar negr\u0105\u017einimo priims po prek\u0117s ap\u017ei\u016bros. Prek\u0117s pri\u0117mimas n\u0117ra galutinis pardav\u0117jo sprendimas d\u0117l prek\u0117s gr\u0105\u017einimo.<br>4. Prek\u0117s ka\u0161t\u0173 gr\u0105\u017einimo kain\u0105 gali sudaryti: prek\u0117s pristatymo, siuntimo kaina, darbo valandos u\u017esakymui paruo\u0161ti. Jeigu darbo valandos u\u017esakymui paruo\u0161ti n\u0117ra fiksuotos pagal fakt\u0105, prek\u0117s paruo\u0161imo ka\u0161tai tolygus 10% prek\u0117s kainos.&nbsp;&nbsp;<\/span><\/p>\n<p><strong>Parduotuv\u0117je \u012fsigyt\u0173 tinkamos kokyb\u0117s preki\u0173 keitimas ir gr\u0105\u017einimas<\/strong><\/p>\n<p>Pirk\u0117jas turi teis\u0119 per 14 dien\u0173 nuo ne maisto preki\u0173 perdavimo jam, jeigu pardav\u0117jas n\u0117ra nustat\u0119s ilgesnio termino, pakeisti nusipirktas prekes pirkimo vietoje ar kitoje pardav\u0117jo&nbsp;nurodytoje vietoje&nbsp;analogi\u0161komis kitoki\u0173 matmen\u0173, formos, spalvos, modelio ar kompleksi\u0161kumo prek\u0117mis arba gr\u0105\u017einti prek\u0117s ir atgauti sumok\u0117t\u0105 kain\u0105.<\/p>\n<p>B\u016btina \u017einoti, kad gr\u0105\u017einti galima ne visas prekes. Ma\u017emenin\u0117s prekybos taisykl\u0117se yra numatytas negr\u0105\u017eintin\u0173 daikt\u0173&nbsp;<a href=\"https:\/\/www.e-tar.lt\/portal\/legalAct.html?documentId=712337a0164711e4afafe56485a7e49a\"><u>s\u0105ra\u0161as<\/u><\/a>.<\/p>\n<p>Tiek \u012fsigijus prek\u0119 internetu, tiek fizin\u0117je parduotuv\u0117je i\u0161 esm\u0117s keliami tie patys kokybi\u0161kos prek\u0117s gr\u0105\u017einimo reikalavimai \u2013 ji turi b\u016bti nesugadinta, nepraradusi prekin\u0117s i\u0161vaizdos ir jos at\u017evilgiu atlikti tik tokie veiksmai, kurie buvo b\u016btini jos pob\u016bd\u017eiui ir savyb\u0117ms nustatyti. Kitaip tariant, su jais galima atlikti ne daugiau, nei b\u016bt\u0173 galima b\u016bt\u0173 atlikti parduotuv\u0117je prie\u0161 \u012fsigyjant prek\u0119. Kitu atveju, pardav\u0117jas turi teis\u0119 i\u0161 J\u016bs\u0173 i\u0161skai\u010diuoti prek\u0117s vert\u0117s suma\u017e\u0117jim\u0105, jeigu su prek\u0117mis atlikote daugiau nei buvo reikalinga norint ap\u017ei\u016br\u0117ti prekes.<\/p>\t\t\t\t\t\t\t\t<\/div>\n\t\t\t\t<\/div>\n\t\t\t\t\t<\/div>\n\t\t<\/div>\n\t\t\t\t\t<\/div>\n\t\t<\/section>\n\t\t\t\t<\/div>","protected":false},"excerpt":{"rendered":"<p>Preki\u0173 Gr\u0105\u017einimo Taisykl\u0117s\u00a0 Kokybi\u0161k\u0173 preki\u0173 gr\u0105\u017einimas per 14 dien\u0173 pirkt\u0173 internetin\u0117je parduotuv\u0117je&nbsp;keitimas ir gr\u0105\u017einimas J\u016bs turite teis\u0119, nenurodydami prie\u017easties, ta\u010diau patys apmok\u0117dami prek\u0117s gr\u0105\u017einimo ka\u0161t\u0173 i\u0161laidas, per keturiolika dien\u0173 (nuo pirkimo dienos) atsisakyti prek\u0117s. Per 14 dien\u0173 gr\u0105\u017einamos prek\u0117s turi b\u016bti tvarkingos:1.&nbsp;gr\u0105\u017einama prek\u0117 turi b\u016bti originalioje tvarkingoje pakuot\u0117je, tokioje kokioje gavote i\u0161 pardav\u0117jo;2. prek\u0117 turi [&hellip;]<\/p>","protected":false},"author":1,"featured_media":0,"parent":0,"menu_order":0,"comment_status":"closed","ping_status":"closed","template":"","meta":{"ocean_post_layout":"","ocean_both_sidebars_style":"","ocean_both_sidebars_content_width":0,"ocean_both_sidebars_sidebars_width":0,"ocean_sidebar":"0","ocean_second_sidebar":"0","ocean_disable_margins":"enable","ocean_add_body_class":"","ocean_shortcode_before_top_bar":"","ocean_shortcode_after_top_bar":"","ocean_shortcode_before_header":"","ocean_shortcode_after_header":"","ocean_has_shortcode":"","ocean_shortcode_after_title":"","ocean_shortcode_before_footer_widgets":"","ocean_shortcode_after_footer_widgets":"","ocean_shortcode_before_footer_bottom":"","ocean_shortcode_after_footer_bottom":"","ocean_display_top_bar":"default","ocean_display_header":"default","ocean_header_style":"","ocean_center_header_left_menu":"0","ocean_custom_header_template":"0","ocean_custom_logo":0,"ocean_custom_retina_logo":0,"ocean_custom_logo_max_width":0,"ocean_custom_logo_tablet_max_width":0,"ocean_custom_logo_mobile_max_width":0,"ocean_custom_logo_max_height":0,"ocean_custom_logo_tablet_max_height":0,"ocean_custom_logo_mobile_max_height":0,"ocean_header_custom_menu":"0","ocean_menu_typo_font_family":"0","ocean_menu_typo_font_subset":"","ocean_menu_typo_font_size":0,"ocean_menu_typo_font_size_tablet":0,"ocean_menu_typo_font_size_mobile":0,"ocean_menu_typo_font_size_unit":"px","ocean_menu_typo_font_weight":"","ocean_menu_typo_font_weight_tablet":"","ocean_menu_typo_font_weight_mobile":"","ocean_menu_typo_transform":"","ocean_menu_typo_transform_tablet":"","ocean_menu_typo_transform_mobile":"","ocean_menu_typo_line_height":0,"ocean_menu_typo_line_height_tablet":0,"ocean_menu_typo_line_height_mobile":0,"ocean_menu_typo_line_height_unit":"","ocean_menu_typo_spacing":0,"ocean_menu_typo_spacing_tablet":0,"ocean_menu_typo_spacing_mobile":0,"ocean_menu_typo_spacing_unit":"","ocean_menu_link_color":"","ocean_menu_link_color_hover":"","ocean_menu_link_color_active":"","ocean_menu_link_background":"","ocean_menu_link_hover_background":"","ocean_menu_link_active_background":"","ocean_menu_social_links_bg":"","ocean_menu_social_hover_links_bg":"","ocean_menu_social_links_color":"","ocean_menu_social_hover_links_color":"","ocean_disable_title":"default","ocean_disable_heading":"default","ocean_post_title":"","ocean_post_subheading":"","ocean_post_title_style":"","ocean_post_title_background_color":"","ocean_post_title_background":0,"ocean_post_title_bg_image_position":"","ocean_post_title_bg_image_attachment":"","ocean_post_title_bg_image_repeat":"","ocean_post_title_bg_image_size":"","ocean_post_title_height":0,"ocean_post_title_bg_overlay":0.5,"ocean_post_title_bg_overlay_color":"","ocean_disable_breadcrumbs":"default","ocean_breadcrumbs_color":"","ocean_breadcrumbs_separator_color":"","ocean_breadcrumbs_links_color":"","ocean_breadcrumbs_links_hover_color":"","ocean_display_footer_widgets":"default","ocean_display_footer_bottom":"default","ocean_custom_footer_template":"0","footnotes":""},"class_list":["post-2846","page","type-page","status-publish","hentry","entry","owp-thumbs-layout-horizontal","owp-btn-normal","owp-tabs-layout-horizontal","has-no-thumbnails","has-product-nav"],"jetpack_sharing_enabled":true,"_links":{"self":[{"href":"https:\/\/1-bit.eu\/lt\/wp-json\/wp\/v2\/pages\/2846","targetHints":{"allow":["GET"]}}],"collection":[{"href":"https:\/\/1-bit.eu\/lt\/wp-json\/wp\/v2\/pages"}],"about":[{"href":"https:\/\/1-bit.eu\/lt\/wp-json\/wp\/v2\/types\/page"}],"author":[{"embeddable":true,"href":"https:\/\/1-bit.eu\/lt\/wp-json\/wp\/v2\/users\/1"}],"replies":[{"embeddable":true,"href":"https:\/\/1-bit.eu\/lt\/wp-json\/wp\/v2\/comments?post=2846"}],"version-history":[{"count":20,"href":"https:\/\/1-bit.eu\/lt\/wp-json\/wp\/v2\/pages\/2846\/revisions"}],"predecessor-version":[{"id":5383,"href":"https:\/\/1-bit.eu\/lt\/wp-json\/wp\/v2\/pages\/2846\/revisions\/5383"}],"wp:attachment":[{"href":"https:\/\/1-bit.eu\/lt\/wp-json\/wp\/v2\/media?parent=2846"}],"curies":[{"name":"wp","href":"https:\/\/api.w.org\/{rel}","templated":true}]}}