{"id":3354,"date":"2022-08-30T07:11:07","date_gmt":"2022-08-30T07:11:07","guid":{"rendered":"https:\/\/1-bit.eu\/?page_id=3354"},"modified":"2022-09-06T14:00:28","modified_gmt":"2022-09-06T14:00:28","slug":"elementor-3354","status":"publish","type":"page","link":"https:\/\/1-bit.eu\/lt\/elementor-3354\/","title":{"rendered":"Preki\u0173 Pristatymo Taisykl\u0117s Ir S\u0105lygos"},"content":{"rendered":"<div data-elementor-type=\"wp-page\" data-elementor-id=\"3354\" class=\"elementor elementor-3354\">\n\t\t\t\t\t\t<section class=\"elementor-section elementor-top-section elementor-element elementor-element-b6d5744 elementor-section-boxed elementor-section-height-default elementor-section-height-default\" data-id=\"b6d5744\" data-element_type=\"section\">\n\t\t\t\t\t\t<div class=\"elementor-container elementor-column-gap-default\">\n\t\t\t\t\t<div class=\"elementor-column elementor-col-100 elementor-top-column elementor-element elementor-element-5052034\" data-id=\"5052034\" data-element_type=\"column\">\n\t\t\t<div class=\"elementor-widget-wrap elementor-element-populated\">\n\t\t\t\t\t\t<div class=\"elementor-element elementor-element-c64cd7b elementor-widget elementor-widget-heading\" data-id=\"c64cd7b\" data-element_type=\"widget\" data-widget_type=\"heading.default\">\n\t\t\t\t<div class=\"elementor-widget-container\">\n\t\t\t\t\t<h2 class=\"elementor-heading-title elementor-size-default\">PREKI\u0172 PRISTATYMO TAISYKL\u0116S IR S\u0104LYGOS<\/h2>\t\t\t\t<\/div>\n\t\t\t\t<\/div>\n\t\t\t\t\t<\/div>\n\t\t<\/div>\n\t\t\t\t\t<\/div>\n\t\t<\/section>\n\t\t\t\t<section class=\"elementor-section elementor-top-section elementor-element elementor-element-2361218 elementor-section-boxed elementor-section-height-default elementor-section-height-default\" data-id=\"2361218\" data-element_type=\"section\">\n\t\t\t\t\t\t<div class=\"elementor-container elementor-column-gap-default\">\n\t\t\t\t\t<div class=\"elementor-column elementor-col-100 elementor-top-column elementor-element elementor-element-3435ee6\" data-id=\"3435ee6\" data-element_type=\"column\">\n\t\t\t<div class=\"elementor-widget-wrap elementor-element-populated\">\n\t\t\t\t\t\t<div class=\"elementor-element elementor-element-28f5005 elementor-widget elementor-widget-spacer\" data-id=\"28f5005\" data-element_type=\"widget\" data-widget_type=\"spacer.default\">\n\t\t\t\t<div class=\"elementor-widget-container\">\n\t\t\t\t\t\t\t<div class=\"elementor-spacer\">\n\t\t\t<div class=\"elementor-spacer-inner\"><\/div>\n\t\t<\/div>\n\t\t\t\t\t\t<\/div>\n\t\t\t\t<\/div>\n\t\t\t\t\t<\/div>\n\t\t<\/div>\n\t\t\t\t\t<\/div>\n\t\t<\/section>\n\t\t\t\t<section class=\"elementor-section elementor-top-section elementor-element elementor-element-3372bb7 elementor-section-boxed elementor-section-height-default elementor-section-height-default\" data-id=\"3372bb7\" data-element_type=\"section\">\n\t\t\t\t\t\t<div class=\"elementor-container elementor-column-gap-default\">\n\t\t\t\t\t<div class=\"elementor-column elementor-col-100 elementor-top-column elementor-element elementor-element-b1e2808\" data-id=\"b1e2808\" data-element_type=\"column\">\n\t\t\t<div class=\"elementor-widget-wrap elementor-element-populated\">\n\t\t\t\t\t\t<div class=\"elementor-element elementor-element-6660a19 elementor-widget elementor-widget-image\" data-id=\"6660a19\" data-element_type=\"widget\" data-widget_type=\"image.default\">\n\t\t\t\t<div class=\"elementor-widget-container\">\n\t\t\t\t\t\t\t\t\t\t\t\t\t\t\t<img fetchpriority=\"high\" decoding=\"async\" width=\"800\" height=\"450\" src=\"https:\/\/1-bit.eu\/wp-content\/uploads\/2022\/08\/dreamstime_xxl_72569159-800x450.jpg\" class=\"attachment-ocean-thumb-ml size-ocean-thumb-ml wp-image-3356\" alt=\"\" \/>\t\t\t\t\t\t\t\t\t\t\t\t\t\t\t<\/div>\n\t\t\t\t<\/div>\n\t\t\t\t\t<\/div>\n\t\t<\/div>\n\t\t\t\t\t<\/div>\n\t\t<\/section>\n\t\t\t\t<section class=\"elementor-section elementor-top-section elementor-element elementor-element-842c2bb elementor-section-boxed elementor-section-height-default elementor-section-height-default\" data-id=\"842c2bb\" data-element_type=\"section\">\n\t\t\t\t\t\t<div class=\"elementor-container elementor-column-gap-default\">\n\t\t\t\t\t<div class=\"elementor-column elementor-col-100 elementor-top-column elementor-element elementor-element-228ed11\" data-id=\"228ed11\" data-element_type=\"column\">\n\t\t\t<div class=\"elementor-widget-wrap elementor-element-populated\">\n\t\t\t\t\t\t<div class=\"elementor-element elementor-element-211121e elementor-widget elementor-widget-text-editor\" data-id=\"211121e\" data-element_type=\"widget\" data-widget_type=\"text-editor.default\">\n\t\t\t\t<div class=\"elementor-widget-container\">\n\t\t\t\t\t\t\t\t\t<p style=\"font-variant-ligatures: normal; font-variant-caps: normal; font-family: Roboto, sans-serif; font-size: 14px; font-style: normal;\">Preki\u0173<b> pristatymo taisykl\u0117s ir s\u0105lygos:<\/b><\/p><p style=\"font-variant-ligatures: normal; font-variant-caps: normal; font-family: Roboto, sans-serif; font-size: 14px; font-style: normal; font-weight: 400;\">1.\u00a0<span style=\"font-size: 14px; color: var( --e-global-color-text );\">Prek\u0117s pa\u017eym\u0117tos \u2013 \u201e<strong>Paruo\u0161ta<\/strong>\u201c yra paruo\u0161tos atsiimti m\u016bs\u0173 fizin\u0117je lokacijoje darbo dienomis ir \u0161e\u0161tadieniais nuo 10.00 iki 18.00 valandos atlikus u\u017esakym\u0105 internetu. Nuo validaus u\u017esakymo prad\u017eios b\u016bsite informuoti el. pa\u0161tu. <\/span><span style=\"font-size: 14px; color: var( --e-global-color-text );\">\u00a0<\/span><span style=\"color: var( --e-global-color-text ); font-family: Roboto, sans-serif; font-size: 14px; font-style: normal; font-variant-ligatures: normal; font-variant-caps: normal; font-weight: 400;\">\u00a0<br \/><\/span><\/p><p style=\"font-variant-ligatures: normal; font-variant-caps: normal; font-family: Roboto, sans-serif; font-size: 14px; font-style: normal; font-weight: 400;\"><span style=\"font-family: Roboto, sans-serif; font-size: 14px; font-style: normal; font-variant-ligatures: normal; font-variant-caps: normal; font-weight: 400; color: var( --e-global-color-text );\">2.\u00a0<\/span><span style=\"font-family: Roboto, sans-serif; font-size: 14px; font-style: normal; font-variant-ligatures: normal; font-variant-caps: normal; font-weight: 400; color: var( --e-global-color-text );\">Prek\u0117s u\u017esakytos internetin\u0117je parduotuv\u0117je yra pristatomos J\u016bs\u0173 pasirinkimu: atsi\u0117mimas fizin\u0117je vietoje, siuntos i\u0161siuntimas J\u016bs\u0173 adresu &#8211; atliekama &#8211; AB <\/span><b style=\"font-family: Roboto, sans-serif; font-size: 14px; font-style: normal; font-variant-ligatures: normal; font-variant-caps: normal; color: var( --e-global-color-text );\">Lietuvos pa\u0161tas<\/b><span style=\"font-family: Roboto, sans-serif; font-size: 14px; font-style: normal; font-variant-ligatures: normal; font-variant-caps: normal; font-weight: 400; color: var( --e-global-color-text );\">, AB <\/span><b style=\"font-family: Roboto, sans-serif; font-size: 14px; font-style: normal; font-variant-ligatures: normal; font-variant-caps: normal; color: var( --e-global-color-text );\">LP EXPRESS <\/b><span style=\"font-family: Roboto, sans-serif; font-size: 14px; font-style: normal; font-variant-ligatures: normal; font-variant-caps: normal; font-weight: 400; color: var( --e-global-color-text );\">(Pa\u0161tomatu arba Kurjieriu Siunta)<\/span><b style=\"font-family: Roboto, sans-serif; font-size: 14px; font-style: normal; font-variant-ligatures: normal; font-variant-caps: normal; color: var( --e-global-color-text );\">, <\/b><span style=\"font-family: Roboto, sans-serif; font-size: 14px; font-style: normal; font-variant-ligatures: normal; font-variant-caps: normal; font-weight: 400; color: var( --e-global-color-text );\">pristatymo laikas trunka priklausomai nuo tre\u010di\u0173j\u0173 \u0161ali\u0173 u\u017eimtumo ir pristatymo galimybi\u0173. <strong>Vidutini\u0161kas pristatymo laikas 2 d.d.<\/strong><br \/><\/span><\/p><p style=\"font-variant-ligatures: normal; font-variant-caps: normal; font-family: Roboto, sans-serif; font-size: 14px; font-style: normal; font-weight: 400;\">3.\u00a0<span style=\"font-size: 14px; color: var( --e-global-color-text );\">Tre\u010di\u0173j\u0173 \u0161ali\u0173 preki\u0173 pristatymo metu, d\u0117l nekokybi\u0161kai pristatyt\u0173 preki\u0173, kas sudaro \u012ftak\u0105 prek\u0117s i\u0161vaizdai, funkcionalumui ar kitoms s\u0105vyb\u0117ms, kurios neatitinka pirmin\u0117s prek\u0117s ar preki\u0173 s\u0105lyg\u0173 \u2013 pardav\u0117jas neprisiima atsakomyb\u0117s. Pardav\u0117jo pasirinkimu, galimas tarpininkavimas pasidalinant pirminio prek\u0117s paruo\u0161imo siuntimui informacija (pasirinktinai svoris, jei yra galimyb\u0117 prek\u0117s ar preki\u0173 nuotrauka, nuotraukomis prie\u0161 i\u0161siuntim\u0105).<br \/><\/span><\/p><p style=\"font-variant-ligatures: normal; font-variant-caps: normal; font-family: Roboto, sans-serif; font-size: 14px; font-style: normal; font-weight: 400;\"><span style=\"font-size: 14px; color: var( --e-global-color-text );\">4. Prek\u0117s, kurios yra nepa\u017eym\u0117tos \u2013 \u201eParuo\u0161ta\u201c \u2013 <strong>paruo\u0161imas vidutini\u0161kai trunka iki 3 d.d<\/strong>. \u2013 pardav\u0117jas pasiliek\u0105 teis\u0119 u\u017esakymus \u012fvykdyti per 30 kalendorini\u0173 dien\u0173. Jeigu u\u017esakymas n\u0117ra \u012fvykdomas per \u0161\u012f laik\u0105, pirk\u0117jas turi teis\u0119, laisva forma para\u0161ydamas pra\u0161ym\u0105 at\u0161aukti u\u017esakym\u0105 ir atgauti visus sumok\u0117tus pinigus u\u017e prek\u0119, prek\u0117s, paslaug\u0105 ar paslaugas. Jeigu tai yra prek\u0117s ar paslaugos, kurioms reikalinga speciali modifikacija i\u0161skirtiniu pirk\u0117jo pra\u0161ymu \u0161is punktas n\u0117ra taikomas, idant d\u0117l neprognozuojamo ar verslo proces\u0173 eigoje neapra\u0161yto poreikio \u012fgyvendinimo laiko.<br \/><\/span><\/p><p style=\"font-variant-ligatures: normal; font-variant-caps: normal; font-family: Roboto, sans-serif; font-size: 14px; font-style: normal; font-weight: 400;\">5. U\u017esakymas tampa validus tada, kada pardav\u0117jas gauna viso u\u017esakymo informacij\u0105, bei piln\u0105 sum\u0105 u\u017e prek\u0119, prek\u0117s, paslaug\u0105 ar paslaugas. Pardav\u0117jui gavus informacij\u0105 bei sum\u0105, pardav\u0117jas privalo per \u012fmanom\u0105 trumpiausi\u0105 laik\u0105 pirk\u0117jui (fiziniams ar juridiniams asmenims) suteikti s\u0105skaitos fakt\u016br\u0105 \u2013 <strong>pardav\u0117jas yra ne PVM mok\u0117tojas, d\u0117l to suteikiama s\u0105skaita yra ne PVM<\/strong>. Apie valid\u0173 u\u017esakym\u0105 \u2013 pardav\u0117jas informuoja pirk\u0117j\u0105 elektroniniu lai\u0161ku. Jeigu yra poreikis, <strong>pirk\u0117jas turi teis\u0119 papra\u0161yti pardav\u0117jo i\u0161ankstin\u0117s s\u0105skaitos fakt\u016bros<\/strong>, yra traktuojama, kad pirk\u0117jas apmok\u0117j\u0119s i\u0161ankstin\u0119 s\u0105skaitos fakt\u016br\u0105, s\u0105skaitos fakt\u016br\u0105 ar atlik\u0119s bankin\u012f apmok\u0117jim\u0105 &#8211; sutinka su pardav\u0117jo pardavimo s\u0105lygomis: <strong>privatumo politika<\/strong>, <strong>preki\u0173 gr\u0105\u017einimo taisykl\u0117mis<\/strong>, <strong>preki\u0173 pristatymo s\u0105lygomis ir taisykl\u0117mis, bei tre\u010di\u0173j\u0173 \u0161ali\u0173 s\u0105lygomis, taisykl\u0117mis ar sutartimis <\/strong>skirtomis u\u017esakymo vykdimui ar kitomis taisykl\u0117mis apra\u0161ytomis pardav\u0117jo internetin\u0117me puslapyje &#8211; https:\/\/1-bit.eu\/lt\/ .\u00a0<\/p><p style=\"font-variant-ligatures: normal; font-variant-caps: normal; font-family: Roboto, sans-serif; font-size: 14px; font-style: normal; font-weight: 400;\">6. U\u017esakymo \u012fvykdimui yra pasitelkiamos tre\u010di\u0173j\u0173 \u0161ali\u0173 paslaugos \u2013 siunt\u0173 tarnybos \u2013 prek\u0117s ar preki\u0173 pristatymui; bankai \u2013 bankin\u0117ms operacijoms fasilituoti; distribucin\u0117s \u012fmon\u0117s \u2013 fizini\u0173 preki\u0173 logistikai ir kit\u0173 fizini\u0173 i\u0161tekli\u0173 platinimui. Jeigu pirk\u0117jo u\u017esakyme reikalingos tre\u010di\u0173j\u0173 \u0161ali\u0173 paslaugos pirk\u0117jas atlikdamas u\u017esakym\u0105 sutinka su tre\u010di\u0173j\u0173 \u0161ali\u0173 taisykl\u0117mis bei s\u0105lygomis. Tre\u010di\u0173j\u0173 \u0161ali\u0173 sutartys, taisykl\u0117s ar s\u0105lygas rasite \u010dia &#8211;\u00a0<a style=\"font-size: 14px; background-color: #ffffff;\" href=\"https:\/\/www.paysera.com\/v2\/lt\/sutartys\" target=\"_blank\" rel=\"noopener\">UAB LT Paysera\u00a0<\/a>;\u00a0\u00a0<a style=\"font-size: 14px; background-color: #ffffff;\" href=\"https:\/\/www.post.lt\/teisine-ir-finansine-informacija\" target=\"_blank\" rel=\"noopener\">Baltic Post, AB &#8211; LP Express<\/a>\u00a0;\u00a0<a style=\"font-size: 14px; background-color: #ffffff;\" href=\"https:\/\/www.post.lt\/teisine-ir-finansine-informacija\" target=\"_blank\" rel=\"noopener\">AB Lietuvos Pa\u0161tas<\/a>\u00a0.<\/p><p style=\"font-variant-ligatures: normal; font-variant-caps: normal; font-family: Roboto, sans-serif; font-size: 14px; font-style: normal;\"><span style=\"font-weight: 400;\">7. Pardav\u0117jas pasilieka teis\u0119 viena\u0161ali\u0161kai neaptarnauti nepageidaujam\u0173 fizini\u0173 ar juridini\u0173 asmen\u0173, ar d\u0117l kit\u0173 nesusiejusi\u0173 prie\u017eas\u010di\u0173 nutraukti u\u017esakym\u0105 informuodamas pirk\u0117j\u0105 d\u0117l u\u017esakymo nutraukimo ar ne\u012fvykdimo, jeigu u\u017e fizinio produkto u\u017esakym\u0105 yra sumok\u0117ta <\/span><b>pardav\u0117jas privalo gr\u0105\u017einti pirk\u0117jui pinigus per 14 d.d<\/b>. nuo viena\u0161ali\u0161ko u\u017esakymo nutraukimo.\u00a0<\/p><p>8.\u00a0 Prek\u0117s ar preki\u0173 i\u0161siuntimo atv\u0117ju, kai bendra preki\u0173 suma <strong>tolygi arba didesn\u0117 nei 399.99<\/strong> <strong>EUR be PVM<\/strong> , bei bendras preki\u0173 svoris nevir\u0161ija 20 kilogram\u0173<b> &#8211; yra suteikiamas nemokamas pristatytimas Lietuvoje.<\/b><\/p>\t\t\t\t\t\t\t\t<\/div>\n\t\t\t\t<\/div>\n\t\t\t\t\t<\/div>\n\t\t<\/div>\n\t\t\t\t\t<\/div>\n\t\t<\/section>\n\t\t\t\t<\/div>","protected":false},"excerpt":{"rendered":"<p>PREKI\u0172 PRISTATYMO TAISYKL\u0116S IR S\u0104LYGOS Preki\u0173 pristatymo taisykl\u0117s ir s\u0105lygos: 1.\u00a0Prek\u0117s pa\u017eym\u0117tos \u2013 \u201eParuo\u0161ta\u201c yra paruo\u0161tos atsiimti m\u016bs\u0173 fizin\u0117je lokacijoje darbo dienomis ir \u0161e\u0161tadieniais nuo 10.00 iki 18.00 valandos atlikus u\u017esakym\u0105 internetu. Nuo validaus u\u017esakymo prad\u017eios b\u016bsite informuoti el. pa\u0161tu. \u00a0\u00a0 2.\u00a0Prek\u0117s u\u017esakytos internetin\u0117je parduotuv\u0117je yra pristatomos J\u016bs\u0173 pasirinkimu: atsi\u0117mimas fizin\u0117je vietoje, siuntos i\u0161siuntimas J\u016bs\u0173 [&hellip;]<\/p>","protected":false},"author":1,"featured_media":0,"parent":0,"menu_order":0,"comment_status":"closed","ping_status":"closed","template":"","meta":{"ocean_post_layout":"","ocean_both_sidebars_style":"","ocean_both_sidebars_content_width":0,"ocean_both_sidebars_sidebars_width":0,"ocean_sidebar":"0","ocean_second_sidebar":"0","ocean_disable_margins":"enable","ocean_add_body_class":"","ocean_shortcode_before_top_bar":"","ocean_shortcode_after_top_bar":"","ocean_shortcode_before_header":"","ocean_shortcode_after_header":"","ocean_has_shortcode":"","ocean_shortcode_after_title":"","ocean_shortcode_before_footer_widgets":"","ocean_shortcode_after_footer_widgets":"","ocean_shortcode_before_footer_bottom":"","ocean_shortcode_after_footer_bottom":"","ocean_display_top_bar":"default","ocean_display_header":"default","ocean_header_style":"","ocean_center_header_left_menu":"0","ocean_custom_header_template":"0","ocean_custom_logo":0,"ocean_custom_retina_logo":0,"ocean_custom_logo_max_width":0,"ocean_custom_logo_tablet_max_width":0,"ocean_custom_logo_mobile_max_width":0,"ocean_custom_logo_max_height":0,"ocean_custom_logo_tablet_max_height":0,"ocean_custom_logo_mobile_max_height":0,"ocean_header_custom_menu":"0","ocean_menu_typo_font_family":"0","ocean_menu_typo_font_subset":"","ocean_menu_typo_font_size":0,"ocean_menu_typo_font_size_tablet":0,"ocean_menu_typo_font_size_mobile":0,"ocean_menu_typo_font_size_unit":"px","ocean_menu_typo_font_weight":"","ocean_menu_typo_font_weight_tablet":"","ocean_menu_typo_font_weight_mobile":"","ocean_menu_typo_transform":"","ocean_menu_typo_transform_tablet":"","ocean_menu_typo_transform_mobile":"","ocean_menu_typo_line_height":0,"ocean_menu_typo_line_height_tablet":0,"ocean_menu_typo_line_height_mobile":0,"ocean_menu_typo_line_height_unit":"","ocean_menu_typo_spacing":0,"ocean_menu_typo_spacing_tablet":0,"ocean_menu_typo_spacing_mobile":0,"ocean_menu_typo_spacing_unit":"","ocean_menu_link_color":"","ocean_menu_link_color_hover":"","ocean_menu_link_color_active":"","ocean_menu_link_background":"","ocean_menu_link_hover_background":"","ocean_menu_link_active_background":"","ocean_menu_social_links_bg":"","ocean_menu_social_hover_links_bg":"","ocean_menu_social_links_color":"","ocean_menu_social_hover_links_color":"","ocean_disable_title":"default","ocean_disable_heading":"default","ocean_post_title":"","ocean_post_subheading":"","ocean_post_title_style":"","ocean_post_title_background_color":"","ocean_post_title_background":0,"ocean_post_title_bg_image_position":"","ocean_post_title_bg_image_attachment":"","ocean_post_title_bg_image_repeat":"","ocean_post_title_bg_image_size":"","ocean_post_title_height":0,"ocean_post_title_bg_overlay":0.5,"ocean_post_title_bg_overlay_color":"","ocean_disable_breadcrumbs":"default","ocean_breadcrumbs_color":"","ocean_breadcrumbs_separator_color":"","ocean_breadcrumbs_links_color":"","ocean_breadcrumbs_links_hover_color":"","ocean_display_footer_widgets":"default","ocean_display_footer_bottom":"default","ocean_custom_footer_template":"0","footnotes":""},"class_list":["post-3354","page","type-page","status-publish","hentry","entry","owp-thumbs-layout-horizontal","owp-btn-normal","owp-tabs-layout-horizontal","has-no-thumbnails","has-product-nav"],"jetpack_sharing_enabled":true,"_links":{"self":[{"href":"https:\/\/1-bit.eu\/lt\/wp-json\/wp\/v2\/pages\/3354","targetHints":{"allow":["GET"]}}],"collection":[{"href":"https:\/\/1-bit.eu\/lt\/wp-json\/wp\/v2\/pages"}],"about":[{"href":"https:\/\/1-bit.eu\/lt\/wp-json\/wp\/v2\/types\/page"}],"author":[{"embeddable":true,"href":"https:\/\/1-bit.eu\/lt\/wp-json\/wp\/v2\/users\/1"}],"replies":[{"embeddable":true,"href":"https:\/\/1-bit.eu\/lt\/wp-json\/wp\/v2\/comments?post=3354"}],"version-history":[{"count":20,"href":"https:\/\/1-bit.eu\/lt\/wp-json\/wp\/v2\/pages\/3354\/revisions"}],"predecessor-version":[{"id":5353,"href":"https:\/\/1-bit.eu\/lt\/wp-json\/wp\/v2\/pages\/3354\/revisions\/5353"}],"wp:attachment":[{"href":"https:\/\/1-bit.eu\/lt\/wp-json\/wp\/v2\/media?parent=3354"}],"curies":[{"name":"wp","href":"https:\/\/api.w.org\/{rel}","templated":true}]}}