{"id":108964,"date":"2023-02-13T10:25:15","date_gmt":"2023-02-13T10:25:15","guid":{"rendered":"https:\/\/1-bit.eu\/?post_type=product&#038;p=108964"},"modified":"2023-02-13T10:25:16","modified_gmt":"2023-02-13T10:25:16","slug":"specialus-pasiulymas-nvidia-geforce-rtx-3070-i5-12400f-g-skill-16-gb-ddr4-adata-legend-700-512-gb-m-2-ssd-write-speed-1600-mb-s-read-speed-2000-mb-s","status":"publish","type":"product","link":"https:\/\/1-bit.eu\/lt\/produktas\/specialus-pasiulymas-nvidia-geforce-rtx-3070-i5-12400f-g-skill-16-gb-ddr4-adata-legend-700-512-gb-m-2-ssd-write-speed-1600-mb-s-read-speed-2000-mb-s\/","title":{"rendered":"Specialus Pasi\u016blymas: NVIDIA GeForce RTX 3070 + I5 12400F + G.Skill 16 GB, DDR4, + ADATA LEGEND 700 512 GB M.2 SSD Write speed 1600 MB\/s, Read speed 2000 MB\/s"},"content":{"rendered":"<p>Kompiuterio specifikacija:<\/p>\n<p>\u017daidim\u0173 Kompiuteris 1-BIT: ECO GAMING RTX 3070+Ti Intel Core 12+13 Karta DDR4 NVMe M.2 SSD<\/p>\n<p>SPECIFIKACIJA:<\/p>\n<p>ATNAUJINTA GPU: GeForce RTX 3070 8GB<br \/>\n12 M\u0117n garantija.<\/p>\n<p>NAUJA CPU: Intel\u00ae Core i5-12400F Processor up to 4.40 GHz.<br \/>\n36 m\u0117n garantija.<\/p>\n<p>NAUJA RAM: G.SKILL DDR4 16GB 3200MHz<br \/>\n36 m\u0117n garantija.<\/p>\n<p>NAUJA SSD Diskas: ADATA M.2 NVME 512 GB<br \/>\n36 m\u0117n garantija.<\/p>\n<p>NAUJA Mob: Mainboard BIOSTAR Intel H610 LGA1700<br \/>\n36 m\u0117n garantija.<\/p>\n<p>NAUJA XILENCE 700W POWER SUPPLY<br \/>\n36 m\u0117n garantija.<\/p>\n<p>NAUJA DeepCool GAMMAX 400K Tower Proceosriaus au\u0161intuvas.<\/p>\n<p>NAUJA Kompiuterio Korpusas: NATEC ARMADILLO<\/p>","protected":false},"excerpt":{"rendered":"<p><strong>SVEIKI, SIUN\u010cIAME SPECIAL\u0172 1-BIT KOMPIUTERIO PASI\u016aLYM\u0104<\/strong><\/p>\n<p>\u012esigijus kompiuter\u012f suteikiamas 12 m\u0117n. laikotarpyje nemokamas kompiuterio servisas &#8211; i\u0161valomos dulk\u0117s, pakei\u010diama termo pasta.<\/p>","protected":false},"featured_media":108965,"comment_status":"open","ping_status":"closed","template":"","meta":{"ocean_post_layout":"","ocean_both_sidebars_style":"","ocean_both_sidebars_content_width":0,"ocean_both_sidebars_sidebars_width":0,"ocean_sidebar":"0","ocean_second_sidebar":"0","ocean_disable_margins":"enable","ocean_add_body_class":"","ocean_shortcode_before_top_bar":"","ocean_shortcode_after_top_bar":"","ocean_shortcode_before_header":"","ocean_shortcode_after_header":"","ocean_has_shortcode":"","ocean_shortcode_after_title":"","ocean_shortcode_before_footer_widgets":"","ocean_shortcode_after_footer_widgets":"","ocean_shortcode_before_footer_bottom":"","ocean_shortcode_after_footer_bottom":"","ocean_display_top_bar":"default","ocean_display_header":"default","ocean_header_style":"","ocean_center_header_left_menu":"0","ocean_custom_header_template":"0","ocean_custom_logo":0,"ocean_custom_retina_logo":0,"ocean_custom_logo_max_width":0,"ocean_custom_logo_tablet_max_width":0,"ocean_custom_logo_mobile_max_width":0,"ocean_custom_logo_max_height":0,"ocean_custom_logo_tablet_max_height":0,"ocean_custom_logo_mobile_max_height":0,"ocean_header_custom_menu":"0","ocean_menu_typo_font_family":"0","ocean_menu_typo_font_subset":"","ocean_menu_typo_font_size":0,"ocean_menu_typo_font_size_tablet":0,"ocean_menu_typo_font_size_mobile":0,"ocean_menu_typo_font_size_unit":"px","ocean_menu_typo_font_weight":"","ocean_menu_typo_font_weight_tablet":"","ocean_menu_typo_font_weight_mobile":"","ocean_menu_typo_transform":"","ocean_menu_typo_transform_tablet":"","ocean_menu_typo_transform_mobile":"","ocean_menu_typo_line_height":0,"ocean_menu_typo_line_height_tablet":0,"ocean_menu_typo_line_height_mobile":0,"ocean_menu_typo_line_height_unit":"","ocean_menu_typo_spacing":0,"ocean_menu_typo_spacing_tablet":0,"ocean_menu_typo_spacing_mobile":0,"ocean_menu_typo_spacing_unit":"","ocean_menu_link_color":"","ocean_menu_link_color_hover":"","ocean_menu_link_color_active":"","ocean_menu_link_background":"","ocean_menu_link_hover_background":"","ocean_menu_link_active_background":"","ocean_menu_social_links_bg":"","ocean_menu_social_hover_links_bg":"","ocean_menu_social_links_color":"","ocean_menu_social_hover_links_color":"","ocean_disable_title":"default","ocean_disable_heading":"default","ocean_post_title":"","ocean_post_subheading":"","ocean_post_title_style":"","ocean_post_title_background_color":"","ocean_post_title_background":0,"ocean_post_title_bg_image_position":"","ocean_post_title_bg_image_attachment":"","ocean_post_title_bg_image_repeat":"","ocean_post_title_bg_image_size":"","ocean_post_title_height":0,"ocean_post_title_bg_overlay":0.5,"ocean_post_title_bg_overlay_color":"","ocean_disable_breadcrumbs":"default","ocean_breadcrumbs_color":"","ocean_breadcrumbs_separator_color":"","ocean_breadcrumbs_links_color":"","ocean_breadcrumbs_links_hover_color":"","ocean_display_footer_widgets":"default","ocean_display_footer_bottom":"default","ocean_custom_footer_template":"0"},"product_brand":[],"product_cat":[15],"product_tag":[],"class_list":{"0":"post-108964","1":"product","2":"type-product","3":"status-publish","4":"has-post-thumbnail","6":"product_cat-uncategorized","8":"entry","9":"has-media","11":"first","12":"instock","13":"taxable","14":"shipping-taxable","15":"purchasable","16":"product-type-simple","17":"has-product-nav","18":"col","19":"span_1_of_3","20":"owp-content-center","21":"owp-thumbs-layout-horizontal","22":"owp-btn-normal","23":"owp-tabs-layout-horizontal","24":"has-no-thumbnails"},"jetpack_sharing_enabled":true,"_links":{"self":[{"href":"https:\/\/1-bit.eu\/lt\/wp-json\/wp\/v2\/product\/108964","targetHints":{"allow":["GET"]}}],"collection":[{"href":"https:\/\/1-bit.eu\/lt\/wp-json\/wp\/v2\/product"}],"about":[{"href":"https:\/\/1-bit.eu\/lt\/wp-json\/wp\/v2\/types\/product"}],"replies":[{"embeddable":true,"href":"https:\/\/1-bit.eu\/lt\/wp-json\/wp\/v2\/comments?post=108964"}],"version-history":[{"count":1,"href":"https:\/\/1-bit.eu\/lt\/wp-json\/wp\/v2\/product\/108964\/revisions"}],"predecessor-version":[{"id":108966,"href":"https:\/\/1-bit.eu\/lt\/wp-json\/wp\/v2\/product\/108964\/revisions\/108966"}],"wp:featuredmedia":[{"embeddable":true,"href":"https:\/\/1-bit.eu\/lt\/wp-json\/wp\/v2\/media\/108965"}],"wp:attachment":[{"href":"https:\/\/1-bit.eu\/lt\/wp-json\/wp\/v2\/media?parent=108964"}],"wp:term":[{"taxonomy":"product_brand","embeddable":true,"href":"https:\/\/1-bit.eu\/lt\/wp-json\/wp\/v2\/product_brand?post=108964"},{"taxonomy":"product_cat","embeddable":true,"href":"https:\/\/1-bit.eu\/lt\/wp-json\/wp\/v2\/product_cat?post=108964"},{"taxonomy":"product_tag","embeddable":true,"href":"https:\/\/1-bit.eu\/lt\/wp-json\/wp\/v2\/product_tag?post=108964"}],"curies":[{"name":"wp","href":"https:\/\/api.w.org\/{rel}","templated":true}]}}