{"id":13090,"date":"2022-12-08T08:48:49","date_gmt":"2022-12-08T08:48:49","guid":{"rendered":"https:\/\/1-bit.eu\/product\/razer-raptor-gaming-monitor-27-rz39-03500100-r3g1-27-ips-qhd-2560-x-1440-pixels-420-380-typical-cd-m%c2%b2-black-hdmi-ports-quantity-1-165-hz\/"},"modified":"2023-06-04T16:31:02","modified_gmt":"2023-06-04T16:31:02","slug":"razer-raptor-gaming-monitor-27-rz39-03500100-r3g1-27-ips-qhd-2560-x-1440-pixels-420-380-typical-cd-m%c2%b2-black-hdmi-ports-quantity-1-165-hz","status":"publish","type":"product","link":"https:\/\/1-bit.eu\/lt\/produktas\/razer-raptor-gaming-monitor-27-rz39-03500100-r3g1-27-ips-qhd-2560-x-1440-pixels-420-380-typical-cd-m%c2%b2-black-hdmi-ports-quantity-1-165-hz\/","title":{"rendered":"Razer Raptor Gaming Monitor  27 RZ39-03500100-R3G1  27 &#8220;, IPS, QHD, 2560 x 1440 pixels, \t420\/ 380 Typical cd\/m\u00b2, Black, HDMI ports quantity 1, 165 Hz"},"content":{"rendered":"<table>\n<thead>\n<tr>\n<th class=\"elementor-repeater-item-764687e\" colspan=\"1\">Parameter<\/th>\n<th class=\"elementor-repeater-item-858cd28\" colspan=\"1\">Value<\/th>\n<\/tr>\n<\/thead>\n<tbody>\n<tr>\n<th class=\"elementor-repeater-item-40e19e7\" colspan=\"1\" rowspan=\"1\">Kiekis pakuot\u0117je<\/th>\n<td class=\"elementor-repeater-item-aee9316\" colspan=\"1\" rowspan=\"1\">1.00 dali\u0173<\/td>\n<\/tr>\n<tr>\n<th class=\"elementor-repeater-item-40e19e7\" colspan=\"1\" rowspan=\"1\">Integruota baterija<\/th>\n<td class=\"elementor-repeater-item-aee9316\" colspan=\"1\" rowspan=\"1\">No <\/td>\n<\/tr>\n<tr>\n<th class=\"elementor-repeater-item-40e19e7\" colspan=\"1\" rowspan=\"1\">EE\u012e atliek\u0173 mokestis<\/th>\n<td class=\"elementor-repeater-item-aee9316\" colspan=\"1\" rowspan=\"1\">Yes <\/td>\n<\/tr>\n<tr>\n<th class=\"elementor-repeater-item-40e19e7\" colspan=\"1\" rowspan=\"1\">EE\u012e klasifikacija<\/th>\n<td class=\"elementor-repeater-item-aee9316\" colspan=\"1\" rowspan=\"1\">CL109:2:2017-04-01 <\/td>\n<\/tr>\n<tr>\n<th class=\"elementor-repeater-item-40e19e7\" colspan=\"1\" rowspan=\"1\">Pakuot\u0117s gylis (mm)<\/th>\n<td class=\"elementor-repeater-item-aee9316\" colspan=\"1\" rowspan=\"1\">770 mm<\/td>\n<\/tr>\n<tr>\n<th class=\"elementor-repeater-item-40e19e7\" colspan=\"1\" rowspan=\"1\">Pakuot\u0117s auk\u0161tis (mm)<\/th>\n<td class=\"elementor-repeater-item-aee9316\" colspan=\"1\" rowspan=\"1\">585 mm<\/td>\n<\/tr>\n<tr>\n<th class=\"elementor-repeater-item-40e19e7\" colspan=\"1\" rowspan=\"1\">Bruto svoris<\/th>\n<td class=\"elementor-repeater-item-aee9316\" colspan=\"1\" rowspan=\"1\">14 kg<\/td>\n<\/tr>\n<tr>\n<th class=\"elementor-repeater-item-40e19e7\" colspan=\"1\" rowspan=\"1\">Pakuot\u0117s plotis (mm)<\/th>\n<td class=\"elementor-repeater-item-aee9316\" colspan=\"1\" rowspan=\"1\">270 mm<\/td>\n<\/tr>\n<tr>\n<th class=\"elementor-repeater-item-40e19e7\" colspan=\"1\" rowspan=\"1\">Neto svoris<\/th>\n<td class=\"elementor-repeater-item-aee9316\" colspan=\"1\" rowspan=\"1\">10.7 kg<\/td>\n<\/tr>\n<tr>\n<th class=\"elementor-repeater-item-40e19e7\" colspan=\"1\" rowspan=\"1\">Popierius\/Kartonas<\/th>\n<td class=\"elementor-repeater-item-aee9316\" colspan=\"1\" rowspan=\"1\">3000 g<\/td>\n<\/tr>\n<tr>\n<th class=\"elementor-repeater-item-40e19e7\" colspan=\"1\" rowspan=\"1\">Plastikas (be PET)<\/th>\n<td class=\"elementor-repeater-item-aee9316\" colspan=\"1\" rowspan=\"1\">300 g<\/td>\n<\/tr>\n<tr>\n<th class=\"elementor-repeater-item-40e19e7\" colspan=\"1\" rowspan=\"1\">Taros svoris (kg)<\/th>\n<td class=\"elementor-repeater-item-aee9316\" colspan=\"1\" rowspan=\"1\">3.3 kg<\/td>\n<\/tr>\n<tr>\n<th class=\"elementor-repeater-item-40e19e7\" colspan=\"1\" rowspan=\"1\">T\u016bris (m3)<\/th>\n<td class=\"elementor-repeater-item-aee9316\" colspan=\"1\" rowspan=\"1\">0.1216215 m\u00b3<\/td>\n<\/tr>\n<tr>\n<th class=\"elementor-repeater-item-40e19e7\" colspan=\"1\" rowspan=\"1\">Kontrasto santykis (standartinis)<\/th>\n<td class=\"elementor-repeater-item-aee9316\" colspan=\"1\" rowspan=\"1\">1000:1 <\/td>\n<\/tr>\n<tr>\n<th class=\"elementor-repeater-item-40e19e7\" colspan=\"1\" rowspan=\"1\">Ekrano ry\u0161kumas<\/th>\n<td class=\"elementor-repeater-item-aee9316\" colspan=\"1\" rowspan=\"1\">\t420\/ 380 Typical cd\/m\u00b2<\/td>\n<\/tr>\n<tr>\n<th class=\"elementor-repeater-item-40e19e7\" colspan=\"1\" rowspan=\"1\">Ekrano pavir\u0161ius<\/th>\n<td class=\"elementor-repeater-item-aee9316\" colspan=\"1\" rowspan=\"1\">Non-glare <\/td>\n<\/tr>\n<tr>\n<th class=\"elementor-repeater-item-40e19e7\" colspan=\"1\" rowspan=\"1\">Skydelio tipas<\/th>\n<td class=\"elementor-repeater-item-aee9316\" colspan=\"1\" rowspan=\"1\">IPS <\/td>\n<\/tr>\n<tr>\n<th class=\"elementor-repeater-item-40e19e7\" colspan=\"1\" rowspan=\"1\">HD tipas<\/th>\n<td class=\"elementor-repeater-item-aee9316\" colspan=\"1\" rowspan=\"1\">QHD <\/td>\n<\/tr>\n<tr>\n<th class=\"elementor-repeater-item-40e19e7\" colspan=\"1\" rowspan=\"1\">Jutiklinis ekranas<\/th>\n<td class=\"elementor-repeater-item-aee9316\" colspan=\"1\" rowspan=\"1\">No <\/td>\n<\/tr>\n<tr>\n<th class=\"elementor-repeater-item-40e19e7\" colspan=\"1\" rowspan=\"1\">Garantija<\/th>\n<td class=\"elementor-repeater-item-aee9316\" colspan=\"1\" rowspan=\"1\">24 m\u0117n.<\/td>\n<\/tr>\n<tr>\n<th class=\"elementor-repeater-item-40e19e7\" colspan=\"1\" rowspan=\"1\">Gamintojo prek\u0117s modelio pavadinimas<\/th>\n<td class=\"elementor-repeater-item-aee9316\" colspan=\"1\" rowspan=\"1\"> 27 RZ39-03500100-R3G1  <\/td>\n<\/tr>\n<tr>\n<th class=\"elementor-repeater-item-40e19e7\" colspan=\"1\" rowspan=\"1\">Vertikalusis matymo kampas<\/th>\n<td class=\"elementor-repeater-item-aee9316\" colspan=\"1\" rowspan=\"1\">178 \u00b0<\/td>\n<\/tr>\n<tr>\n<th class=\"elementor-repeater-item-40e19e7\" colspan=\"1\" rowspan=\"1\">Maksimalus atnaujinimo da\u017enis<\/th>\n<td class=\"elementor-repeater-item-aee9316\" colspan=\"1\" rowspan=\"1\">165 Hz<\/td>\n<\/tr>\n<tr>\n<th class=\"elementor-repeater-item-40e19e7\" colspan=\"1\" rowspan=\"1\">Matymo kampas, horizontalus<\/th>\n<td class=\"elementor-repeater-item-aee9316\" colspan=\"1\" rowspan=\"1\">178 \u00b0<\/td>\n<\/tr>\n<tr>\n<th class=\"elementor-repeater-item-40e19e7\" colspan=\"1\" rowspan=\"1\">Ekrano \u012fstri\u017eain\u0117<\/th>\n<td class=\"elementor-repeater-item-aee9316\" colspan=\"1\" rowspan=\"1\">27 col.<\/td>\n<\/tr>\n<tr>\n<th class=\"elementor-repeater-item-40e19e7\" colspan=\"1\" rowspan=\"1\">\u012emontuoti garsiakalbiai<\/th>\n<td class=\"elementor-repeater-item-aee9316\" colspan=\"1\" rowspan=\"1\">No <\/td>\n<\/tr>\n<tr>\n<th class=\"elementor-repeater-item-40e19e7\" colspan=\"1\" rowspan=\"1\">Gaminio spalva<\/th>\n<td class=\"elementor-repeater-item-aee9316\" colspan=\"1\" rowspan=\"1\">Black <\/td>\n<\/tr>\n<tr>\n<th class=\"elementor-repeater-item-40e19e7\" colspan=\"1\" rowspan=\"1\">Integruotas TV imtuvas<\/th>\n<td class=\"elementor-repeater-item-aee9316\" colspan=\"1\" rowspan=\"1\">No <\/td>\n<\/tr>\n<tr>\n<th class=\"elementor-repeater-item-40e19e7\" colspan=\"1\" rowspan=\"1\">USB prievad\u0173 kiekis<\/th>\n<td class=\"elementor-repeater-item-aee9316\" colspan=\"1\" rowspan=\"1\">USB-C (Support for DP 1.4 in Alt Mode); 2x USB-A 3.2 Gen 1 <\/td>\n<\/tr>\n<tr>\n<th class=\"elementor-repeater-item-40e19e7\" colspan=\"1\" rowspan=\"1\">HDMI prievad\u0173 kiekis<\/th>\n<td class=\"elementor-repeater-item-aee9316\" colspan=\"1\" rowspan=\"1\">1 <\/td>\n<\/tr>\n<tr>\n<th class=\"elementor-repeater-item-40e19e7\" colspan=\"1\" rowspan=\"1\">Ekranas<\/th>\n<td class=\"elementor-repeater-item-aee9316\" colspan=\"1\" rowspan=\"1\">2560 x 1440 pikseliai<\/td>\n<\/tr>\n<tr>\n<th class=\"elementor-repeater-item-40e19e7\" colspan=\"1\" rowspan=\"1\">Gamintojo prek\u0117s serija<\/th>\n<td class=\"elementor-repeater-item-aee9316\" colspan=\"1\" rowspan=\"1\">Raptor Gaming Monitor <\/td>\n<\/tr>\n<tr>\n<th class=\"elementor-repeater-item-40e19e7\" colspan=\"1\" rowspan=\"1\">Kitos savyb\u0117s<\/th>\n<td class=\"elementor-repeater-item-aee9316\" colspan=\"1\" rowspan=\"1\"> 90\u00b0 Backwards Tilt for Easy Port Access; SYNC: NVIDIA G-Sync Compatible, AMD FreeSync Premium Supported; VESA compatible: VESA Mount adapter sold separately <\/td>\n<\/tr>\n<tr>\n<th class=\"elementor-repeater-item-40e19e7\" colspan=\"1\" rowspan=\"1\">&#8220;DisplayPort&#8221; prievad\u0173 skai\u010dius<\/th>\n<td class=\"elementor-repeater-item-aee9316\" colspan=\"1\" rowspan=\"1\">1 <\/td>\n<\/tr>\n<tr>\n<th class=\"elementor-repeater-item-40e19e7\" colspan=\"1\" rowspan=\"1\">Kabeliai prid\u0117ti<\/th>\n<td class=\"elementor-repeater-item-aee9316\" colspan=\"1\" rowspan=\"1\">1 x HDMI Cable, 1 x DisplayPort Cable, 1 x USB-C Cable, 1 x USB-A Extension Cable <\/td>\n<\/tr>\n<tr>\n<th class=\"elementor-repeater-item-40e19e7\" colspan=\"1\" rowspan=\"1\">USB-C<\/th>\n<td class=\"elementor-repeater-item-aee9316\" colspan=\"1\" rowspan=\"1\">Yes <\/td>\n<\/tr>\n<tr>\n<th class=\"elementor-repeater-item-40e19e7\" colspan=\"1\" rowspan=\"1\">USB-C maitinimo tiekimas<\/th>\n<td class=\"elementor-repeater-item-aee9316\" colspan=\"1\" rowspan=\"1\">N\/A <\/td>\n<\/tr>\n<tr>\n<th class=\"elementor-repeater-item-40e19e7\" colspan=\"1\" rowspan=\"1\">Ethernet LAN (RJ-45) prievadai<\/th>\n<td class=\"elementor-repeater-item-aee9316\" colspan=\"1\" rowspan=\"1\">No <\/td>\n<\/tr>\n<tr>\n<th class=\"elementor-repeater-item-40e19e7\" colspan=\"1\" rowspan=\"1\">Palette Qty<\/th>\n<td class=\"elementor-repeater-item-aee9316\" colspan=\"1\" rowspan=\"1\">7 dali\u0173<\/td>\n<\/tr>\n<\/tbody>\n<\/table>","protected":false},"excerpt":{"rendered":"<p>Parameter Value Kiekis pakuot\u0117je 1.00 dali\u0173 Integruota baterija No EE\u012e atliek\u0173 mokestis Yes EE\u012e klasifikacija CL109:2:2017-04-01 Pakuot\u0117s gylis (mm) 770 mm Pakuot\u0117s auk\u0161tis (mm) 585 mm Bruto svoris 14 kg Pakuot\u0117s plotis (mm) 270 mm Neto svoris 10.7 kg Popierius\/Kartonas 3000 g Plastikas (be PET) 300 g Taros svoris (kg) 3.3 kg T\u016bris (m3) 0.1216215 [&hellip;]<\/p>","protected":false},"featured_media":20076,"comment_status":"open","ping_status":"closed","template":"","meta":{"ocean_post_layout":"","ocean_both_sidebars_style":"","ocean_both_sidebars_content_width":0,"ocean_both_sidebars_sidebars_width":0,"ocean_sidebar":"","ocean_second_sidebar":"","ocean_disable_margins":"enable","ocean_add_body_class":"","ocean_shortcode_before_top_bar":"","ocean_shortcode_after_top_bar":"","ocean_shortcode_before_header":"","ocean_shortcode_after_header":"","ocean_has_shortcode":"","ocean_shortcode_after_title":"","ocean_shortcode_before_footer_widgets":"","ocean_shortcode_after_footer_widgets":"","ocean_shortcode_before_footer_bottom":"","ocean_shortcode_after_footer_bottom":"","ocean_display_top_bar":"default","ocean_display_header":"default","ocean_header_style":"","ocean_center_header_left_menu":"","ocean_custom_header_template":"","ocean_custom_logo":0,"ocean_custom_retina_logo":0,"ocean_custom_logo_max_width":0,"ocean_custom_logo_tablet_max_width":0,"ocean_custom_logo_mobile_max_width":0,"ocean_custom_logo_max_height":0,"ocean_custom_logo_tablet_max_height":0,"ocean_custom_logo_mobile_max_height":0,"ocean_header_custom_menu":"","ocean_menu_typo_font_family":"","ocean_menu_typo_font_subset":"","ocean_menu_typo_font_size":0,"ocean_menu_typo_font_size_tablet":0,"ocean_menu_typo_font_size_mobile":0,"ocean_menu_typo_font_size_unit":"px","ocean_menu_typo_font_weight":"","ocean_menu_typo_font_weight_tablet":"","ocean_menu_typo_font_weight_mobile":"","ocean_menu_typo_transform":"","ocean_menu_typo_transform_tablet":"","ocean_menu_typo_transform_mobile":"","ocean_menu_typo_line_height":0,"ocean_menu_typo_line_height_tablet":0,"ocean_menu_typo_line_height_mobile":0,"ocean_menu_typo_line_height_unit":"","ocean_menu_typo_spacing":0,"ocean_menu_typo_spacing_tablet":0,"ocean_menu_typo_spacing_mobile":0,"ocean_menu_typo_spacing_unit":"","ocean_menu_link_color":"","ocean_menu_link_color_hover":"","ocean_menu_link_color_active":"","ocean_menu_link_background":"","ocean_menu_link_hover_background":"","ocean_menu_link_active_background":"","ocean_menu_social_links_bg":"","ocean_menu_social_hover_links_bg":"","ocean_menu_social_links_color":"","ocean_menu_social_hover_links_color":"","ocean_disable_title":"default","ocean_disable_heading":"default","ocean_post_title":"","ocean_post_subheading":"","ocean_post_title_style":"","ocean_post_title_background_color":"","ocean_post_title_background":0,"ocean_post_title_bg_image_position":"","ocean_post_title_bg_image_attachment":"","ocean_post_title_bg_image_repeat":"","ocean_post_title_bg_image_size":"","ocean_post_title_height":0,"ocean_post_title_bg_overlay":0.5,"ocean_post_title_bg_overlay_color":"","ocean_disable_breadcrumbs":"default","ocean_breadcrumbs_color":"","ocean_breadcrumbs_separator_color":"","ocean_breadcrumbs_links_color":"","ocean_breadcrumbs_links_hover_color":"","ocean_display_footer_widgets":"default","ocean_display_footer_bottom":"default","ocean_custom_footer_template":""},"product_brand":[],"product_cat":[212,205],"product_tag":[],"class_list":{"0":"post-13090","1":"product","2":"type-product","3":"status-publish","4":"has-post-thumbnail","6":"product_cat-monitoriai","7":"product_cat-monitoriai-projektoriai-ekranai","9":"entry","10":"has-media","12":"first","13":"instock","14":"taxable","15":"shipping-taxable","16":"purchasable","17":"product-type-simple","18":"has-product-nav","19":"col","20":"span_1_of_3","21":"owp-content-center","22":"owp-thumbs-layout-horizontal","23":"owp-btn-normal","24":"owp-tabs-layout-horizontal"},"jetpack_sharing_enabled":true,"_links":{"self":[{"href":"https:\/\/1-bit.eu\/lt\/wp-json\/wp\/v2\/product\/13090","targetHints":{"allow":["GET"]}}],"collection":[{"href":"https:\/\/1-bit.eu\/lt\/wp-json\/wp\/v2\/product"}],"about":[{"href":"https:\/\/1-bit.eu\/lt\/wp-json\/wp\/v2\/types\/product"}],"replies":[{"embeddable":true,"href":"https:\/\/1-bit.eu\/lt\/wp-json\/wp\/v2\/comments?post=13090"}],"version-history":[{"count":3,"href":"https:\/\/1-bit.eu\/lt\/wp-json\/wp\/v2\/product\/13090\/revisions"}],"predecessor-version":[{"id":142105,"href":"https:\/\/1-bit.eu\/lt\/wp-json\/wp\/v2\/product\/13090\/revisions\/142105"}],"wp:featuredmedia":[{"embeddable":true,"href":"https:\/\/1-bit.eu\/lt\/wp-json\/wp\/v2\/media\/20076"}],"wp:attachment":[{"href":"https:\/\/1-bit.eu\/lt\/wp-json\/wp\/v2\/media?parent=13090"}],"wp:term":[{"taxonomy":"product_brand","embeddable":true,"href":"https:\/\/1-bit.eu\/lt\/wp-json\/wp\/v2\/product_brand?post=13090"},{"taxonomy":"product_cat","embeddable":true,"href":"https:\/\/1-bit.eu\/lt\/wp-json\/wp\/v2\/product_cat?post=13090"},{"taxonomy":"product_tag","embeddable":true,"href":"https:\/\/1-bit.eu\/lt\/wp-json\/wp\/v2\/product_tag?post=13090"}],"curies":[{"name":"wp","href":"https:\/\/api.w.org\/{rel}","templated":true}]}}