{"id":140778,"date":"2023-05-23T13:01:29","date_gmt":"2023-05-23T13:01:29","guid":{"rendered":"https:\/\/1-bit.eu\/?post_type=product&#038;p=140778"},"modified":"2023-05-23T13:03:47","modified_gmt":"2023-05-23T13:03:47","slug":"specialus-pasiulymas-kompiuteris-rog-strix-rtx-3060ti-8gb-32gb-ddr5-1000gb-nvmem-m-2-fractile-desing-psu-750w-deepcool","status":"publish","type":"product","link":"https:\/\/1-bit.eu\/lt\/produktas\/specialus-pasiulymas-kompiuteris-rog-strix-rtx-3060ti-8gb-32gb-ddr5-1000gb-nvmem-m-2-fractile-desing-psu-750w-deepcool\/","title":{"rendered":"Specialus Pasi\u016blymas: Kompiuteris ROG STRIX, RTX 3060TI 8GB, 32GB DDR5, 1000GB NVMEM M.2, FRACTILE DESING, PSU 750W DeepCool"},"content":{"rendered":"<p><strong>Specifikacija:\u00a0<\/strong><\/p>\n<p><strong>Maitinimo blokas PSU:<\/strong> <a href=\"https:\/\/1-bit.eu\/lt\/produktas\/deepcool-power-supply-eu-version-pk750d-atx12v-v2-4-750-w-80-plus-bronze-certified\/\">Deepcool Power Supply, EU Version PK750D ATX12V V2.4, 750 W, 80 PLUS Bronze Certified<\/a><\/p>\n<p><strong>Operatyvioji atmintis 2X RAM:<\/strong> <a href=\"https:\/\/1-bit.eu\/lt\/produktas\/adata-ad5u480016g-s-16-gb-ddr5-4800-mhz-pc-server-registered-no-ecc-no-1x16-gb\/\">ADATA AD5U480016G-S 16 GB, DDR5, 4800 MHz, PC\/server, Registered No, ECC No<\/a><\/p>\n<p><strong>Korpusas:<\/strong> <a href=\"https:\/\/1-bit.eu\/lt\/produktas\/fractal-design-meshify-2-black-solid\/\">Fractal Design Meshify 2 Black Solid<\/a><\/p>\n<p><strong>Pagr. Plok\u0161t\u0117:<\/strong> <a href=\"https:\/\/1-bit.eu\/lt\/produktas\/asus-rog-strix-z790-e-gaming-wifi-processor-family-intel-processor-socket-lga1700-ddr5-dimm-memory-slots-4-supported-hard-disk-drive-interfaces-sata-m-2-number-of-sata-connectors-4-chipset-in\/\">Asus ROG STRIX Z790-E GAMING WIFI Processor family Intel, Processor socket LGA1700<\/a><\/p>\n<p><strong>Procesorius:<\/strong> <a href=\"https:\/\/1-bit.eu\/lt\/produktas\/intel-i5-12400f-2-5-ghz-lga1700-processor-threads-12-packing-retail-processor-cores-6-component-for-desktop\/\">Intel i5-12400F, 2.5 GHz, LGA1700, Processor threads 12, Packing Retail, Processor<\/a><\/p>\n<p><strong>SSD Diskas:<\/strong> <a href=\"https:\/\/1-bit.eu\/lt\/produktas\/adata-xpg-sx8200-pro-1000-gb-ssd-interface-m-2-nvme-write-speed-3000-mb-s-read-speed-3500-mb-s\/\">ADATA XPG SX8200 Pro 1000 GB, SSD interface M.2 NVME, Write speed 3000 MB\/s, Read<\/a><\/p>\n<p><strong>Vaizdo Plok\u0161t\u0117:<\/strong> <a href=\"https:\/\/www.zotac.com\/us\/product\/graphics_card\/zotac-gaming-geforce-rtx-3060-ti-twin-edge\">ZOTAC GAMING GeForce RTX 3060 Ti Twin Edge<\/a><\/p>\n<p>Kompiuteris komplektuojamas su <a href=\"https:\/\/www.microsoft.com\/en-us\/software-download\/windows10%20\">Microsoft Windows 10 Versija (Nemokama)\u00a0<\/a><br \/>\nKompiuterio komponentai sukonstruoti \u012f stacionaraus kompiuterio komplekt\u0105 (Nemokama)<\/p>\n<p>Garantinio aptarnavimo laikotarpis suteikiamas komponent\u0117ms 36 m\u0117n.<br \/>\nVaizdo plok\u0161t\u0117s garantinio aptarnavimo laikotarpis 12 m\u0117n.<\/p>","protected":false},"excerpt":{"rendered":"<p>SPECIALUS KOMPIUTERIO PASI\u016aLYMAS MINDAUGUI<\/p>\n<p>Detali kompiuterio specifikacija, apra\u0161yme, \u017eemiau nuotrauk\u0173.<\/p>","protected":false},"featured_media":140781,"comment_status":"open","ping_status":"closed","template":"","meta":{"ocean_post_layout":"","ocean_both_sidebars_style":"","ocean_both_sidebars_content_width":0,"ocean_both_sidebars_sidebars_width":0,"ocean_sidebar":"0","ocean_second_sidebar":"0","ocean_disable_margins":"enable","ocean_add_body_class":"","ocean_shortcode_before_top_bar":"","ocean_shortcode_after_top_bar":"","ocean_shortcode_before_header":"","ocean_shortcode_after_header":"","ocean_has_shortcode":"","ocean_shortcode_after_title":"","ocean_shortcode_before_footer_widgets":"","ocean_shortcode_after_footer_widgets":"","ocean_shortcode_before_footer_bottom":"","ocean_shortcode_after_footer_bottom":"","ocean_display_top_bar":"default","ocean_display_header":"default","ocean_header_style":"","ocean_center_header_left_menu":"0","ocean_custom_header_template":"0","ocean_custom_logo":0,"ocean_custom_retina_logo":0,"ocean_custom_logo_max_width":0,"ocean_custom_logo_tablet_max_width":0,"ocean_custom_logo_mobile_max_width":0,"ocean_custom_logo_max_height":0,"ocean_custom_logo_tablet_max_height":0,"ocean_custom_logo_mobile_max_height":0,"ocean_header_custom_menu":"0","ocean_menu_typo_font_family":"0","ocean_menu_typo_font_subset":"","ocean_menu_typo_font_size":0,"ocean_menu_typo_font_size_tablet":0,"ocean_menu_typo_font_size_mobile":0,"ocean_menu_typo_font_size_unit":"px","ocean_menu_typo_font_weight":"","ocean_menu_typo_font_weight_tablet":"","ocean_menu_typo_font_weight_mobile":"","ocean_menu_typo_transform":"","ocean_menu_typo_transform_tablet":"","ocean_menu_typo_transform_mobile":"","ocean_menu_typo_line_height":0,"ocean_menu_typo_line_height_tablet":0,"ocean_menu_typo_line_height_mobile":0,"ocean_menu_typo_line_height_unit":"","ocean_menu_typo_spacing":0,"ocean_menu_typo_spacing_tablet":0,"ocean_menu_typo_spacing_mobile":0,"ocean_menu_typo_spacing_unit":"","ocean_menu_link_color":"","ocean_menu_link_color_hover":"","ocean_menu_link_color_active":"","ocean_menu_link_background":"","ocean_menu_link_hover_background":"","ocean_menu_link_active_background":"","ocean_menu_social_links_bg":"","ocean_menu_social_hover_links_bg":"","ocean_menu_social_links_color":"","ocean_menu_social_hover_links_color":"","ocean_disable_title":"default","ocean_disable_heading":"default","ocean_post_title":"","ocean_post_subheading":"","ocean_post_title_style":"","ocean_post_title_background_color":"","ocean_post_title_background":0,"ocean_post_title_bg_image_position":"","ocean_post_title_bg_image_attachment":"","ocean_post_title_bg_image_repeat":"","ocean_post_title_bg_image_size":"","ocean_post_title_height":0,"ocean_post_title_bg_overlay":0.5,"ocean_post_title_bg_overlay_color":"","ocean_disable_breadcrumbs":"default","ocean_breadcrumbs_color":"","ocean_breadcrumbs_separator_color":"","ocean_breadcrumbs_links_color":"","ocean_breadcrumbs_links_hover_color":"","ocean_display_footer_widgets":"default","ocean_display_footer_bottom":"default","ocean_custom_footer_template":"0"},"product_brand":[],"product_cat":[15],"product_tag":[],"class_list":{"0":"post-140778","1":"product","2":"type-product","3":"status-publish","4":"has-post-thumbnail","6":"product_cat-uncategorized","8":"entry","9":"has-media","11":"first","12":"instock","13":"taxable","14":"shipping-taxable","15":"purchasable","16":"product-type-simple","17":"has-product-nav","18":"col","19":"span_1_of_3","20":"owp-content-center","21":"owp-thumbs-layout-horizontal","22":"owp-btn-normal","23":"owp-tabs-layout-horizontal"},"jetpack_sharing_enabled":true,"_links":{"self":[{"href":"https:\/\/1-bit.eu\/lt\/wp-json\/wp\/v2\/product\/140778","targetHints":{"allow":["GET"]}}],"collection":[{"href":"https:\/\/1-bit.eu\/lt\/wp-json\/wp\/v2\/product"}],"about":[{"href":"https:\/\/1-bit.eu\/lt\/wp-json\/wp\/v2\/types\/product"}],"replies":[{"embeddable":true,"href":"https:\/\/1-bit.eu\/lt\/wp-json\/wp\/v2\/comments?post=140778"}],"version-history":[{"count":4,"href":"https:\/\/1-bit.eu\/lt\/wp-json\/wp\/v2\/product\/140778\/revisions"}],"predecessor-version":[{"id":140785,"href":"https:\/\/1-bit.eu\/lt\/wp-json\/wp\/v2\/product\/140778\/revisions\/140785"}],"wp:featuredmedia":[{"embeddable":true,"href":"https:\/\/1-bit.eu\/lt\/wp-json\/wp\/v2\/media\/140781"}],"wp:attachment":[{"href":"https:\/\/1-bit.eu\/lt\/wp-json\/wp\/v2\/media?parent=140778"}],"wp:term":[{"taxonomy":"product_brand","embeddable":true,"href":"https:\/\/1-bit.eu\/lt\/wp-json\/wp\/v2\/product_brand?post=140778"},{"taxonomy":"product_cat","embeddable":true,"href":"https:\/\/1-bit.eu\/lt\/wp-json\/wp\/v2\/product_cat?post=140778"},{"taxonomy":"product_tag","embeddable":true,"href":"https:\/\/1-bit.eu\/lt\/wp-json\/wp\/v2\/product_tag?post=140778"}],"curies":[{"name":"wp","href":"https:\/\/api.w.org\/{rel}","templated":true}]}}