{"id":143998,"date":"2023-06-13T13:18:55","date_gmt":"2023-06-13T13:18:55","guid":{"rendered":"https:\/\/1-bit.eu\/?post_type=product&#038;p=143998"},"modified":"2023-06-15T06:07:51","modified_gmt":"2023-06-15T06:07:51","slug":"specialus-kompiuterio-pasiulymas-amd-ryzen-5600-asus-rtx-3060ti-8gb-ssd-adata-legend-710-2tb-m-2-memory-dimm-32gb-pc25600-ddr4-psd416g320081-patriot","status":"publish","type":"product","link":"https:\/\/1-bit.eu\/lt\/produktas\/specialus-kompiuterio-pasiulymas-amd-ryzen-5600-asus-rtx-3060ti-8gb-ssd-adata-legend-710-2tb-m-2-memory-dimm-32gb-pc25600-ddr4-psd416g320081-patriot\/","title":{"rendered":"Specialus Kompiuterio Pasi\u016blymas: AMD RYZEN 5600 | ASUS RTX 3060Ti 8GB | SSD ADATA LEGEND 710 2TB M.2 | MEMORY DIMM 32GB PC25600 DDR4 \/ PSD416G320081 PATRIOT"},"content":{"rendered":"<p><strong>Vaizdo Plok\u0161t\u0117<\/strong>: Graphics Card | ASUS | NVIDIA GeForce RTX 3060 Ti | 8 GB | GDDR6X | 256 bit | PCIE 4.0 16x | GPU 1680 MHz | Dual Slot Fansink | 1xHDMI | 3xDisplayPort | DUAL-RTX3060TI-O8GD6X &#8211; GARANTIJA 36 M\u0116N<\/p>\n<p><strong>Procesorius<\/strong>: CPU | AMD | Desktop | Ryzen 5 | 5600 | Vermeer | 3500 MHz | Cores 6 | 32MB | Socket SAM4 | 65 Watts | BOX | 100-100000927BOX &#8211; GARANTIJA 36 M\u0116N<\/p>\n<p><strong>Operatyvioji Atmintis<\/strong>: MEMORY DIMM 32GB PC25600 DDR4 \/ KF432C16BB \/ 32 KINGSTON Fury Beast | Performance Gaming | DDR4 | Module capacity 32GB | &#8211; GARANTIJA 36 M\u0116N<\/p>\n<p><strong>Pagrindin\u0117 Plok\u0161t\u0117<\/strong>: Mainboard | ASROCK | AMD B550 | SAM4 | MicroATX | 1xPCI-Express 3.0 1x | 1xM.2 | 1xPCI-Express 4.0 16x | Memory DDR4 | Memory slots 2 | 1x15pin D-sub | 1xDVI | 1xHDMI | 2xUSB 2.0 | 4xUSB 3.2 | 1xPS \/ 2 | 1xRJ45 | 3xAudio port | B550M-HDV &#8211; GARANTIJA 36 M\u0116N<\/p>\n<p><strong>Maitinimo Blokas<\/strong>: Power Supply | CHIEFTEC | 700 Watts | Efficiency 80 PLUS | PFC Active | APB-700B8-BK &#8211; GARANTIJA 36 M\u0116N<\/p>\n<p><strong>SSD Diskas<\/strong>: \u00a0ADATA | LEGEND 710 | 2TB | M.2 | PCIE | NVMe | 3D NAND | Write speed 1800 MBytes \/ sec | Read speed 2400 MBytes \/ sec | TBW 520 TB | MTBF 1500000 hours | ALEG-710-2TCS &#8211; GARANTIJA 36 M\u0116N<\/p>\n<p><strong>Korpusas<\/strong>: Case | MSI | MAG FORGE 100M | MidiTower | Not included | ATX | MicroATX | MiniITX | Colour Black | MAGFORGE100M<\/p>\n<p><strong>WIFI<\/strong>: WRL ADAPTER 433MBPS USB\/MU6H MERCUSYS<\/p>\n<p><strong>Operacin\u0117 sistema<\/strong>: Microsoft Windows 11 Pro (PC) &#8211; Microsoft Key &#8211; GLOBAL<\/p>\n<p><strong>Programin\u0117 \u012franga<\/strong>: Microsoft Office Professional Plus 2021 (PC) &#8211; Microsoft Key &#8211; GLOBAL<\/p>\n<p><strong>Paslauga:\u00a0<\/strong>Kompiuterio komponent\u0173 sukomplektavymas ir i\u0161testavimas. Microsoft operacin\u0117s sistemos \u012fdiegimas, Microsoft Office progamin\u0117s \u012frangos \u012fdiegimas.<\/p>","protected":false},"excerpt":{"rendered":"<p>SPECIALUS KOMPIUTERIO PASI\u016aLYMAS<\/p>\n<p>Kompiuterio komplektacija yra pritaikyta J\u016bs\u0173 si\u0173stiems \u017eaidimams<br \/>\nsu reikalinga programine \u012franga<\/p>","protected":false},"featured_media":144007,"comment_status":"open","ping_status":"closed","template":"","meta":{"ocean_post_layout":"","ocean_both_sidebars_style":"","ocean_both_sidebars_content_width":0,"ocean_both_sidebars_sidebars_width":0,"ocean_sidebar":"0","ocean_second_sidebar":"0","ocean_disable_margins":"enable","ocean_add_body_class":"","ocean_shortcode_before_top_bar":"","ocean_shortcode_after_top_bar":"","ocean_shortcode_before_header":"","ocean_shortcode_after_header":"","ocean_has_shortcode":"","ocean_shortcode_after_title":"","ocean_shortcode_before_footer_widgets":"","ocean_shortcode_after_footer_widgets":"","ocean_shortcode_before_footer_bottom":"","ocean_shortcode_after_footer_bottom":"","ocean_display_top_bar":"default","ocean_display_header":"default","ocean_header_style":"","ocean_center_header_left_menu":"0","ocean_custom_header_template":"0","ocean_custom_logo":0,"ocean_custom_retina_logo":0,"ocean_custom_logo_max_width":0,"ocean_custom_logo_tablet_max_width":0,"ocean_custom_logo_mobile_max_width":0,"ocean_custom_logo_max_height":0,"ocean_custom_logo_tablet_max_height":0,"ocean_custom_logo_mobile_max_height":0,"ocean_header_custom_menu":"0","ocean_menu_typo_font_family":"0","ocean_menu_typo_font_subset":"","ocean_menu_typo_font_size":0,"ocean_menu_typo_font_size_tablet":0,"ocean_menu_typo_font_size_mobile":0,"ocean_menu_typo_font_size_unit":"px","ocean_menu_typo_font_weight":"","ocean_menu_typo_font_weight_tablet":"","ocean_menu_typo_font_weight_mobile":"","ocean_menu_typo_transform":"","ocean_menu_typo_transform_tablet":"","ocean_menu_typo_transform_mobile":"","ocean_menu_typo_line_height":0,"ocean_menu_typo_line_height_tablet":0,"ocean_menu_typo_line_height_mobile":0,"ocean_menu_typo_line_height_unit":"","ocean_menu_typo_spacing":0,"ocean_menu_typo_spacing_tablet":0,"ocean_menu_typo_spacing_mobile":0,"ocean_menu_typo_spacing_unit":"","ocean_menu_link_color":"","ocean_menu_link_color_hover":"","ocean_menu_link_color_active":"","ocean_menu_link_background":"","ocean_menu_link_hover_background":"","ocean_menu_link_active_background":"","ocean_menu_social_links_bg":"","ocean_menu_social_hover_links_bg":"","ocean_menu_social_links_color":"","ocean_menu_social_hover_links_color":"","ocean_disable_title":"default","ocean_disable_heading":"default","ocean_post_title":"","ocean_post_subheading":"","ocean_post_title_style":"","ocean_post_title_background_color":"","ocean_post_title_background":0,"ocean_post_title_bg_image_position":"","ocean_post_title_bg_image_attachment":"","ocean_post_title_bg_image_repeat":"","ocean_post_title_bg_image_size":"","ocean_post_title_height":0,"ocean_post_title_bg_overlay":0.5,"ocean_post_title_bg_overlay_color":"","ocean_disable_breadcrumbs":"default","ocean_breadcrumbs_color":"","ocean_breadcrumbs_separator_color":"","ocean_breadcrumbs_links_color":"","ocean_breadcrumbs_links_hover_color":"","ocean_display_footer_widgets":"default","ocean_display_footer_bottom":"default","ocean_custom_footer_template":"0"},"product_brand":[],"product_cat":[15],"product_tag":[],"class_list":{"0":"post-143998","1":"product","2":"type-product","3":"status-publish","4":"has-post-thumbnail","6":"product_cat-uncategorized","8":"entry","9":"has-media","11":"first","12":"instock","13":"sale","14":"taxable","15":"shipping-taxable","16":"purchasable","17":"product-type-simple","18":"has-product-nav","19":"col","20":"span_1_of_3","21":"owp-content-center","22":"owp-thumbs-layout-horizontal","23":"owp-btn-normal","24":"owp-tabs-layout-horizontal"},"jetpack_sharing_enabled":true,"_links":{"self":[{"href":"https:\/\/1-bit.eu\/lt\/wp-json\/wp\/v2\/product\/143998","targetHints":{"allow":["GET"]}}],"collection":[{"href":"https:\/\/1-bit.eu\/lt\/wp-json\/wp\/v2\/product"}],"about":[{"href":"https:\/\/1-bit.eu\/lt\/wp-json\/wp\/v2\/types\/product"}],"replies":[{"embeddable":true,"href":"https:\/\/1-bit.eu\/lt\/wp-json\/wp\/v2\/comments?post=143998"}],"version-history":[{"count":5,"href":"https:\/\/1-bit.eu\/lt\/wp-json\/wp\/v2\/product\/143998\/revisions"}],"predecessor-version":[{"id":144295,"href":"https:\/\/1-bit.eu\/lt\/wp-json\/wp\/v2\/product\/143998\/revisions\/144295"}],"wp:featuredmedia":[{"embeddable":true,"href":"https:\/\/1-bit.eu\/lt\/wp-json\/wp\/v2\/media\/144007"}],"wp:attachment":[{"href":"https:\/\/1-bit.eu\/lt\/wp-json\/wp\/v2\/media?parent=143998"}],"wp:term":[{"taxonomy":"product_brand","embeddable":true,"href":"https:\/\/1-bit.eu\/lt\/wp-json\/wp\/v2\/product_brand?post=143998"},{"taxonomy":"product_cat","embeddable":true,"href":"https:\/\/1-bit.eu\/lt\/wp-json\/wp\/v2\/product_cat?post=143998"},{"taxonomy":"product_tag","embeddable":true,"href":"https:\/\/1-bit.eu\/lt\/wp-json\/wp\/v2\/product_tag?post=143998"}],"curies":[{"name":"wp","href":"https:\/\/api.w.org\/{rel}","templated":true}]}}