{"id":184182,"date":"2025-10-22T19:24:08","date_gmt":"2025-10-22T19:24:08","guid":{"rendered":"https:\/\/1-bit.eu\/?post_type=product&#038;p=184182"},"modified":"2025-10-22T19:24:09","modified_gmt":"2025-10-22T19:24:09","slug":"media-core-rx-9060-xt-16gb-am4-5000-series","status":"publish","type":"product","link":"https:\/\/1-bit.eu\/lt\/produktas\/media-core-rx-9060-xt-16gb-am4-5000-series\/","title":{"rendered":"Media Core: RX 9060 XT 16GB AM4 5000 Series"},"content":{"rendered":"<h1>Vidutiniai kadrai per sekund\u0119 \u2013 FPS \u2013 \u017eaidimuose 1080P rai\u0161ka<\/h1>\n<p>&nbsp;<\/p>\n<p><img decoding=\"async\" class=\"wp-image-2821 alignleft\" src=\"https:\/\/1-bit.eu\/wp-content\/uploads\/2022\/08\/WARZONE-228X227.png\" sizes=\"(max-width: 110px) 100vw, 110px\" srcset=\"https:\/\/1-bit.eu\/wp-content\/uploads\/2022\/08\/WARZONE-228X227.png 228w, https:\/\/1-bit.eu\/wp-content\/uploads\/2022\/08\/WARZONE-228X227-150x150.png 150w, https:\/\/1-bit.eu\/wp-content\/uploads\/2022\/08\/WARZONE-228X227-12x12.png 12w, https:\/\/1-bit.eu\/wp-content\/uploads\/2022\/08\/WARZONE-228X227-100x100.png 100w, https:\/\/1-bit.eu\/wp-content\/uploads\/2022\/08\/WARZONE-228X227-50x50.png 50w\" alt=\"\" width=\"110\" height=\"110\" \/><\/p>\n<p><img decoding=\"async\" class=\"wp-image-2819 alignleft\" src=\"https:\/\/1-bit.eu\/wp-content\/uploads\/2022\/08\/PUGB-228X227.png\" sizes=\"(max-width: 110px) 100vw, 110px\" srcset=\"https:\/\/1-bit.eu\/wp-content\/uploads\/2022\/08\/PUGB-228X227.png 228w, https:\/\/1-bit.eu\/wp-content\/uploads\/2022\/08\/PUGB-228X227-150x150.png 150w, https:\/\/1-bit.eu\/wp-content\/uploads\/2022\/08\/PUGB-228X227-12x12.png 12w, https:\/\/1-bit.eu\/wp-content\/uploads\/2022\/08\/PUGB-228X227-100x100.png 100w, https:\/\/1-bit.eu\/wp-content\/uploads\/2022\/08\/PUGB-228X227-50x50.png 50w\" alt=\"\" width=\"110\" height=\"110\" \/><img decoding=\"async\" class=\"wp-image-2817 alignleft\" src=\"https:\/\/1-bit.eu\/wp-content\/uploads\/2022\/08\/GTAV-228X227.png\" sizes=\"(max-width: 110px) 100vw, 110px\" srcset=\"https:\/\/1-bit.eu\/wp-content\/uploads\/2022\/08\/GTAV-228X227.png 228w, https:\/\/1-bit.eu\/wp-content\/uploads\/2022\/08\/GTAV-228X227-150x150.png 150w, https:\/\/1-bit.eu\/wp-content\/uploads\/2022\/08\/GTAV-228X227-12x12.png 12w, https:\/\/1-bit.eu\/wp-content\/uploads\/2022\/08\/GTAV-228X227-100x100.png 100w, https:\/\/1-bit.eu\/wp-content\/uploads\/2022\/08\/GTAV-228X227-50x50.png 50w\" alt=\"\" width=\"110\" height=\"110\" \/><\/p>\n<p><img loading=\"lazy\" decoding=\"async\" class=\"wp-image-2816 alignleft\" src=\"https:\/\/1-bit.eu\/wp-content\/uploads\/2022\/08\/FORTNITE-228X227.png\" sizes=\"(max-width: 110px) 100vw, 110px\" srcset=\"https:\/\/1-bit.eu\/wp-content\/uploads\/2022\/08\/FORTNITE-228X227.png 228w, https:\/\/1-bit.eu\/wp-content\/uploads\/2022\/08\/FORTNITE-228X227-150x150.png 150w, https:\/\/1-bit.eu\/wp-content\/uploads\/2022\/08\/FORTNITE-228X227-12x12.png 12w, https:\/\/1-bit.eu\/wp-content\/uploads\/2022\/08\/FORTNITE-228X227-100x100.png 100w, https:\/\/1-bit.eu\/wp-content\/uploads\/2022\/08\/FORTNITE-228X227-50x50.png 50w\" alt=\"\" width=\"110\" height=\"110\" \/><\/p>\n<p><img loading=\"lazy\" decoding=\"async\" class=\"alignnone\" src=\"https:\/\/cdn2.steamgriddb.com\/icon\/e1bd06c3f8089e7552aa0552cb387c92\/32\/512x512.png\" alt=\"Icon for Counter-Strike 2 by DavidRLTG\" width=\"106\" height=\"106\" \/><\/p>\n<p>Auk\u0161tos Graf.\u00a0 \u00a0 \u00a0 \u00a0 \u00a0 \u00a0 \u00a0 Auk\u0161tos Graf.\u00a0 \u00a0 \u00a0 \u00a0 \u00a0 \u00a0Auk\u0161tos Graf.\u00a0 \u00a0 \u00a0 \u00a0 \u00a0 \u00a0 \u00a0 \u00a0Auk\u0161tos Graf.\u00a0 \u00a0 \u00a0 \u00a0 \u00a0 \u00a0 Auk\u0161tos Graf.<br \/>\n<strong>\u00a0 \u00a0 132<\/strong><strong>FPS\u00a0 \u00a0 \u00a0 \u00a0 \u00a0 \u00a0 \u00a0 \u00a0 \u00a0 \u00a0 \u00a0192 FPS\u00a0 \u00a0 \u00a0 \u00a0 \u00a0 \u00a0 \u00a0 \u00a0 \u00a0 \u00a0143 FPS\u00a0 \u00a0 \u00a0 \u00a0 \u00a0 \u00a0 \u00a0 \u00a0 \u00a0 \u00a0 \u00a0 \u00a0155 FPS\u00a0 \u00a0 \u00a0 \u00a0 \u00a0 \u00a0 \u00a0 \u00a0 \u00a0 \u00a0 281 FPS<\/strong><\/p>\n<p>&nbsp;<\/p>\n<p><img loading=\"lazy\" decoding=\"async\" class=\"wp-image-2820 alignleft\" src=\"https:\/\/1-bit.eu\/wp-content\/uploads\/2022\/08\/VALORANT-228X227.png\" sizes=\"(max-width: 110px) 100vw, 110px\" srcset=\"https:\/\/1-bit.eu\/wp-content\/uploads\/2022\/08\/VALORANT-228X227.png 228w, https:\/\/1-bit.eu\/wp-content\/uploads\/2022\/08\/VALORANT-228X227-150x150.png 150w, https:\/\/1-bit.eu\/wp-content\/uploads\/2022\/08\/VALORANT-228X227-12x12.png 12w, https:\/\/1-bit.eu\/wp-content\/uploads\/2022\/08\/VALORANT-228X227-100x100.png 100w, https:\/\/1-bit.eu\/wp-content\/uploads\/2022\/08\/VALORANT-228X227-50x50.png 50w\" alt=\"\" width=\"110\" height=\"110\" \/><img loading=\"lazy\" decoding=\"async\" class=\"wp-image-2815 alignleft\" src=\"https:\/\/1-bit.eu\/wp-content\/uploads\/2022\/08\/DOTA-2-228X227.png\" sizes=\"(max-width: 110px) 100vw, 110px\" srcset=\"https:\/\/1-bit.eu\/wp-content\/uploads\/2022\/08\/DOTA-2-228X227.png 228w, https:\/\/1-bit.eu\/wp-content\/uploads\/2022\/08\/DOTA-2-228X227-150x150.png 150w, https:\/\/1-bit.eu\/wp-content\/uploads\/2022\/08\/DOTA-2-228X227-12x12.png 12w, https:\/\/1-bit.eu\/wp-content\/uploads\/2022\/08\/DOTA-2-228X227-100x100.png 100w, https:\/\/1-bit.eu\/wp-content\/uploads\/2022\/08\/DOTA-2-228X227-50x50.png 50w\" alt=\"\" width=\"110\" height=\"110\" \/><img loading=\"lazy\" decoding=\"async\" class=\"wp-image-2813 alignleft\" src=\"https:\/\/1-bit.eu\/wp-content\/uploads\/2022\/08\/APEX-LEGENDS-227X228.png\" sizes=\"(max-width: 109px) 100vw, 109px\" srcset=\"https:\/\/1-bit.eu\/wp-content\/uploads\/2022\/08\/APEX-LEGENDS-227X228.png 228w, https:\/\/1-bit.eu\/wp-content\/uploads\/2022\/08\/APEX-LEGENDS-227X228-150x150.png 150w, https:\/\/1-bit.eu\/wp-content\/uploads\/2022\/08\/APEX-LEGENDS-227X228-12x12.png 12w, https:\/\/1-bit.eu\/wp-content\/uploads\/2022\/08\/APEX-LEGENDS-227X228-100x100.png 100w, https:\/\/1-bit.eu\/wp-content\/uploads\/2022\/08\/APEX-LEGENDS-227X228-50x50.png 50w\" alt=\"\" width=\"109\" height=\"109\" \/><\/p>\n<p><img loading=\"lazy\" decoding=\"async\" class=\"wp-image-2818 alignleft\" src=\"https:\/\/1-bit.eu\/wp-content\/uploads\/2022\/08\/LOL-228X227.png\" sizes=\"(max-width: 110px) 100vw, 110px\" srcset=\"https:\/\/1-bit.eu\/wp-content\/uploads\/2022\/08\/LOL-228X227.png 228w, https:\/\/1-bit.eu\/wp-content\/uploads\/2022\/08\/LOL-228X227-150x150.png 150w, https:\/\/1-bit.eu\/wp-content\/uploads\/2022\/08\/LOL-228X227-12x12.png 12w, https:\/\/1-bit.eu\/wp-content\/uploads\/2022\/08\/LOL-228X227-100x100.png 100w, https:\/\/1-bit.eu\/wp-content\/uploads\/2022\/08\/LOL-228X227-50x50.png 50w\" alt=\"\" width=\"110\" height=\"110\" \/><\/p>\n<p>&nbsp;<\/p>\n<p>&nbsp;<\/p>\n<p>&nbsp;<\/p>\n<p>Auk\u0161tos Graf.\u00a0 \u00a0 \u00a0 \u00a0 \u00a0 \u00a0 \u00a0 Auk\u0161tos Graf.\u00a0 \u00a0 \u00a0 \u00a0 \u00a0 \u00a0 \u00a0 Auk\u0161tos Graf.\u00a0 \u00a0 \u00a0 \u00a0 \u00a0 \u00a0 \u00a0Auk\u0161tos Graf.<br \/>\n<strong>\u00a0 \u00a0 \u00a0452FPS\u00a0<\/strong>\u00a0 \u00a0 \u00a0 \u00a0 \u00a0 \u00a0 \u00a0 \u00a0 \u00a0 \u00a0\u00a0<strong>227 FPS<\/strong>\u00a0 \u00a0 \u00a0 \u00a0 \u00a0 \u00a0 \u00a0 \u00a0 \u00a0 \u00a0 \u00a0\u00a0<strong>267 FPS<\/strong>\u00a0 \u00a0 \u00a0 \u00a0 \u00a0 \u00a0 \u00a0 \u00a0 \u00a0 \u00a0 \u00a0<strong>345 FPS<\/strong><\/p>\n<p>&nbsp;<\/p>\n<p>Kadrai per sekund\u0119 yra su \u0161ia kompiuterio komplektacija:<\/p>\n<p><strong>AMD Radeon RX\u00a0 9060 XT 8 GB<br \/>\nAMD Ryzen 5 5600X<br \/>\nG.Skill 16GB DDR5 4800mhz<\/strong><\/p>\n<p>Auk\u0161\u010diau pateikta vidutini\u0161kas kadr\u0173 per sekund\u0119 (FPS) skai\u010dius prie grafikos nustatytim\u0173. D\u0117l nuolatini\u0173 \u017eaidim\u0173 atnaujinim\u0173, papildym\u0173 ar optimizacij\u0173 galima FPS paklaida.<\/p>","protected":false},"excerpt":{"rendered":"<p>Vidutiniai kadrai per sekund\u0119 \u2013 FPS \u2013 \u017eaidimuose 1080P rai\u0161ka &nbsp; Auk\u0161tos Graf.\u00a0 \u00a0 \u00a0 \u00a0 \u00a0 \u00a0 \u00a0 Auk\u0161tos Graf.\u00a0 \u00a0 \u00a0 \u00a0 \u00a0 \u00a0Auk\u0161tos Graf.\u00a0 \u00a0 \u00a0 \u00a0 \u00a0 \u00a0 \u00a0 \u00a0Auk\u0161tos Graf.\u00a0 \u00a0 \u00a0 \u00a0 \u00a0 \u00a0 Auk\u0161tos Graf. \u00a0 \u00a0 132FPS\u00a0 \u00a0 \u00a0 \u00a0 \u00a0 \u00a0 \u00a0 \u00a0 \u00a0 \u00a0 \u00a0192 [&hellip;]<\/p>","protected":false},"featured_media":174009,"comment_status":"open","ping_status":"closed","template":"","meta":{"ocean_post_layout":"","ocean_both_sidebars_style":"","ocean_both_sidebars_content_width":0,"ocean_both_sidebars_sidebars_width":0,"ocean_sidebar":"0","ocean_second_sidebar":"0","ocean_disable_margins":"enable","ocean_add_body_class":"","ocean_shortcode_before_top_bar":"","ocean_shortcode_after_top_bar":"","ocean_shortcode_before_header":"","ocean_shortcode_after_header":"","ocean_has_shortcode":"","ocean_shortcode_after_title":"","ocean_shortcode_before_footer_widgets":"","ocean_shortcode_after_footer_widgets":"","ocean_shortcode_before_footer_bottom":"","ocean_shortcode_after_footer_bottom":"","ocean_display_top_bar":"default","ocean_display_header":"default","ocean_header_style":"","ocean_center_header_left_menu":"0","ocean_custom_header_template":"0","ocean_custom_logo":0,"ocean_custom_retina_logo":0,"ocean_custom_logo_max_width":0,"ocean_custom_logo_tablet_max_width":0,"ocean_custom_logo_mobile_max_width":0,"ocean_custom_logo_max_height":0,"ocean_custom_logo_tablet_max_height":0,"ocean_custom_logo_mobile_max_height":0,"ocean_header_custom_menu":"0","ocean_menu_typo_font_family":"0","ocean_menu_typo_font_subset":"","ocean_menu_typo_font_size":0,"ocean_menu_typo_font_size_tablet":0,"ocean_menu_typo_font_size_mobile":0,"ocean_menu_typo_font_size_unit":"px","ocean_menu_typo_font_weight":"","ocean_menu_typo_font_weight_tablet":"","ocean_menu_typo_font_weight_mobile":"","ocean_menu_typo_transform":"","ocean_menu_typo_transform_tablet":"","ocean_menu_typo_transform_mobile":"","ocean_menu_typo_line_height":0,"ocean_menu_typo_line_height_tablet":0,"ocean_menu_typo_line_height_mobile":0,"ocean_menu_typo_line_height_unit":"","ocean_menu_typo_spacing":0,"ocean_menu_typo_spacing_tablet":0,"ocean_menu_typo_spacing_mobile":0,"ocean_menu_typo_spacing_unit":"","ocean_menu_link_color":"","ocean_menu_link_color_hover":"","ocean_menu_link_color_active":"","ocean_menu_link_background":"","ocean_menu_link_hover_background":"","ocean_menu_link_active_background":"","ocean_menu_social_links_bg":"","ocean_menu_social_hover_links_bg":"","ocean_menu_social_links_color":"","ocean_menu_social_hover_links_color":"","ocean_disable_title":"default","ocean_disable_heading":"default","ocean_post_title":"","ocean_post_subheading":"","ocean_post_title_style":"","ocean_post_title_background_color":"","ocean_post_title_background":0,"ocean_post_title_bg_image_position":"","ocean_post_title_bg_image_attachment":"","ocean_post_title_bg_image_repeat":"","ocean_post_title_bg_image_size":"","ocean_post_title_height":0,"ocean_post_title_bg_overlay":0.5,"ocean_post_title_bg_overlay_color":"","ocean_disable_breadcrumbs":"default","ocean_breadcrumbs_color":"","ocean_breadcrumbs_separator_color":"","ocean_breadcrumbs_links_color":"","ocean_breadcrumbs_links_hover_color":"","ocean_display_footer_widgets":"default","ocean_display_footer_bottom":"default","ocean_custom_footer_template":"0"},"product_brand":[],"product_cat":[746,699],"product_tag":[],"class_list":{"0":"post-184182","1":"product","2":"type-product","3":"status-publish","4":"has-post-thumbnail","6":"product_cat-media-core-rx-9600-xt-16gb","7":"product_cat-radeon-zaidimu-kompiuteriai","9":"entry","10":"has-media","12":"first","13":"instock","14":"taxable","15":"shipping-taxable","16":"purchasable","17":"product-type-variable","18":"has-default-attributes","19":"has-product-nav","20":"col","21":"span_1_of_3","22":"owp-content-center","23":"owp-thumbs-layout-horizontal","24":"owp-btn-normal","25":"owp-tabs-layout-horizontal","26":"has-no-thumbnails"},"jetpack_sharing_enabled":true,"_links":{"self":[{"href":"https:\/\/1-bit.eu\/lt\/wp-json\/wp\/v2\/product\/184182","targetHints":{"allow":["GET"]}}],"collection":[{"href":"https:\/\/1-bit.eu\/lt\/wp-json\/wp\/v2\/product"}],"about":[{"href":"https:\/\/1-bit.eu\/lt\/wp-json\/wp\/v2\/types\/product"}],"replies":[{"embeddable":true,"href":"https:\/\/1-bit.eu\/lt\/wp-json\/wp\/v2\/comments?post=184182"}],"version-history":[{"count":2,"href":"https:\/\/1-bit.eu\/lt\/wp-json\/wp\/v2\/product\/184182\/revisions"}],"predecessor-version":[{"id":184312,"href":"https:\/\/1-bit.eu\/lt\/wp-json\/wp\/v2\/product\/184182\/revisions\/184312"}],"wp:featuredmedia":[{"embeddable":true,"href":"https:\/\/1-bit.eu\/lt\/wp-json\/wp\/v2\/media\/174009"}],"wp:attachment":[{"href":"https:\/\/1-bit.eu\/lt\/wp-json\/wp\/v2\/media?parent=184182"}],"wp:term":[{"taxonomy":"product_brand","embeddable":true,"href":"https:\/\/1-bit.eu\/lt\/wp-json\/wp\/v2\/product_brand?post=184182"},{"taxonomy":"product_cat","embeddable":true,"href":"https:\/\/1-bit.eu\/lt\/wp-json\/wp\/v2\/product_cat?post=184182"},{"taxonomy":"product_tag","embeddable":true,"href":"https:\/\/1-bit.eu\/lt\/wp-json\/wp\/v2\/product_tag?post=184182"}],"curies":[{"name":"wp","href":"https:\/\/api.w.org\/{rel}","templated":true}]}}