{"id":34975,"date":"2022-12-16T19:46:05","date_gmt":"2022-12-16T19:46:05","guid":{"rendered":"https:\/\/1-bit.eu\/product\/logitech-mk270-keyboard-and-mouse-set-wireless-mouse-included-batteries-included-us-numeric-keypad-usb-black-silver\/"},"modified":"2023-09-23T20:22:02","modified_gmt":"2023-09-23T20:22:02","slug":"logitech-mk270-keyboard-and-mouse-set-wireless-mouse-included-batteries-included-us-numeric-keypad-usb-black-silver","status":"publish","type":"product","link":"https:\/\/1-bit.eu\/lt\/produktas\/logitech-mk270-keyboard-and-mouse-set-wireless-mouse-included-batteries-included-us-numeric-keypad-usb-black-silver\/","title":{"rendered":"Logitech MK270 Keyboard and Mouse Set, Wireless, Mouse included, Batteries included, US, Numeric keypad, USB, Black, Silver"},"content":{"rendered":"<table>\n<thead>\n<tr>\n<th class=\"elementor-repeater-item-764687e\" colspan=\"1\">Parameter<\/th>\n<th class=\"elementor-repeater-item-858cd28\" colspan=\"1\">Value<\/th>\n<\/tr>\n<\/thead>\n<tbody>\n<tr>\n<th class=\"elementor-repeater-item-40e19e7\" colspan=\"1\" rowspan=\"1\">\u012erenginio s\u0105saja<\/th>\n<td class=\"elementor-repeater-item-aee9316\" colspan=\"1\" rowspan=\"1\">RF Wireless <\/td>\n<\/tr>\n<tr>\n<th class=\"elementor-repeater-item-40e19e7\" colspan=\"1\" rowspan=\"1\">Klaviat\u016bros stilius<\/th>\n<td class=\"elementor-repeater-item-aee9316\" colspan=\"1\" rowspan=\"1\">Straight <\/td>\n<\/tr>\n<tr>\n<th class=\"elementor-repeater-item-40e19e7\" colspan=\"1\" rowspan=\"1\">Unifikuotas imtuvas<\/th>\n<td class=\"elementor-repeater-item-aee9316\" colspan=\"1\" rowspan=\"1\">Yes <\/td>\n<\/tr>\n<tr>\n<th class=\"elementor-repeater-item-40e19e7\" colspan=\"1\" rowspan=\"1\">Rekomenduojamas naudojimas<\/th>\n<td class=\"elementor-repeater-item-aee9316\" colspan=\"1\" rowspan=\"1\">Home <\/td>\n<\/tr>\n<tr>\n<th class=\"elementor-repeater-item-40e19e7\" colspan=\"1\" rowspan=\"1\">Gaminio spalva<\/th>\n<td class=\"elementor-repeater-item-aee9316\" colspan=\"1\" rowspan=\"1\">Black, Silver <\/td>\n<\/tr>\n<tr>\n<th class=\"elementor-repeater-item-40e19e7\" colspan=\"1\" rowspan=\"1\">Paslinkimo tipas<\/th>\n<td class=\"elementor-repeater-item-aee9316\" colspan=\"1\" rowspan=\"1\">Wheel <\/td>\n<\/tr>\n<tr>\n<th class=\"elementor-repeater-item-40e19e7\" colspan=\"1\" rowspan=\"1\">Da\u017eni\u0173 juosta<\/th>\n<td class=\"elementor-repeater-item-aee9316\" colspan=\"1\" rowspan=\"1\">2.4 GHz<\/td>\n<\/tr>\n<tr>\n<th class=\"elementor-repeater-item-40e19e7\" colspan=\"1\" rowspan=\"1\">Imtuvas prid\u0117tas<\/th>\n<td class=\"elementor-repeater-item-aee9316\" colspan=\"1\" rowspan=\"1\">Yes <\/td>\n<\/tr>\n<tr>\n<th class=\"elementor-repeater-item-40e19e7\" colspan=\"1\" rowspan=\"1\">Slankiklis<\/th>\n<td class=\"elementor-repeater-item-aee9316\" colspan=\"1\" rowspan=\"1\">Yes <\/td>\n<\/tr>\n<tr>\n<th class=\"elementor-repeater-item-40e19e7\" colspan=\"1\" rowspan=\"1\">Baterijos technologija<\/th>\n<td class=\"elementor-repeater-item-aee9316\" colspan=\"1\" rowspan=\"1\">Alkaline <\/td>\n<\/tr>\n<tr>\n<th class=\"elementor-repeater-item-40e19e7\" colspan=\"1\" rowspan=\"1\">Element\u0173 kiekis (pel\u0117s)<\/th>\n<td class=\"elementor-repeater-item-aee9316\" colspan=\"1\" rowspan=\"1\">2 <\/td>\n<\/tr>\n<tr>\n<th class=\"elementor-repeater-item-40e19e7\" colspan=\"1\" rowspan=\"1\">Element\u0173 skai\u010dius (klaviat\u016bros)<\/th>\n<td class=\"elementor-repeater-item-aee9316\" colspan=\"1\" rowspan=\"1\">2 <\/td>\n<\/tr>\n<tr>\n<th class=\"elementor-repeater-item-40e19e7\" colspan=\"1\" rowspan=\"1\">Paskirtis<\/th>\n<td class=\"elementor-repeater-item-aee9316\" colspan=\"1\" rowspan=\"1\">Universal <\/td>\n<\/tr>\n<tr>\n<th class=\"elementor-repeater-item-40e19e7\" colspan=\"1\" rowspan=\"1\">\u012ejungti ir \u017eaisti<\/th>\n<td class=\"elementor-repeater-item-aee9316\" colspan=\"1\" rowspan=\"1\">Yes <\/td>\n<\/tr>\n<tr>\n<th class=\"elementor-repeater-item-40e19e7\" colspan=\"1\" rowspan=\"1\">Palaikomos \u201eWindows\u201c operacin\u0117s sistemos<\/th>\n<td class=\"elementor-repeater-item-aee9316\" colspan=\"1\" rowspan=\"1\">Windows 7 Home Basic <\/td>\n<\/tr>\n<tr>\n<th class=\"elementor-repeater-item-40e19e7\" colspan=\"1\" rowspan=\"1\">Imtuvo tipas<\/th>\n<td class=\"elementor-repeater-item-aee9316\" colspan=\"1\" rowspan=\"1\">Nano <\/td>\n<\/tr>\n<tr>\n<th class=\"elementor-repeater-item-40e19e7\" colspan=\"1\" rowspan=\"1\">Elementai prid\u0117ti<\/th>\n<td class=\"elementor-repeater-item-aee9316\" colspan=\"1\" rowspan=\"1\">Yes <\/td>\n<\/tr>\n<tr>\n<th class=\"elementor-repeater-item-40e19e7\" colspan=\"1\" rowspan=\"1\">Pel\u0117 prid\u0117ta<\/th>\n<td class=\"elementor-repeater-item-aee9316\" colspan=\"1\" rowspan=\"1\">Yes <\/td>\n<\/tr>\n<tr>\n<th class=\"elementor-repeater-item-40e19e7\" colspan=\"1\" rowspan=\"1\">Klaviat\u016bros kalba<\/th>\n<td class=\"elementor-repeater-item-aee9316\" colspan=\"1\" rowspan=\"1\">English <\/td>\n<\/tr>\n<tr>\n<th class=\"elementor-repeater-item-40e19e7\" colspan=\"1\" rowspan=\"1\">Skaitmen\u0173 klaviat\u016bra<\/th>\n<td class=\"elementor-repeater-item-aee9316\" colspan=\"1\" rowspan=\"1\">Yes <\/td>\n<\/tr>\n<tr>\n<th class=\"elementor-repeater-item-40e19e7\" colspan=\"1\" rowspan=\"1\">Pel\u0117s baterijos tipas<\/th>\n<td class=\"elementor-repeater-item-aee9316\" colspan=\"1\" rowspan=\"1\">AA <\/td>\n<\/tr>\n<tr>\n<th class=\"elementor-repeater-item-40e19e7\" colspan=\"1\" rowspan=\"1\">Maitinimo \u0161altinio tipas<\/th>\n<td class=\"elementor-repeater-item-aee9316\" colspan=\"1\" rowspan=\"1\">Battery <\/td>\n<\/tr>\n<tr>\n<th class=\"elementor-repeater-item-40e19e7\" colspan=\"1\" rowspan=\"1\">Atrama rie\u0161ui<\/th>\n<td class=\"elementor-repeater-item-aee9316\" colspan=\"1\" rowspan=\"1\">No <\/td>\n<\/tr>\n<tr>\n<th class=\"elementor-repeater-item-40e19e7\" colspan=\"1\" rowspan=\"1\">Klaviat\u016bros integruoti \u012frenginiai<\/th>\n<td class=\"elementor-repeater-item-aee9316\" colspan=\"1\" rowspan=\"1\">No <\/td>\n<\/tr>\n<tr>\n<th class=\"elementor-repeater-item-40e19e7\" colspan=\"1\" rowspan=\"1\">Apsaugos funkcijos<\/th>\n<td class=\"elementor-repeater-item-aee9316\" colspan=\"1\" rowspan=\"1\">Water resistant <\/td>\n<\/tr>\n<tr>\n<th class=\"elementor-repeater-item-40e19e7\" colspan=\"1\" rowspan=\"1\">Klaviat\u016bros element\u0173 r\u016b\u0161is<\/th>\n<td class=\"elementor-repeater-item-aee9316\" colspan=\"1\" rowspan=\"1\">AAA <\/td>\n<\/tr>\n<tr>\n<th class=\"elementor-repeater-item-40e19e7\" colspan=\"1\" rowspan=\"1\">Mygtuk\u0173 kiekis<\/th>\n<td class=\"elementor-repeater-item-aee9316\" colspan=\"1\" rowspan=\"1\">3 <\/td>\n<\/tr>\n<tr>\n<th class=\"elementor-repeater-item-40e19e7\" colspan=\"1\" rowspan=\"1\">Belaid\u017eio imtuvo s\u0105saja<\/th>\n<td class=\"elementor-repeater-item-aee9316\" colspan=\"1\" rowspan=\"1\">USB <\/td>\n<\/tr>\n<tr>\n<th class=\"elementor-repeater-item-40e19e7\" colspan=\"1\" rowspan=\"1\">Belaid\u017eio ry\u0161io diapazonas<\/th>\n<td class=\"elementor-repeater-item-aee9316\" colspan=\"1\" rowspan=\"1\">1 m<\/td>\n<\/tr>\n<tr>\n<th class=\"elementor-repeater-item-40e19e7\" colspan=\"1\" rowspan=\"1\">Klaviat\u016bros formos faktorius<\/th>\n<td class=\"elementor-repeater-item-aee9316\" colspan=\"1\" rowspan=\"1\">Standard <\/td>\n<\/tr>\n<tr>\n<th class=\"elementor-repeater-item-40e19e7\" colspan=\"1\" rowspan=\"1\">Jungties tipas<\/th>\n<td class=\"elementor-repeater-item-aee9316\" colspan=\"1\" rowspan=\"1\">USB <\/td>\n<\/tr>\n<tr>\n<th class=\"elementor-repeater-item-40e19e7\" colspan=\"1\" rowspan=\"1\">Tipas<\/th>\n<td class=\"elementor-repeater-item-aee9316\" colspan=\"1\" rowspan=\"1\">Keyboard and Mouse Set <\/td>\n<\/tr>\n<tr>\n<th class=\"elementor-repeater-item-40e19e7\" colspan=\"1\" rowspan=\"1\">Minimal\u016bs sistemos reikalavimai<\/th>\n<td class=\"elementor-repeater-item-aee9316\" colspan=\"1\" rowspan=\"1\">WINDOWS XP, Windows Vista, Windows 7 <\/td>\n<\/tr>\n<tr>\n<th class=\"elementor-repeater-item-40e19e7\" colspan=\"1\" rowspan=\"1\">Rai\u0161ka<\/th>\n<td class=\"elementor-repeater-item-aee9316\" colspan=\"1\" rowspan=\"1\">1000 dpi <\/td>\n<\/tr>\n<tr>\n<th class=\"elementor-repeater-item-40e19e7\" colspan=\"1\" rowspan=\"1\">Spalva<\/th>\n<td class=\"elementor-repeater-item-aee9316\" colspan=\"1\" rowspan=\"1\">Black <\/td>\n<\/tr>\n<tr>\n<th class=\"elementor-repeater-item-40e19e7\" colspan=\"1\" rowspan=\"1\">Kitos savyb\u0117s<\/th>\n<td class=\"elementor-repeater-item-aee9316\" colspan=\"1\" rowspan=\"1\">Wireless range 10 m <\/td>\n<\/tr>\n<tr>\n<th class=\"elementor-repeater-item-40e19e7\" colspan=\"1\" rowspan=\"1\">Garantija<\/th>\n<td class=\"elementor-repeater-item-aee9316\" colspan=\"1\" rowspan=\"1\">24 m\u0117n.<\/td>\n<\/tr>\n<tr>\n<th class=\"elementor-repeater-item-40e19e7\" colspan=\"1\" rowspan=\"1\">Gamintojo prek\u0117s modelio pavadinimas<\/th>\n<td class=\"elementor-repeater-item-aee9316\" colspan=\"1\" rowspan=\"1\">MK270 <\/td>\n<\/tr>\n<tr>\n<th class=\"elementor-repeater-item-40e19e7\" colspan=\"1\" rowspan=\"1\">Neto svoris<\/th>\n<td class=\"elementor-repeater-item-aee9316\" colspan=\"1\" rowspan=\"1\">0.564 kg<\/td>\n<\/tr>\n<tr>\n<th class=\"elementor-repeater-item-40e19e7\" colspan=\"1\" rowspan=\"1\">Bruto svoris<\/th>\n<td class=\"elementor-repeater-item-aee9316\" colspan=\"1\" rowspan=\"1\">0.738 kg<\/td>\n<\/tr>\n<tr>\n<th class=\"elementor-repeater-item-40e19e7\" colspan=\"1\" rowspan=\"1\">PET<\/th>\n<td class=\"elementor-repeater-item-aee9316\" colspan=\"1\" rowspan=\"1\">70 g<\/td>\n<\/tr>\n<tr>\n<th class=\"elementor-repeater-item-40e19e7\" colspan=\"1\" rowspan=\"1\">EE\u012e klasifikacija<\/th>\n<td class=\"elementor-repeater-item-aee9316\" colspan=\"1\" rowspan=\"1\">CL109:6:2017-04-01 <\/td>\n<\/tr>\n<tr>\n<th class=\"elementor-repeater-item-40e19e7\" colspan=\"1\" rowspan=\"1\">Composition of battery<\/th>\n<td class=\"elementor-repeater-item-aee9316\" colspan=\"1\" rowspan=\"1\">CL127:KT:2016-12-09 <\/td>\n<\/tr>\n<tr>\n<th class=\"elementor-repeater-item-40e19e7\" colspan=\"1\" rowspan=\"1\">Classification of battery<\/th>\n<td class=\"elementor-repeater-item-aee9316\" colspan=\"1\" rowspan=\"1\">CL126:NE:2016-12-09 <\/td>\n<\/tr>\n<tr>\n<th class=\"elementor-repeater-item-40e19e7\" colspan=\"1\" rowspan=\"1\">Integruota baterija<\/th>\n<td class=\"elementor-repeater-item-aee9316\" colspan=\"1\" rowspan=\"1\">Yes <\/td>\n<\/tr>\n<tr>\n<th class=\"elementor-repeater-item-40e19e7\" colspan=\"1\" rowspan=\"1\">Type of battery<\/th>\n<td class=\"elementor-repeater-item-aee9316\" colspan=\"1\" rowspan=\"1\">Battery <\/td>\n<\/tr>\n<tr>\n<th class=\"elementor-repeater-item-40e19e7\" colspan=\"1\" rowspan=\"1\">Taros svoris (kg)<\/th>\n<td class=\"elementor-repeater-item-aee9316\" colspan=\"1\" rowspan=\"1\">0.174 kg<\/td>\n<\/tr>\n<tr>\n<th class=\"elementor-repeater-item-40e19e7\" colspan=\"1\" rowspan=\"1\">Pakuot\u0117s gylis (mm)<\/th>\n<td class=\"elementor-repeater-item-aee9316\" colspan=\"1\" rowspan=\"1\">550 mm<\/td>\n<\/tr>\n<tr>\n<th class=\"elementor-repeater-item-40e19e7\" colspan=\"1\" rowspan=\"1\">Pakuot\u0117s auk\u0161tis (mm)<\/th>\n<td class=\"elementor-repeater-item-aee9316\" colspan=\"1\" rowspan=\"1\">49 mm<\/td>\n<\/tr>\n<tr>\n<th class=\"elementor-repeater-item-40e19e7\" colspan=\"1\" rowspan=\"1\">Pakuot\u0117s plotis (mm)<\/th>\n<td class=\"elementor-repeater-item-aee9316\" colspan=\"1\" rowspan=\"1\">159 mm<\/td>\n<\/tr>\n<tr>\n<th class=\"elementor-repeater-item-40e19e7\" colspan=\"1\" rowspan=\"1\">Klaviat\u016bros i\u0161d\u0117stymas<\/th>\n<td class=\"elementor-repeater-item-aee9316\" colspan=\"1\" rowspan=\"1\">US <\/td>\n<\/tr>\n<tr>\n<th class=\"elementor-repeater-item-40e19e7\" colspan=\"1\" rowspan=\"1\">Ry\u0161io technologija<\/th>\n<td class=\"elementor-repeater-item-aee9316\" colspan=\"1\" rowspan=\"1\">Wireless <\/td>\n<\/tr>\n<tr>\n<th class=\"elementor-repeater-item-40e19e7\" colspan=\"1\" rowspan=\"1\">Kiekis pakuot\u0117je<\/th>\n<td class=\"elementor-repeater-item-aee9316\" colspan=\"1\" rowspan=\"1\">1 dali\u0173<\/td>\n<\/tr>\n<tr>\n<th class=\"elementor-repeater-item-40e19e7\" colspan=\"1\" rowspan=\"1\">T\u016bris (m3)<\/th>\n<td class=\"elementor-repeater-item-aee9316\" colspan=\"1\" rowspan=\"1\">0.00428505 m\u00b3<\/td>\n<\/tr>\n<tr>\n<th class=\"elementor-repeater-item-40e19e7\" colspan=\"1\" rowspan=\"1\">Palette Qty<\/th>\n<td class=\"elementor-repeater-item-aee9316\" colspan=\"1\" rowspan=\"1\">202 dali\u0173<\/td>\n<\/tr>\n<\/tbody>\n<\/table>","protected":false},"excerpt":{"rendered":"<p>Parameter Value \u012erenginio s\u0105saja RF Wireless Klaviat\u016bros stilius Straight Unifikuotas imtuvas Yes Rekomenduojamas naudojimas Home Gaminio spalva Black, Silver Paslinkimo tipas Wheel Da\u017eni\u0173 juosta 2.4 GHz Imtuvas prid\u0117tas Yes Slankiklis Yes Baterijos technologija Alkaline Element\u0173 kiekis (pel\u0117s) 2 Element\u0173 skai\u010dius (klaviat\u016bros) 2 Paskirtis Universal \u012ejungti ir \u017eaisti Yes Palaikomos \u201eWindows\u201c operacin\u0117s sistemos Windows 7 Home [&hellip;]<\/p>","protected":false},"featured_media":49348,"comment_status":"open","ping_status":"closed","template":"","meta":{"ocean_post_layout":"","ocean_both_sidebars_style":"","ocean_both_sidebars_content_width":0,"ocean_both_sidebars_sidebars_width":0,"ocean_sidebar":"","ocean_second_sidebar":"","ocean_disable_margins":"enable","ocean_add_body_class":"","ocean_shortcode_before_top_bar":"","ocean_shortcode_after_top_bar":"","ocean_shortcode_before_header":"","ocean_shortcode_after_header":"","ocean_has_shortcode":"","ocean_shortcode_after_title":"","ocean_shortcode_before_footer_widgets":"","ocean_shortcode_after_footer_widgets":"","ocean_shortcode_before_footer_bottom":"","ocean_shortcode_after_footer_bottom":"","ocean_display_top_bar":"default","ocean_display_header":"default","ocean_header_style":"","ocean_center_header_left_menu":"","ocean_custom_header_template":"","ocean_custom_logo":0,"ocean_custom_retina_logo":0,"ocean_custom_logo_max_width":0,"ocean_custom_logo_tablet_max_width":0,"ocean_custom_logo_mobile_max_width":0,"ocean_custom_logo_max_height":0,"ocean_custom_logo_tablet_max_height":0,"ocean_custom_logo_mobile_max_height":0,"ocean_header_custom_menu":"","ocean_menu_typo_font_family":"","ocean_menu_typo_font_subset":"","ocean_menu_typo_font_size":0,"ocean_menu_typo_font_size_tablet":0,"ocean_menu_typo_font_size_mobile":0,"ocean_menu_typo_font_size_unit":"px","ocean_menu_typo_font_weight":"","ocean_menu_typo_font_weight_tablet":"","ocean_menu_typo_font_weight_mobile":"","ocean_menu_typo_transform":"","ocean_menu_typo_transform_tablet":"","ocean_menu_typo_transform_mobile":"","ocean_menu_typo_line_height":0,"ocean_menu_typo_line_height_tablet":0,"ocean_menu_typo_line_height_mobile":0,"ocean_menu_typo_line_height_unit":"","ocean_menu_typo_spacing":0,"ocean_menu_typo_spacing_tablet":0,"ocean_menu_typo_spacing_mobile":0,"ocean_menu_typo_spacing_unit":"","ocean_menu_link_color":"","ocean_menu_link_color_hover":"","ocean_menu_link_color_active":"","ocean_menu_link_background":"","ocean_menu_link_hover_background":"","ocean_menu_link_active_background":"","ocean_menu_social_links_bg":"","ocean_menu_social_hover_links_bg":"","ocean_menu_social_links_color":"","ocean_menu_social_hover_links_color":"","ocean_disable_title":"default","ocean_disable_heading":"default","ocean_post_title":"","ocean_post_subheading":"","ocean_post_title_style":"","ocean_post_title_background_color":"","ocean_post_title_background":0,"ocean_post_title_bg_image_position":"","ocean_post_title_bg_image_attachment":"","ocean_post_title_bg_image_repeat":"","ocean_post_title_bg_image_size":"","ocean_post_title_height":0,"ocean_post_title_bg_overlay":0.5,"ocean_post_title_bg_overlay_color":"","ocean_disable_breadcrumbs":"default","ocean_breadcrumbs_color":"","ocean_breadcrumbs_separator_color":"","ocean_breadcrumbs_links_color":"","ocean_breadcrumbs_links_hover_color":"","ocean_display_footer_widgets":"default","ocean_display_footer_bottom":"default","ocean_custom_footer_template":""},"product_brand":[],"product_cat":[282,292],"product_tag":[],"class_list":{"0":"post-34975","1":"product","2":"type-product","3":"status-publish","4":"has-post-thumbnail","6":"product_cat-isoriniai-irenginiai-periferija-spausdintuvai","7":"product_cat-klaviaturos","9":"entry","10":"has-media","12":"first","13":"outofstock","14":"taxable","15":"shipping-taxable","16":"purchasable","17":"product-type-simple","18":"has-product-nav","19":"col","20":"span_1_of_3","21":"owp-content-center","22":"owp-thumbs-layout-horizontal","23":"owp-btn-normal","24":"owp-tabs-layout-horizontal"},"jetpack_sharing_enabled":true,"_links":{"self":[{"href":"https:\/\/1-bit.eu\/lt\/wp-json\/wp\/v2\/product\/34975","targetHints":{"allow":["GET"]}}],"collection":[{"href":"https:\/\/1-bit.eu\/lt\/wp-json\/wp\/v2\/product"}],"about":[{"href":"https:\/\/1-bit.eu\/lt\/wp-json\/wp\/v2\/types\/product"}],"replies":[{"embeddable":true,"href":"https:\/\/1-bit.eu\/lt\/wp-json\/wp\/v2\/comments?post=34975"}],"version-history":[{"count":2,"href":"https:\/\/1-bit.eu\/lt\/wp-json\/wp\/v2\/product\/34975\/revisions"}],"predecessor-version":[{"id":135961,"href":"https:\/\/1-bit.eu\/lt\/wp-json\/wp\/v2\/product\/34975\/revisions\/135961"}],"wp:featuredmedia":[{"embeddable":true,"href":"https:\/\/1-bit.eu\/lt\/wp-json\/wp\/v2\/media\/49348"}],"wp:attachment":[{"href":"https:\/\/1-bit.eu\/lt\/wp-json\/wp\/v2\/media?parent=34975"}],"wp:term":[{"taxonomy":"product_brand","embeddable":true,"href":"https:\/\/1-bit.eu\/lt\/wp-json\/wp\/v2\/product_brand?post=34975"},{"taxonomy":"product_cat","embeddable":true,"href":"https:\/\/1-bit.eu\/lt\/wp-json\/wp\/v2\/product_cat?post=34975"},{"taxonomy":"product_tag","embeddable":true,"href":"https:\/\/1-bit.eu\/lt\/wp-json\/wp\/v2\/product_tag?post=34975"}],"curies":[{"name":"wp","href":"https:\/\/api.w.org\/{rel}","templated":true}]}}