{"id":35108,"date":"2022-12-16T19:47:00","date_gmt":"2022-12-16T19:47:00","guid":{"rendered":"https:\/\/1-bit.eu\/product\/canon-pixma-ix6850-color-a3-printer-colour-inkjet-inkjet-printer-wi-fi-maximum-iso-a-series-paper-size-a3-black\/"},"modified":"2023-09-23T21:41:03","modified_gmt":"2023-09-23T21:41:03","slug":"canon-pixma-ix6850-color-a3-printer-colour-inkjet-inkjet-printer-wi-fi-maximum-iso-a-series-paper-size-a3-black","status":"publish","type":"product","link":"https:\/\/1-bit.eu\/lt\/produktas\/canon-pixma-ix6850-color-a3-printer-colour-inkjet-inkjet-printer-wi-fi-maximum-iso-a-series-paper-size-a3-black\/","title":{"rendered":"Canon PIXMA IX6850 color A3 printer Colour, Inkjet, Inkjet Printer, Wi-Fi, Maximum ISO A-series paper size A3+, Black"},"content":{"rendered":"<table>\n<thead>\n<tr>\n<th class=\"elementor-repeater-item-764687e\" colspan=\"1\">Parameter<\/th>\n<th class=\"elementor-repeater-item-858cd28\" colspan=\"1\">Value<\/th>\n<\/tr>\n<\/thead>\n<tbody>\n<tr>\n<th class=\"elementor-repeater-item-40e19e7\" colspan=\"1\" rowspan=\"1\">Garantija<\/th>\n<td class=\"elementor-repeater-item-aee9316\" colspan=\"1\" rowspan=\"1\">24 m\u0117n.<\/td>\n<\/tr>\n<tr>\n<th class=\"elementor-repeater-item-40e19e7\" colspan=\"1\" rowspan=\"1\">Neto svoris<\/th>\n<td class=\"elementor-repeater-item-aee9316\" colspan=\"1\" rowspan=\"1\">7.96 kg<\/td>\n<\/tr>\n<tr>\n<th class=\"elementor-repeater-item-40e19e7\" colspan=\"1\" rowspan=\"1\">Bruto svoris<\/th>\n<td class=\"elementor-repeater-item-aee9316\" colspan=\"1\" rowspan=\"1\">10.1 kg<\/td>\n<\/tr>\n<tr>\n<th class=\"elementor-repeater-item-40e19e7\" colspan=\"1\" rowspan=\"1\">Popierius\/Kartonas<\/th>\n<td class=\"elementor-repeater-item-aee9316\" colspan=\"1\" rowspan=\"1\">2140 g<\/td>\n<\/tr>\n<tr>\n<th class=\"elementor-repeater-item-40e19e7\" colspan=\"1\" rowspan=\"1\">EE\u012e klasifikacija<\/th>\n<td class=\"elementor-repeater-item-aee9316\" colspan=\"1\" rowspan=\"1\">CL109:6:2017-04-01 <\/td>\n<\/tr>\n<tr>\n<th class=\"elementor-repeater-item-40e19e7\" colspan=\"1\" rowspan=\"1\">Dvipusio spausdinimo funkcijos<\/th>\n<td class=\"elementor-repeater-item-aee9316\" colspan=\"1\" rowspan=\"1\">No <\/td>\n<\/tr>\n<tr>\n<th class=\"elementor-repeater-item-40e19e7\" colspan=\"1\" rowspan=\"1\">Spausdinimo kase\u010di\u0173 skai\u010dius<\/th>\n<td class=\"elementor-repeater-item-aee9316\" colspan=\"1\" rowspan=\"1\"> 5 Single Inks <\/td>\n<\/tr>\n<tr>\n<th class=\"elementor-repeater-item-40e19e7\" colspan=\"1\" rowspan=\"1\">Ruo\u0161inio tipas<\/th>\n<td class=\"elementor-repeater-item-aee9316\" colspan=\"1\" rowspan=\"1\">Plain Paper   Envelopes (DL, COM10)   Canon Pro Platinum (PT-101)   Canon Pro Luster (LU-101)   Canon Plus Glossy II (PP-201)   Canon Plus Semi-gloss (SG-201)   Canon Glossy Everyday Use (GP-501)   Canon Matte (MP-101)   Canon High Resolution Paper (HR-101N)   Canon Photo Stickers (PS-101)   Canon T-Shirt Transfer (TR-301) <\/td>\n<\/tr>\n<tr>\n<th class=\"elementor-repeater-item-40e19e7\" colspan=\"1\" rowspan=\"1\">Spausdinimo greitis (ISO\/IEC 24734) viensp.<\/th>\n<td class=\"elementor-repeater-item-aee9316\" colspan=\"1\" rowspan=\"1\">Approx. 14.5 atv.\/per min.<\/td>\n<\/tr>\n<tr>\n<th class=\"elementor-repeater-item-40e19e7\" colspan=\"1\" rowspan=\"1\">Gaminio spalva<\/th>\n<td class=\"elementor-repeater-item-aee9316\" colspan=\"1\" rowspan=\"1\">Black <\/td>\n<\/tr>\n<tr>\n<th class=\"elementor-repeater-item-40e19e7\" colspan=\"1\" rowspan=\"1\">Gaminio tipas<\/th>\n<td class=\"elementor-repeater-item-aee9316\" colspan=\"1\" rowspan=\"1\">Inkjet Printer <\/td>\n<\/tr>\n<tr>\n<th class=\"elementor-repeater-item-40e19e7\" colspan=\"1\" rowspan=\"1\">Spausdinimo greitis (ISO\/IEC 24734) spalvotai<\/th>\n<td class=\"elementor-repeater-item-aee9316\" colspan=\"1\" rowspan=\"1\">Approx. 10.4 atv.\/per min.<\/td>\n<\/tr>\n<tr>\n<th class=\"elementor-repeater-item-40e19e7\" colspan=\"1\" rowspan=\"1\">S\u0105saja<\/th>\n<td class=\"elementor-repeater-item-aee9316\" colspan=\"1\" rowspan=\"1\">Hi-Speed USB, Wireless Connections Wi-Fi IEEE802.11 b\/g\/n, Applications Support <\/td>\n<\/tr>\n<tr>\n<th class=\"elementor-repeater-item-40e19e7\" colspan=\"1\" rowspan=\"1\">Belaidis ry\u0161ys<\/th>\n<td class=\"elementor-repeater-item-aee9316\" colspan=\"1\" rowspan=\"1\">Yes <\/td>\n<\/tr>\n<tr>\n<th class=\"elementor-repeater-item-40e19e7\" colspan=\"1\" rowspan=\"1\">Gamintojo prek\u0117s modelio pavadinimas<\/th>\n<td class=\"elementor-repeater-item-aee9316\" colspan=\"1\" rowspan=\"1\">IX6850 color A3 printer <\/td>\n<\/tr>\n<tr>\n<th class=\"elementor-repeater-item-40e19e7\" colspan=\"1\" rowspan=\"1\">Gamintojo prek\u0117s serija<\/th>\n<td class=\"elementor-repeater-item-aee9316\" colspan=\"1\" rowspan=\"1\">PIXMA <\/td>\n<\/tr>\n<tr>\n<th class=\"elementor-repeater-item-40e19e7\" colspan=\"1\" rowspan=\"1\">Maksimalus ISO A serijos popieriaus dydis<\/th>\n<td class=\"elementor-repeater-item-aee9316\" colspan=\"1\" rowspan=\"1\">A3+ <\/td>\n<\/tr>\n<tr>\n<th class=\"elementor-repeater-item-40e19e7\" colspan=\"1\" rowspan=\"1\">Spausdinimo technologija<\/th>\n<td class=\"elementor-repeater-item-aee9316\" colspan=\"1\" rowspan=\"1\">Inkjet <\/td>\n<\/tr>\n<tr>\n<th class=\"elementor-repeater-item-40e19e7\" colspan=\"1\" rowspan=\"1\">Spausdinimo rai\u0161ka (juodai, standartine kokybe)<\/th>\n<td class=\"elementor-repeater-item-aee9316\" colspan=\"1\" rowspan=\"1\">9600 x 2400 ta\u0161k.\/col.<\/td>\n<\/tr>\n<tr>\n<th class=\"elementor-repeater-item-40e19e7\" colspan=\"1\" rowspan=\"1\">Eterneto vietinis tinklas<\/th>\n<td class=\"elementor-repeater-item-aee9316\" colspan=\"1\" rowspan=\"1\">Yes <\/td>\n<\/tr>\n<tr>\n<th class=\"elementor-repeater-item-40e19e7\" colspan=\"1\" rowspan=\"1\">Spausdinimas<\/th>\n<td class=\"elementor-repeater-item-aee9316\" colspan=\"1\" rowspan=\"1\">Colour <\/td>\n<\/tr>\n<tr>\n<th class=\"elementor-repeater-item-40e19e7\" colspan=\"1\" rowspan=\"1\">Spausdinimo spalvos<\/th>\n<td class=\"elementor-repeater-item-aee9316\" colspan=\"1\" rowspan=\"1\">Black, Cyan, Magenta, Yellow <\/td>\n<\/tr>\n<tr>\n<th class=\"elementor-repeater-item-40e19e7\" colspan=\"1\" rowspan=\"1\">Pakuot\u0117s gylis (mm)<\/th>\n<td class=\"elementor-repeater-item-aee9316\" colspan=\"1\" rowspan=\"1\">655 mm<\/td>\n<\/tr>\n<tr>\n<th class=\"elementor-repeater-item-40e19e7\" colspan=\"1\" rowspan=\"1\">Pakuot\u0117s auk\u0161tis (mm)<\/th>\n<td class=\"elementor-repeater-item-aee9316\" colspan=\"1\" rowspan=\"1\">430 mm<\/td>\n<\/tr>\n<tr>\n<th class=\"elementor-repeater-item-40e19e7\" colspan=\"1\" rowspan=\"1\">T\u016bris (m3)<\/th>\n<td class=\"elementor-repeater-item-aee9316\" colspan=\"1\" rowspan=\"1\">0.0766088 m\u00b3<\/td>\n<\/tr>\n<tr>\n<th class=\"elementor-repeater-item-40e19e7\" colspan=\"1\" rowspan=\"1\">Palette Qty<\/th>\n<td class=\"elementor-repeater-item-aee9316\" colspan=\"1\" rowspan=\"1\">23 dali\u0173<\/td>\n<\/tr>\n<\/tbody>\n<\/table>","protected":false},"excerpt":{"rendered":"<p>Parameter Value Garantija 24 m\u0117n. Neto svoris 7.96 kg Bruto svoris 10.1 kg Popierius\/Kartonas 2140 g EE\u012e klasifikacija CL109:6:2017-04-01 Dvipusio spausdinimo funkcijos No Spausdinimo kase\u010di\u0173 skai\u010dius 5 Single Inks Ruo\u0161inio tipas Plain Paper Envelopes (DL, COM10) Canon Pro Platinum (PT-101) Canon Pro Luster (LU-101) Canon Plus Glossy II (PP-201) Canon Plus Semi-gloss (SG-201) Canon Glossy [&hellip;]<\/p>","protected":false},"featured_media":49575,"comment_status":"open","ping_status":"closed","template":"","meta":{"ocean_post_layout":"","ocean_both_sidebars_style":"","ocean_both_sidebars_content_width":0,"ocean_both_sidebars_sidebars_width":0,"ocean_sidebar":"","ocean_second_sidebar":"","ocean_disable_margins":"enable","ocean_add_body_class":"","ocean_shortcode_before_top_bar":"","ocean_shortcode_after_top_bar":"","ocean_shortcode_before_header":"","ocean_shortcode_after_header":"","ocean_has_shortcode":"","ocean_shortcode_after_title":"","ocean_shortcode_before_footer_widgets":"","ocean_shortcode_after_footer_widgets":"","ocean_shortcode_before_footer_bottom":"","ocean_shortcode_after_footer_bottom":"","ocean_display_top_bar":"default","ocean_display_header":"default","ocean_header_style":"","ocean_center_header_left_menu":"","ocean_custom_header_template":"","ocean_custom_logo":0,"ocean_custom_retina_logo":0,"ocean_custom_logo_max_width":0,"ocean_custom_logo_tablet_max_width":0,"ocean_custom_logo_mobile_max_width":0,"ocean_custom_logo_max_height":0,"ocean_custom_logo_tablet_max_height":0,"ocean_custom_logo_mobile_max_height":0,"ocean_header_custom_menu":"","ocean_menu_typo_font_family":"","ocean_menu_typo_font_subset":"","ocean_menu_typo_font_size":0,"ocean_menu_typo_font_size_tablet":0,"ocean_menu_typo_font_size_mobile":0,"ocean_menu_typo_font_size_unit":"px","ocean_menu_typo_font_weight":"","ocean_menu_typo_font_weight_tablet":"","ocean_menu_typo_font_weight_mobile":"","ocean_menu_typo_transform":"","ocean_menu_typo_transform_tablet":"","ocean_menu_typo_transform_mobile":"","ocean_menu_typo_line_height":0,"ocean_menu_typo_line_height_tablet":0,"ocean_menu_typo_line_height_mobile":0,"ocean_menu_typo_line_height_unit":"","ocean_menu_typo_spacing":0,"ocean_menu_typo_spacing_tablet":0,"ocean_menu_typo_spacing_mobile":0,"ocean_menu_typo_spacing_unit":"","ocean_menu_link_color":"","ocean_menu_link_color_hover":"","ocean_menu_link_color_active":"","ocean_menu_link_background":"","ocean_menu_link_hover_background":"","ocean_menu_link_active_background":"","ocean_menu_social_links_bg":"","ocean_menu_social_hover_links_bg":"","ocean_menu_social_links_color":"","ocean_menu_social_hover_links_color":"","ocean_disable_title":"default","ocean_disable_heading":"default","ocean_post_title":"","ocean_post_subheading":"","ocean_post_title_style":"","ocean_post_title_background_color":"","ocean_post_title_background":0,"ocean_post_title_bg_image_position":"","ocean_post_title_bg_image_attachment":"","ocean_post_title_bg_image_repeat":"","ocean_post_title_bg_image_size":"","ocean_post_title_height":0,"ocean_post_title_bg_overlay":0.5,"ocean_post_title_bg_overlay_color":"","ocean_disable_breadcrumbs":"default","ocean_breadcrumbs_color":"","ocean_breadcrumbs_separator_color":"","ocean_breadcrumbs_links_color":"","ocean_breadcrumbs_links_hover_color":"","ocean_display_footer_widgets":"default","ocean_display_footer_bottom":"default","ocean_custom_footer_template":""},"product_brand":[],"product_cat":[282,295],"product_tag":[],"class_list":{"0":"post-35108","1":"product","2":"type-product","3":"status-publish","4":"has-post-thumbnail","6":"product_cat-isoriniai-irenginiai-periferija-spausdintuvai","7":"product_cat-spausdintuvai","9":"entry","10":"has-media","12":"first","13":"outofstock","14":"taxable","15":"shipping-taxable","16":"purchasable","17":"product-type-simple","18":"has-product-nav","19":"col","20":"span_1_of_3","21":"owp-content-center","22":"owp-thumbs-layout-horizontal","23":"owp-btn-normal","24":"owp-tabs-layout-horizontal"},"jetpack_sharing_enabled":true,"_links":{"self":[{"href":"https:\/\/1-bit.eu\/lt\/wp-json\/wp\/v2\/product\/35108","targetHints":{"allow":["GET"]}}],"collection":[{"href":"https:\/\/1-bit.eu\/lt\/wp-json\/wp\/v2\/product"}],"about":[{"href":"https:\/\/1-bit.eu\/lt\/wp-json\/wp\/v2\/types\/product"}],"replies":[{"embeddable":true,"href":"https:\/\/1-bit.eu\/lt\/wp-json\/wp\/v2\/comments?post=35108"}],"version-history":[{"count":2,"href":"https:\/\/1-bit.eu\/lt\/wp-json\/wp\/v2\/product\/35108\/revisions"}],"predecessor-version":[{"id":126407,"href":"https:\/\/1-bit.eu\/lt\/wp-json\/wp\/v2\/product\/35108\/revisions\/126407"}],"wp:featuredmedia":[{"embeddable":true,"href":"https:\/\/1-bit.eu\/lt\/wp-json\/wp\/v2\/media\/49575"}],"wp:attachment":[{"href":"https:\/\/1-bit.eu\/lt\/wp-json\/wp\/v2\/media?parent=35108"}],"wp:term":[{"taxonomy":"product_brand","embeddable":true,"href":"https:\/\/1-bit.eu\/lt\/wp-json\/wp\/v2\/product_brand?post=35108"},{"taxonomy":"product_cat","embeddable":true,"href":"https:\/\/1-bit.eu\/lt\/wp-json\/wp\/v2\/product_cat?post=35108"},{"taxonomy":"product_tag","embeddable":true,"href":"https:\/\/1-bit.eu\/lt\/wp-json\/wp\/v2\/product_tag?post=35108"}],"curies":[{"name":"wp","href":"https:\/\/api.w.org\/{rel}","templated":true}]}}