{"id":47633,"date":"2022-12-17T17:36:29","date_gmt":"2022-12-17T17:36:29","guid":{"rendered":"https:\/\/1-bit.eu\/product\/epson-hdbaset-transmitter-elphd01\/"},"modified":"2023-09-28T03:39:02","modified_gmt":"2023-09-28T03:39:02","slug":"epson-hdbaset-transmitter-elphd01","status":"publish","type":"product","link":"https:\/\/1-bit.eu\/lt\/produktas\/epson-hdbaset-transmitter-elphd01\/","title":{"rendered":"Epson HDBaseT Transmitter ELPHD01"},"content":{"rendered":"<table>\n<thead>\n<tr>\n<th class=\"elementor-repeater-item-764687e\" colspan=\"1\">Parameter<\/th>\n<th class=\"elementor-repeater-item-858cd28\" colspan=\"1\">Value<\/th>\n<\/tr>\n<\/thead>\n<tbody>\n<tr>\n<th class=\"elementor-repeater-item-40e19e7\" colspan=\"1\" rowspan=\"1\">Pakuot\u0117s gylis (mm)<\/th>\n<td class=\"elementor-repeater-item-aee9316\" colspan=\"1\" rowspan=\"1\">155 mm<\/td>\n<\/tr>\n<tr>\n<th class=\"elementor-repeater-item-40e19e7\" colspan=\"1\" rowspan=\"1\">Pakuot\u0117s auk\u0161tis (mm)<\/th>\n<td class=\"elementor-repeater-item-aee9316\" colspan=\"1\" rowspan=\"1\">79 mm<\/td>\n<\/tr>\n<tr>\n<th class=\"elementor-repeater-item-40e19e7\" colspan=\"1\" rowspan=\"1\">Bruto svoris<\/th>\n<td class=\"elementor-repeater-item-aee9316\" colspan=\"1\" rowspan=\"1\">0.926 kg<\/td>\n<\/tr>\n<tr>\n<th class=\"elementor-repeater-item-40e19e7\" colspan=\"1\" rowspan=\"1\">Pakuot\u0117s plotis (mm)<\/th>\n<td class=\"elementor-repeater-item-aee9316\" colspan=\"1\" rowspan=\"1\">335 mm<\/td>\n<\/tr>\n<tr>\n<th class=\"elementor-repeater-item-40e19e7\" colspan=\"1\" rowspan=\"1\">Neto svoris<\/th>\n<td class=\"elementor-repeater-item-aee9316\" colspan=\"1\" rowspan=\"1\">0.826 kg<\/td>\n<\/tr>\n<tr>\n<th class=\"elementor-repeater-item-40e19e7\" colspan=\"1\" rowspan=\"1\">Kiekis pakuot\u0117je<\/th>\n<td class=\"elementor-repeater-item-aee9316\" colspan=\"1\" rowspan=\"1\">4 dali\u0173<\/td>\n<\/tr>\n<tr>\n<th class=\"elementor-repeater-item-40e19e7\" colspan=\"1\" rowspan=\"1\">Popierius\/Kartonas<\/th>\n<td class=\"elementor-repeater-item-aee9316\" colspan=\"1\" rowspan=\"1\">80.00 g<\/td>\n<\/tr>\n<tr>\n<th class=\"elementor-repeater-item-40e19e7\" colspan=\"1\" rowspan=\"1\">Plastikas (be PET)<\/th>\n<td class=\"elementor-repeater-item-aee9316\" colspan=\"1\" rowspan=\"1\">20.00 g<\/td>\n<\/tr>\n<tr>\n<th class=\"elementor-repeater-item-40e19e7\" colspan=\"1\" rowspan=\"1\">Taros svoris (kg)<\/th>\n<td class=\"elementor-repeater-item-aee9316\" colspan=\"1\" rowspan=\"1\">0.10 kg<\/td>\n<\/tr>\n<tr>\n<th class=\"elementor-repeater-item-40e19e7\" colspan=\"1\" rowspan=\"1\">T\u016bris (m3)<\/th>\n<td class=\"elementor-repeater-item-aee9316\" colspan=\"1\" rowspan=\"1\">0.004102075 m\u00b3<\/td>\n<\/tr>\n<tr>\n<th class=\"elementor-repeater-item-40e19e7\" colspan=\"1\" rowspan=\"1\">Integruota baterija<\/th>\n<td class=\"elementor-repeater-item-aee9316\" colspan=\"1\" rowspan=\"1\">No <\/td>\n<\/tr>\n<tr>\n<th class=\"elementor-repeater-item-40e19e7\" colspan=\"1\" rowspan=\"1\">EE\u012e atliek\u0173 mokestis<\/th>\n<td class=\"elementor-repeater-item-aee9316\" colspan=\"1\" rowspan=\"1\">No <\/td>\n<\/tr>\n<tr>\n<th class=\"elementor-repeater-item-40e19e7\" colspan=\"1\" rowspan=\"1\">Suderinamumas<\/th>\n<td class=\"elementor-repeater-item-aee9316\" colspan=\"1\" rowspan=\"1\">Epson EB-G6800, Epson EB-G6900WU, EB-Z10000U, EB-Z10005U, EB-Z9875U, EB-Z9750U, EB-Z11000W, EB-Z9900W, EB-Z9800W, EB-Z11000, EB-Z11005, EB-Z9870, EB-G6970WU, EB-G6070W, EB-G6270W, EB-G6370, EB-G6570WU, EB-G6770WU, EB-G7100, EB-G7200W, EB-G7400U, EB-G7900U, EB-G7905U, EB-L1100U, EB-L1200U, EB-L1300U, EB-L1405U, EB-L1500U, EB-L1505U, EB-G7805, EB-L25000U, EB-L1105U, EB-L1105U, EB-5520W, EB-L1000U, EB-5530U with 3 replacement lamps, EB-L1755U, EB-L1750U, EB-L1750U, EB-L1750U, EB-L1710S, EB-L1715S, EB-L1715S, EB-L615U, EB-L20002U, EB-L20000U, EB-L12002Q, EB-L12002Q, EB-L1490U, EB-L1495U, EB-L1070U, EB-L1075U, EB-L1050U, EB-L30000U, EB-L30002U, EB-L610U, EB-800F, EB-805F, EB-L720U, EB-L520U          <\/td>\n<\/tr>\n<tr>\n<th class=\"elementor-repeater-item-40e19e7\" colspan=\"1\" rowspan=\"1\">Gamintojo prek\u0117s modelio pavadinimas<\/th>\n<td class=\"elementor-repeater-item-aee9316\" colspan=\"1\" rowspan=\"1\">ELPHD01 <\/td>\n<\/tr>\n<tr>\n<th class=\"elementor-repeater-item-40e19e7\" colspan=\"1\" rowspan=\"1\">Gamintojo prek\u0117s serija<\/th>\n<td class=\"elementor-repeater-item-aee9316\" colspan=\"1\" rowspan=\"1\">HDBaseT Transmitter <\/td>\n<\/tr>\n<tr>\n<th class=\"elementor-repeater-item-40e19e7\" colspan=\"1\" rowspan=\"1\">Gross depth master carton<\/th>\n<td class=\"elementor-repeater-item-aee9316\" colspan=\"1\" rowspan=\"1\">336 mm<\/td>\n<\/tr>\n<tr>\n<th class=\"elementor-repeater-item-40e19e7\" colspan=\"1\" rowspan=\"1\">Gross width master carton<\/th>\n<td class=\"elementor-repeater-item-aee9316\" colspan=\"1\" rowspan=\"1\">350 mm<\/td>\n<\/tr>\n<tr>\n<th class=\"elementor-repeater-item-40e19e7\" colspan=\"1\" rowspan=\"1\">Gross height master carton<\/th>\n<td class=\"elementor-repeater-item-aee9316\" colspan=\"1\" rowspan=\"1\">193 mm<\/td>\n<\/tr>\n<tr>\n<th class=\"elementor-repeater-item-40e19e7\" colspan=\"1\" rowspan=\"1\">Net weight master carton<\/th>\n<td class=\"elementor-repeater-item-aee9316\" colspan=\"1\" rowspan=\"1\">3.704 kg<\/td>\n<\/tr>\n<tr>\n<th class=\"elementor-repeater-item-40e19e7\" colspan=\"1\" rowspan=\"1\">Tare weight master carton<\/th>\n<td class=\"elementor-repeater-item-aee9316\" colspan=\"1\" rowspan=\"1\">0.386 kg<\/td>\n<\/tr>\n<\/tbody>\n<\/table>","protected":false},"excerpt":{"rendered":"<p>Parameter Value Pakuot\u0117s gylis (mm) 155 mm Pakuot\u0117s auk\u0161tis (mm) 79 mm Bruto svoris 0.926 kg Pakuot\u0117s plotis (mm) 335 mm Neto svoris 0.826 kg Kiekis pakuot\u0117je 4 dali\u0173 Popierius\/Kartonas 80.00 g Plastikas (be PET) 20.00 g Taros svoris (kg) 0.10 kg T\u016bris (m3) 0.004102075 m\u00b3 Integruota baterija No EE\u012e atliek\u0173 mokestis No Suderinamumas Epson [&hellip;]<\/p>","protected":false},"featured_media":72136,"comment_status":"open","ping_status":"closed","template":"","meta":{"ocean_post_layout":"","ocean_both_sidebars_style":"","ocean_both_sidebars_content_width":0,"ocean_both_sidebars_sidebars_width":0,"ocean_sidebar":"","ocean_second_sidebar":"","ocean_disable_margins":"enable","ocean_add_body_class":"","ocean_shortcode_before_top_bar":"","ocean_shortcode_after_top_bar":"","ocean_shortcode_before_header":"","ocean_shortcode_after_header":"","ocean_has_shortcode":"","ocean_shortcode_after_title":"","ocean_shortcode_before_footer_widgets":"","ocean_shortcode_after_footer_widgets":"","ocean_shortcode_before_footer_bottom":"","ocean_shortcode_after_footer_bottom":"","ocean_display_top_bar":"default","ocean_display_header":"default","ocean_header_style":"","ocean_center_header_left_menu":"","ocean_custom_header_template":"","ocean_custom_logo":0,"ocean_custom_retina_logo":0,"ocean_custom_logo_max_width":0,"ocean_custom_logo_tablet_max_width":0,"ocean_custom_logo_mobile_max_width":0,"ocean_custom_logo_max_height":0,"ocean_custom_logo_tablet_max_height":0,"ocean_custom_logo_mobile_max_height":0,"ocean_header_custom_menu":"","ocean_menu_typo_font_family":"","ocean_menu_typo_font_subset":"","ocean_menu_typo_font_size":0,"ocean_menu_typo_font_size_tablet":0,"ocean_menu_typo_font_size_mobile":0,"ocean_menu_typo_font_size_unit":"px","ocean_menu_typo_font_weight":"","ocean_menu_typo_font_weight_tablet":"","ocean_menu_typo_font_weight_mobile":"","ocean_menu_typo_transform":"","ocean_menu_typo_transform_tablet":"","ocean_menu_typo_transform_mobile":"","ocean_menu_typo_line_height":0,"ocean_menu_typo_line_height_tablet":0,"ocean_menu_typo_line_height_mobile":0,"ocean_menu_typo_line_height_unit":"","ocean_menu_typo_spacing":0,"ocean_menu_typo_spacing_tablet":0,"ocean_menu_typo_spacing_mobile":0,"ocean_menu_typo_spacing_unit":"","ocean_menu_link_color":"","ocean_menu_link_color_hover":"","ocean_menu_link_color_active":"","ocean_menu_link_background":"","ocean_menu_link_hover_background":"","ocean_menu_link_active_background":"","ocean_menu_social_links_bg":"","ocean_menu_social_hover_links_bg":"","ocean_menu_social_links_color":"","ocean_menu_social_hover_links_color":"","ocean_disable_title":"default","ocean_disable_heading":"default","ocean_post_title":"","ocean_post_subheading":"","ocean_post_title_style":"","ocean_post_title_background_color":"","ocean_post_title_background":0,"ocean_post_title_bg_image_position":"","ocean_post_title_bg_image_attachment":"","ocean_post_title_bg_image_repeat":"","ocean_post_title_bg_image_size":"","ocean_post_title_height":0,"ocean_post_title_bg_overlay":0.5,"ocean_post_title_bg_overlay_color":"","ocean_disable_breadcrumbs":"default","ocean_breadcrumbs_color":"","ocean_breadcrumbs_separator_color":"","ocean_breadcrumbs_links_color":"","ocean_breadcrumbs_links_hover_color":"","ocean_display_footer_widgets":"default","ocean_display_footer_bottom":"default","ocean_custom_footer_template":""},"product_brand":[],"product_cat":[321,392],"product_tag":[],"class_list":{"0":"post-47633","1":"product","2":"type-product","3":"status-publish","4":"has-post-thumbnail","6":"product_cat-aksesuarai","7":"product_cat-kita4322","9":"entry","10":"has-media","12":"first","13":"outofstock","14":"taxable","15":"shipping-taxable","16":"purchasable","17":"product-type-simple","18":"has-product-nav","19":"col","20":"span_1_of_3","21":"owp-content-center","22":"owp-thumbs-layout-horizontal","23":"owp-btn-normal","24":"owp-tabs-layout-horizontal"},"jetpack_sharing_enabled":true,"_links":{"self":[{"href":"https:\/\/1-bit.eu\/lt\/wp-json\/wp\/v2\/product\/47633","targetHints":{"allow":["GET"]}}],"collection":[{"href":"https:\/\/1-bit.eu\/lt\/wp-json\/wp\/v2\/product"}],"about":[{"href":"https:\/\/1-bit.eu\/lt\/wp-json\/wp\/v2\/types\/product"}],"replies":[{"embeddable":true,"href":"https:\/\/1-bit.eu\/lt\/wp-json\/wp\/v2\/comments?post=47633"}],"version-history":[{"count":2,"href":"https:\/\/1-bit.eu\/lt\/wp-json\/wp\/v2\/product\/47633\/revisions"}],"predecessor-version":[{"id":170086,"href":"https:\/\/1-bit.eu\/lt\/wp-json\/wp\/v2\/product\/47633\/revisions\/170086"}],"wp:featuredmedia":[{"embeddable":true,"href":"https:\/\/1-bit.eu\/lt\/wp-json\/wp\/v2\/media\/72136"}],"wp:attachment":[{"href":"https:\/\/1-bit.eu\/lt\/wp-json\/wp\/v2\/media?parent=47633"}],"wp:term":[{"taxonomy":"product_brand","embeddable":true,"href":"https:\/\/1-bit.eu\/lt\/wp-json\/wp\/v2\/product_brand?post=47633"},{"taxonomy":"product_cat","embeddable":true,"href":"https:\/\/1-bit.eu\/lt\/wp-json\/wp\/v2\/product_cat?post=47633"},{"taxonomy":"product_tag","embeddable":true,"href":"https:\/\/1-bit.eu\/lt\/wp-json\/wp\/v2\/product_tag?post=47633"}],"curies":[{"name":"wp","href":"https:\/\/api.w.org\/{rel}","templated":true}]}}