{"id":76632,"date":"2023-01-04T20:00:25","date_gmt":"2023-01-04T20:00:25","guid":{"rendered":"https:\/\/1-bit.eu\/?post_type=product&#038;p=76632"},"modified":"2023-01-04T20:31:51","modified_gmt":"2023-01-04T20:31:51","slug":"1-bit-eco-entry-gaming-intel-core-3-4-karta-rx-500-arba-gtx-1060-series-gpu-inter-tech-energon-eps-550w-ssdhdd","status":"publish","type":"product","link":"https:\/\/1-bit.eu\/lt\/produktas\/1-bit-eco-entry-gaming-intel-core-3-4-karta-rx-500-arba-gtx-1060-series-gpu-inter-tech-energon-eps-550w-ssdhdd\/","title":{"rendered":"1-BIT ECO: ENTRY GAMING | INTEL CORE 3-4 Karta | RX 500 arba GTX 1060 Series GPU |  INTER-TECH Energon EPS, 550W| SSD+HDD"},"content":{"rendered":"<p>\u017daidim\u0173 Kompiuterio bendr\u0105 komplektacij\u0105 sudaro J\u016bs\u0173 pasirinkti komponentai bei:<\/p>\n<p>Maitinimo Blokas: <strong>Power Supply INTER-TECH Energon EPS, 550W<\/strong><\/p>\n<p>ECO GAMING Pagrindin\u0117 Plok\u0161t\u0117:<strong><br \/>\nH61M<\/strong>\u00a0 &#8211; Pasirinkus Procesori\u0173 (Intel Sandy Bridge, Ivy Bridge)<br \/>\n<strong>H81M<\/strong>\u00a0 &#8211; Pasirinkus Procesori\u0173 (Intel Haswell)<br \/>\nMotini\u0173 Plok\u0161\u010di\u0173 Gamintojai: ASRock, GIGABYTE, MSI, ASUS<\/p>\n<p>Procesoriaus au\u0161intuvas:<br \/>\nIntel\u00ae Core\u2122 Processor i5 Serijai: <strong>CPU COOLER XC032 XILENCE<br \/>\n<\/strong>Intel\u00ae Core\u2122 Processor i7 Serijai: <strong>Deepcool \u201cGammaxx 300\u201d<br \/>\n<\/strong><\/p>\n<p>Garantija kompiuterio dalims:<\/p>\n<p>Maitinimo Blokui 24 m\u0117n.<br \/>\nSSD Diskui 24 m\u0117n.<br \/>\nProcesoriui 6 m\u0117n.<br \/>\nVaizdo Plok\u0161tei 6 m\u0117n.<br \/>\nRAM Atmin\u010diai 6 m\u0117n.<br \/>\nPagr. Plok\u0161tei 6 m\u0117n.<br \/>\nKietajam Diskui 6 m\u0117n.<\/p>","protected":false},"excerpt":{"rendered":"<p>\u017daidim\u0173 Kompiuterio bendr\u0105 komplektacij\u0105 sudaro J\u016bs\u0173 pasirinkti komponentai bei:<\/p>\n<p>Maitinimo Blokas: <strong>Power Supply INTER-TECH Energon EPS, 550W<\/strong><\/p>\n<p>ECO GAMING Pagrindin\u0117 Plok\u0161t\u0117:<strong><br \/>\nH61M<\/strong>\u00a0 &#8211; Pasirinkus Procesori\u0173 (Intel Sandy Bridge, Ivy Bridge)<br \/>\n<strong>H81M<\/strong>\u00a0 &#8211; Pasirinkus Procesori\u0173 (Intel Haswell)<br \/>\nMotini\u0173 Plok\u0161\u010di\u0173 Gamintojai: ASRock, GIGABYTE, MSI, ASUS<\/p>\n<p>Procesoriaus au\u0161intuvas:<br \/>\nIntel\u00ae Core\u2122 Processor i5 Serijai: <strong>CPU COOLER XC032 XILENCE<br \/>\n<\/strong>Intel\u00ae Core\u2122 Processor i7 Serijai: <strong>Deepcool Gammaxx 300<\/strong><\/p>","protected":false},"featured_media":76631,"comment_status":"open","ping_status":"closed","template":"","meta":{"ocean_post_layout":"","ocean_both_sidebars_style":"","ocean_both_sidebars_content_width":0,"ocean_both_sidebars_sidebars_width":0,"ocean_sidebar":"0","ocean_second_sidebar":"0","ocean_disable_margins":"enable","ocean_add_body_class":"","ocean_shortcode_before_top_bar":"","ocean_shortcode_after_top_bar":"","ocean_shortcode_before_header":"","ocean_shortcode_after_header":"","ocean_has_shortcode":"","ocean_shortcode_after_title":"","ocean_shortcode_before_footer_widgets":"","ocean_shortcode_after_footer_widgets":"","ocean_shortcode_before_footer_bottom":"","ocean_shortcode_after_footer_bottom":"","ocean_display_top_bar":"default","ocean_display_header":"default","ocean_header_style":"","ocean_center_header_left_menu":"0","ocean_custom_header_template":"0","ocean_custom_logo":0,"ocean_custom_retina_logo":0,"ocean_custom_logo_max_width":0,"ocean_custom_logo_tablet_max_width":0,"ocean_custom_logo_mobile_max_width":0,"ocean_custom_logo_max_height":0,"ocean_custom_logo_tablet_max_height":0,"ocean_custom_logo_mobile_max_height":0,"ocean_header_custom_menu":"0","ocean_menu_typo_font_family":"0","ocean_menu_typo_font_subset":"","ocean_menu_typo_font_size":0,"ocean_menu_typo_font_size_tablet":0,"ocean_menu_typo_font_size_mobile":0,"ocean_menu_typo_font_size_unit":"px","ocean_menu_typo_font_weight":"","ocean_menu_typo_font_weight_tablet":"","ocean_menu_typo_font_weight_mobile":"","ocean_menu_typo_transform":"","ocean_menu_typo_transform_tablet":"","ocean_menu_typo_transform_mobile":"","ocean_menu_typo_line_height":0,"ocean_menu_typo_line_height_tablet":0,"ocean_menu_typo_line_height_mobile":0,"ocean_menu_typo_line_height_unit":"","ocean_menu_typo_spacing":0,"ocean_menu_typo_spacing_tablet":0,"ocean_menu_typo_spacing_mobile":0,"ocean_menu_typo_spacing_unit":"","ocean_menu_link_color":"","ocean_menu_link_color_hover":"","ocean_menu_link_color_active":"","ocean_menu_link_background":"","ocean_menu_link_hover_background":"","ocean_menu_link_active_background":"","ocean_menu_social_links_bg":"","ocean_menu_social_hover_links_bg":"","ocean_menu_social_links_color":"","ocean_menu_social_hover_links_color":"","ocean_disable_title":"default","ocean_disable_heading":"default","ocean_post_title":"","ocean_post_subheading":"","ocean_post_title_style":"","ocean_post_title_background_color":"","ocean_post_title_background":0,"ocean_post_title_bg_image_position":"","ocean_post_title_bg_image_attachment":"","ocean_post_title_bg_image_repeat":"","ocean_post_title_bg_image_size":"","ocean_post_title_height":0,"ocean_post_title_bg_overlay":0.5,"ocean_post_title_bg_overlay_color":"","ocean_disable_breadcrumbs":"default","ocean_breadcrumbs_color":"","ocean_breadcrumbs_separator_color":"","ocean_breadcrumbs_links_color":"","ocean_breadcrumbs_links_hover_color":"","ocean_display_footer_widgets":"default","ocean_display_footer_bottom":"default","ocean_custom_footer_template":"0"},"product_brand":[],"product_cat":[187],"product_tag":[],"class_list":{"0":"post-76632","1":"product","2":"type-product","3":"status-publish","4":"has-post-thumbnail","6":"product_cat-kompiuteriai","8":"entry","9":"has-media","11":"first","12":"instock","13":"taxable","14":"shipping-taxable","15":"purchasable","16":"product-type-variable","17":"has-default-attributes","18":"has-product-nav","19":"col","20":"span_1_of_3","21":"owp-content-center","22":"owp-thumbs-layout-horizontal","23":"owp-btn-normal","24":"owp-tabs-layout-horizontal"},"jetpack_sharing_enabled":true,"_links":{"self":[{"href":"https:\/\/1-bit.eu\/lt\/wp-json\/wp\/v2\/product\/76632","targetHints":{"allow":["GET"]}}],"collection":[{"href":"https:\/\/1-bit.eu\/lt\/wp-json\/wp\/v2\/product"}],"about":[{"href":"https:\/\/1-bit.eu\/lt\/wp-json\/wp\/v2\/types\/product"}],"replies":[{"embeddable":true,"href":"https:\/\/1-bit.eu\/lt\/wp-json\/wp\/v2\/comments?post=76632"}],"version-history":[{"count":1,"href":"https:\/\/1-bit.eu\/lt\/wp-json\/wp\/v2\/product\/76632\/revisions"}],"predecessor-version":[{"id":78150,"href":"https:\/\/1-bit.eu\/lt\/wp-json\/wp\/v2\/product\/76632\/revisions\/78150"}],"wp:featuredmedia":[{"embeddable":true,"href":"https:\/\/1-bit.eu\/lt\/wp-json\/wp\/v2\/media\/76631"}],"wp:attachment":[{"href":"https:\/\/1-bit.eu\/lt\/wp-json\/wp\/v2\/media?parent=76632"}],"wp:term":[{"taxonomy":"product_brand","embeddable":true,"href":"https:\/\/1-bit.eu\/lt\/wp-json\/wp\/v2\/product_brand?post=76632"},{"taxonomy":"product_cat","embeddable":true,"href":"https:\/\/1-bit.eu\/lt\/wp-json\/wp\/v2\/product_cat?post=76632"},{"taxonomy":"product_tag","embeddable":true,"href":"https:\/\/1-bit.eu\/lt\/wp-json\/wp\/v2\/product_tag?post=76632"}],"curies":[{"name":"wp","href":"https:\/\/api.w.org\/{rel}","templated":true}]}}