{"id":78273,"date":"2023-01-05T21:14:06","date_gmt":"2023-01-05T21:14:06","guid":{"rendered":"https:\/\/1-bit.eu\/?post_type=product&#038;p=78273"},"modified":"2023-01-05T21:16:36","modified_gmt":"2023-01-05T21:16:36","slug":"intel-cpu-desktop-core-i3-13100f-3-4ghz-12mb-lga1700-box","status":"publish","type":"product","link":"https:\/\/1-bit.eu\/lt\/produktas\/intel-cpu-desktop-core-i3-13100f-3-4ghz-12mb-lga1700-box\/","title":{"rendered":"Intel CPU Desktop Core i3-13100F (3.4GHz, 12MB, LGA1700) box"},"content":{"rendered":"<p>Product Collection<br \/>\n13th Generation Intel\u00ae Core\u2122 i3 Processors<\/p>\n<p>Code Name<br \/>\nProducts formerly Raptor Lake<\/p>\n<p>Vertical Segment<br \/>\nDesktop<\/p>\n<p>Processor Number<br \/>\ni3-13100F<\/p>\n<p>Lithography<br \/>\nIntel 7<\/p>\n<p>Use Conditions<br \/>\nPC\/Client\/Tablet<\/p>\n<p>Total Cores<br \/>\n4<\/p>\n<p># of Performance-cores<br \/>\n4<\/p>\n<p># of Efficient-cores<br \/>\n0<\/p>\n<p>Total Threads<br \/>\n8<\/p>\n<p>Max Turbo Frequency<br \/>\n4.50 GHz<\/p>\n<p>Performance-core Max Turbo Frequency<br \/>\n4.50 GHz<\/p>\n<p>Performance-core Base Frequency<br \/>\n3.40 GHz<\/p>\n<p>Cache<br \/>\n12 MB Intel\u00ae Smart Cache<\/p>\n<p>Total L2 Cache<br \/>\n5 MB<\/p>\n<p>Processor Base Power<br \/>\n58 W<\/p>\n<p>Maximum Turbo Power<br \/>\n89 W<\/p>\n<p>Supplemental Information<br \/>\nMarketing Status<br \/>\nLaunched<\/p>\n<p>Launch Date<br \/>\nQ1&#8217;23<\/p>\n<p>Embedded Options Available<br \/>\nNo<\/p>\n<p>Memory Specifications<br \/>\nMax Memory Size (dependent on memory type)<br \/>\n128 GB<\/p>\n<p>Memory Types<br \/>\nUp to DDR5 4800 MT\/s<br \/>\nUp to DDR4 3200 MT\/s<\/p>\n<p>Max # of Memory Channels<br \/>\n2<\/p>\n<p>Max Memory Bandwidth<br \/>\n76.8 GB\/s<\/p>\n<p>Expansion Options<br \/>\nDirect Media Interface (DMI) Revision<br \/>\n4.0<\/p>\n<p>Max # of DMI Lanes<br \/>\n8<\/p>\n<p>Scalability<br \/>\n1S Only<\/p>\n<p>PCI Express Revision<br \/>\n5.0 and 4.0<\/p>\n<p>PCI Express Configurations \u2021<br \/>\nUp to 1&#215;16+4, 2&#215;8+4<\/p>\n<p>Max # of PCI Express Lanes<br \/>\n20<\/p>\n<p>Package Specifications<br \/>\nSockets Supported<br \/>\nFCLGA1700<\/p>\n<p>Max CPU Configuration<br \/>\n1<\/p>\n<p>Thermal Solution Specification<br \/>\nPCG 2020C<\/p>\n<p>TJUNCTION<br \/>\n100\u00b0C<\/p>\n<p>Package Size<br \/>\n45.0 mm x 37.5 mm<\/p>\n<p>Advanced Technologies<br \/>\nIntel\u00ae Gaussian &amp; Neural Accelerator<br \/>\n3.0<\/p>\n<p>Intel\u00ae Thread Director<br \/>\nNo<\/p>\n<p>Intel\u00ae Deep Learning Boost (Intel\u00ae DL Boost)<br \/>\nYes<\/p>\n<p>Intel\u00ae Speed Shift Technology<br \/>\nYes<\/p>\n<p>Intel\u00ae Turbo Boost Max Technology 3.0 \u2021<br \/>\nNo<\/p>\n<p>Intel\u00ae Turbo Boost Technology \u2021<br \/>\n2.0<\/p>\n<p>Intel\u00ae Hyper-Threading Technology \u2021<br \/>\nYes<\/p>\n<p>Intel\u00ae 64 \u2021<br \/>\nYes<\/p>\n<p>Instruction Set<br \/>\n64-bit<\/p>\n<p>Instruction Set Extensions<br \/>\nIntel\u00ae SSE4.1, Intel\u00ae SSE4.2, Intel\u00ae AVX2<\/p>\n<p>Idle States<br \/>\nYes<\/p>\n<p>Enhanced Intel SpeedStep\u00ae Technology<br \/>\nYes<\/p>\n<p>Thermal Monitoring Technologies<br \/>\nYes<\/p>\n<p>Intel\u00ae Volume Management Device (VMD)<br \/>\nYes<\/p>\n<p>Security &amp; Reliability<br \/>\nIntel\u00ae Standard Manageability (ISM) \u2021<br \/>\nYes<\/p>\n<p>Intel\u00ae Control-Flow Enforcement Technology<br \/>\nYes<\/p>\n<p>Intel\u00ae AES New Instructions<br \/>\nYes<\/p>\n<p>Secure Key<br \/>\nYes<\/p>\n<p>Intel\u00ae OS Guard<br \/>\nYes<\/p>\n<p>Execute Disable Bit \u2021<br \/>\nYes<\/p>\n<p>Intel\u00ae Boot Guard<br \/>\nYes<\/p>\n<p>Mode-based Execute Control (MBEC)<br \/>\nYes<\/p>\n<p>Intel\u00ae Virtualization Technology (VT-x) \u2021<br \/>\nYes<\/p>\n<p>Intel\u00ae Virtualization Technology for Directed I\/O (VT-d) \u2021<br \/>\nYes<\/p>\n<p>Intel\u00ae VT-x with Extended Page Tables (EPT) \u2021<br \/>\nYes<\/p>","protected":false},"excerpt":{"rendered":"<p>Rekomenduojame komplektuoti kartu<br \/>\nSu pagrindin\u0117mis plok\u0161t\u0117mis palaikan\u010diomis Intel 13 kart\u0105:<\/p>\n<p><a href=\"https:\/\/1-bit.eu\/lt\/produktas\/asus-prime-b760m-a-d4\/\"><strong>ASUS PRIME B760M-A D4<\/strong><\/a><\/p>\n<p><a href=\"https:\/\/1-bit.eu\/lt\/produktas\/asus-prime-b760m-a-wifi-d4\/\"><strong>ASUS PRIME B760M-A WIFI D4<\/strong><\/a><\/p>\n<p>GARANTIJA 36 M\u0116N.<\/p>","protected":false},"featured_media":78274,"comment_status":"open","ping_status":"closed","template":"","meta":{"ocean_post_layout":"","ocean_both_sidebars_style":"","ocean_both_sidebars_content_width":0,"ocean_both_sidebars_sidebars_width":0,"ocean_sidebar":"0","ocean_second_sidebar":"0","ocean_disable_margins":"enable","ocean_add_body_class":"","ocean_shortcode_before_top_bar":"","ocean_shortcode_after_top_bar":"","ocean_shortcode_before_header":"","ocean_shortcode_after_header":"","ocean_has_shortcode":"","ocean_shortcode_after_title":"","ocean_shortcode_before_footer_widgets":"","ocean_shortcode_after_footer_widgets":"","ocean_shortcode_before_footer_bottom":"","ocean_shortcode_after_footer_bottom":"","ocean_display_top_bar":"default","ocean_display_header":"default","ocean_header_style":"","ocean_center_header_left_menu":"0","ocean_custom_header_template":"0","ocean_custom_logo":0,"ocean_custom_retina_logo":0,"ocean_custom_logo_max_width":0,"ocean_custom_logo_tablet_max_width":0,"ocean_custom_logo_mobile_max_width":0,"ocean_custom_logo_max_height":0,"ocean_custom_logo_tablet_max_height":0,"ocean_custom_logo_mobile_max_height":0,"ocean_header_custom_menu":"0","ocean_menu_typo_font_family":"0","ocean_menu_typo_font_subset":"","ocean_menu_typo_font_size":0,"ocean_menu_typo_font_size_tablet":0,"ocean_menu_typo_font_size_mobile":0,"ocean_menu_typo_font_size_unit":"px","ocean_menu_typo_font_weight":"","ocean_menu_typo_font_weight_tablet":"","ocean_menu_typo_font_weight_mobile":"","ocean_menu_typo_transform":"","ocean_menu_typo_transform_tablet":"","ocean_menu_typo_transform_mobile":"","ocean_menu_typo_line_height":0,"ocean_menu_typo_line_height_tablet":0,"ocean_menu_typo_line_height_mobile":0,"ocean_menu_typo_line_height_unit":"","ocean_menu_typo_spacing":0,"ocean_menu_typo_spacing_tablet":0,"ocean_menu_typo_spacing_mobile":0,"ocean_menu_typo_spacing_unit":"","ocean_menu_link_color":"","ocean_menu_link_color_hover":"","ocean_menu_link_color_active":"","ocean_menu_link_background":"","ocean_menu_link_hover_background":"","ocean_menu_link_active_background":"","ocean_menu_social_links_bg":"","ocean_menu_social_hover_links_bg":"","ocean_menu_social_links_color":"","ocean_menu_social_hover_links_color":"","ocean_disable_title":"default","ocean_disable_heading":"default","ocean_post_title":"","ocean_post_subheading":"","ocean_post_title_style":"","ocean_post_title_background_color":"","ocean_post_title_background":0,"ocean_post_title_bg_image_position":"","ocean_post_title_bg_image_attachment":"","ocean_post_title_bg_image_repeat":"","ocean_post_title_bg_image_size":"","ocean_post_title_height":0,"ocean_post_title_bg_overlay":0.5,"ocean_post_title_bg_overlay_color":"","ocean_disable_breadcrumbs":"default","ocean_breadcrumbs_color":"","ocean_breadcrumbs_separator_color":"","ocean_breadcrumbs_links_color":"","ocean_breadcrumbs_links_hover_color":"","ocean_display_footer_widgets":"default","ocean_display_footer_bottom":"default","ocean_custom_footer_template":"0"},"product_brand":[],"product_cat":[267,274],"product_tag":[],"class_list":{"0":"post-78273","1":"product","2":"type-product","3":"status-publish","4":"has-post-thumbnail","6":"product_cat-kompiuteriu-komponentai","7":"product_cat-procesoriai-cpu","9":"entry","10":"has-media","12":"first","13":"instock","14":"sale","15":"taxable","16":"shipping-taxable","17":"purchasable","18":"product-type-simple","19":"has-product-nav","20":"col","21":"span_1_of_3","22":"owp-content-center","23":"owp-thumbs-layout-horizontal","24":"owp-btn-normal","25":"owp-tabs-layout-horizontal","26":"has-no-thumbnails"},"jetpack_sharing_enabled":true,"_links":{"self":[{"href":"https:\/\/1-bit.eu\/lt\/wp-json\/wp\/v2\/product\/78273","targetHints":{"allow":["GET"]}}],"collection":[{"href":"https:\/\/1-bit.eu\/lt\/wp-json\/wp\/v2\/product"}],"about":[{"href":"https:\/\/1-bit.eu\/lt\/wp-json\/wp\/v2\/types\/product"}],"replies":[{"embeddable":true,"href":"https:\/\/1-bit.eu\/lt\/wp-json\/wp\/v2\/comments?post=78273"}],"version-history":[{"count":1,"href":"https:\/\/1-bit.eu\/lt\/wp-json\/wp\/v2\/product\/78273\/revisions"}],"predecessor-version":[{"id":78275,"href":"https:\/\/1-bit.eu\/lt\/wp-json\/wp\/v2\/product\/78273\/revisions\/78275"}],"wp:featuredmedia":[{"embeddable":true,"href":"https:\/\/1-bit.eu\/lt\/wp-json\/wp\/v2\/media\/78274"}],"wp:attachment":[{"href":"https:\/\/1-bit.eu\/lt\/wp-json\/wp\/v2\/media?parent=78273"}],"wp:term":[{"taxonomy":"product_brand","embeddable":true,"href":"https:\/\/1-bit.eu\/lt\/wp-json\/wp\/v2\/product_brand?post=78273"},{"taxonomy":"product_cat","embeddable":true,"href":"https:\/\/1-bit.eu\/lt\/wp-json\/wp\/v2\/product_cat?post=78273"},{"taxonomy":"product_tag","embeddable":true,"href":"https:\/\/1-bit.eu\/lt\/wp-json\/wp\/v2\/product_tag?post=78273"}],"curies":[{"name":"wp","href":"https:\/\/api.w.org\/{rel}","templated":true}]}}