{"id":78343,"date":"2023-01-06T08:17:16","date_gmt":"2023-01-06T08:17:16","guid":{"rendered":"https:\/\/1-bit.eu\/?post_type=product&#038;p=78343"},"modified":"2023-01-14T11:03:48","modified_gmt":"2023-01-14T11:03:48","slug":"intel-cpu-desktop-core-i3-13100-3-4ghz-12mb-lga1700-box","status":"publish","type":"product","link":"https:\/\/1-bit.eu\/lt\/produktas\/intel-cpu-desktop-core-i3-13100-3-4ghz-12mb-lga1700-box\/","title":{"rendered":"Intel CPU Desktop Core i3-13100 (3.4GHz, 12MB, LGA1700) box"},"content":{"rendered":"<p>Essentials<br \/>\nProduct Collection 13th Generation Intel\u00ae Core\u2122 i3 Processors<br \/>\nCode Name Products formerly Raptor Lake<br \/>\nVertical Segment Desktop<br \/>\nProcessor Number i3-13100<br \/>\nLithography Intel 7<br \/>\nUse Conditions PC\/Client\/Tablet<\/p>\n<p>CPU Specifications<br \/>\nTotal Cores 4<br \/>\n# of Performance-cores 4<br \/>\n# of Efficient-cores 0<br \/>\nTotal Threads 8<br \/>\nMax Turbo Frequency 4.50 GHz<br \/>\nPerformance-core Max Turbo Frequency 4.50 GHz<br \/>\nPerformance-core Base Frequency 3.40 GHz<br \/>\nCache 12 MB Intel\u00ae Smart Cache<br \/>\nTotal L2 Cache 5 MB<br \/>\nProcessor Base Power 60 W<br \/>\nMaximum Turbo Power 89 W<\/p>\n<p>Supplemental Information<br \/>\nMarketing Status Launched<br \/>\nLaunch Date Q1&#8217;23<br \/>\nEmbedded Options Available Yes<\/p>\n<p>Memory Specifications<br \/>\nMax Memory Size (dependent on memory type) 128 GB<br \/>\nMemory Types Up to DDR5 4800 MT\/s Up to DDR4 3200 MT\/s<br \/>\nMax # of Memory Channels 2<br \/>\nMax Memory Bandwidth 76.8 GB\/s<\/p>\n<p>Processor Graphics<br \/>\nProcessor Graphics \u2021 Intel\u00ae UHD Graphics 730<br \/>\nGraphics Base Frequency 300 MHz<br \/>\nGraphics Max Dynamic Frequency 1.50 GHz<br \/>\nGraphics Output eDP 1.4b | DP 1.4a | HDMI 2.1<br \/>\nExecution Units 24<br \/>\nMax Resolution (HDMI)\u2021 4096 x 2160 @ 60Hz<br \/>\nMax Resolution (DP)\u2021 7680 x 4320 @ 60Hz<br \/>\nMax Resolution (eDP &#8211; Integrated Flat Panel)\u2021 5120 x 3200 @ 120Hz<br \/>\nDirectX* Support 12<br \/>\nOpenGL* Support 4.5<br \/>\nOpenCL* Support 3<br \/>\nMulti-Format Codec Engines 1<br \/>\nIntel\u00ae Quick Sync Video Yes<br \/>\nIntel\u00ae Clear Video HD Technology Yes<br \/>\n# of Displays Supported \u2021 4<br \/>\nDevice ID 0x4692<\/p>\n<p>Expansion Options<br \/>\nDirect Media Interface (DMI) Revision 4<br \/>\nMax # of DMI Lanes 8<br \/>\nScalability 1S Only<br \/>\nPCI Express Revision 5.0 and 4.0<br \/>\nPCI Express Configurations \u2021 Up to 1&#215;16+4 | 2&#215;8+4<br \/>\nMax # of PCI Express Lanes 20<\/p>\n<p>Package Specifications<br \/>\nSockets Supported FCLGA1700<br \/>\nMax CPU Configuration 1<br \/>\nThermal Solution Specification PCG 2020C<br \/>\nTJUNCTION 100\u00b0C<br \/>\nPackage Size 45.0 mm x 37.5 mm<\/p>\n<p>Advanced Technologies<br \/>\nIntel\u00ae Gaussian &amp; Neural Accelerator 3<br \/>\nIntel\u00ae Thread Director No<br \/>\nIntel\u00ae Deep Learning Boost (Intel\u00ae DL Boost) Yes<br \/>\nIntel\u00ae Speed Shift Technology Yes<br \/>\nIntel\u00ae Turbo Boost Max Technology 3.0 \u2021 No<br \/>\nIntel\u00ae Turbo Boost Technology \u2021 2<br \/>\nIntel\u00ae Hyper-Threading Technology \u2021 Yes<br \/>\nIntel\u00ae 64 \u2021 Yes<br \/>\nInstruction Set 64-bit<br \/>\nInstruction Set Extensions Intel\u00ae SSE4.1 | Intel\u00ae SSE4.2 | Intel\u00ae AVX2<br \/>\nIdle States Yes<br \/>\nEnhanced Intel SpeedStep\u00ae Technology Yes<br \/>\nThermal Monitoring Technologies Yes<br \/>\nIntel\u00ae Volume Management Device (VMD) Yes<\/p>\n<p>Security &amp; Reliability<br \/>\nIntel\u00ae Threat Detection Technology (TDT) Yes<br \/>\nIntel\u00ae Standard Manageability (ISM) \u2021 Yes<br \/>\nIntel\u00ae Control-Flow Enforcement Technology Yes<br \/>\nIntel\u00ae AES New Instructions Yes<br \/>\nSecure Key Yes<br \/>\nIntel\u00ae OS Guard Yes<br \/>\nExecute Disable Bit \u2021 Yes<br \/>\nIntel\u00ae Boot Guard Yes<br \/>\nMode-based Execute Control (MBEC) Yes<br \/>\nIntel\u00ae Virtualization Technology (VT-x) \u2021 Yes<br \/>\nIntel\u00ae Virtualization Technology for Directed I\/O (VT-d) \u2021 Yes<br \/>\nIntel\u00ae VT-x with Extended Page Tables (EPT) \u2021 Yes<strong><br \/>\n<\/strong><\/p>","protected":false},"excerpt":{"rendered":"<p>Rekomenduojame komplektuoti kartu<br \/>\nSu pagrindin\u0117mis plok\u0161t\u0117mis palaikan\u010diomis Intel 13 kart\u0105:<\/p>\n<p><a href=\"https:\/\/1-bit.eu\/lt\/produktas\/asus-prime-b760m-a-d4\/\"><strong>ASUS PRIME B760M-A D4<\/strong><\/a><\/p>\n<p><a href=\"https:\/\/1-bit.eu\/lt\/produktas\/asus-prime-b760m-a-wifi-d4\/\"><strong>ASUS PRIME B760M-A WIFI D4<\/strong><\/a><\/p>\n<p>GARANTIJA 36 M\u0116N.<\/p>","protected":false},"featured_media":78274,"comment_status":"open","ping_status":"closed","template":"","meta":{"ocean_post_layout":"","ocean_both_sidebars_style":"","ocean_both_sidebars_content_width":0,"ocean_both_sidebars_sidebars_width":0,"ocean_sidebar":"0","ocean_second_sidebar":"0","ocean_disable_margins":"enable","ocean_add_body_class":"","ocean_shortcode_before_top_bar":"","ocean_shortcode_after_top_bar":"","ocean_shortcode_before_header":"","ocean_shortcode_after_header":"","ocean_has_shortcode":"","ocean_shortcode_after_title":"","ocean_shortcode_before_footer_widgets":"","ocean_shortcode_after_footer_widgets":"","ocean_shortcode_before_footer_bottom":"","ocean_shortcode_after_footer_bottom":"","ocean_display_top_bar":"default","ocean_display_header":"default","ocean_header_style":"","ocean_center_header_left_menu":"0","ocean_custom_header_template":"0","ocean_custom_logo":0,"ocean_custom_retina_logo":0,"ocean_custom_logo_max_width":0,"ocean_custom_logo_tablet_max_width":0,"ocean_custom_logo_mobile_max_width":0,"ocean_custom_logo_max_height":0,"ocean_custom_logo_tablet_max_height":0,"ocean_custom_logo_mobile_max_height":0,"ocean_header_custom_menu":"0","ocean_menu_typo_font_family":"0","ocean_menu_typo_font_subset":"","ocean_menu_typo_font_size":0,"ocean_menu_typo_font_size_tablet":0,"ocean_menu_typo_font_size_mobile":0,"ocean_menu_typo_font_size_unit":"px","ocean_menu_typo_font_weight":"","ocean_menu_typo_font_weight_tablet":"","ocean_menu_typo_font_weight_mobile":"","ocean_menu_typo_transform":"","ocean_menu_typo_transform_tablet":"","ocean_menu_typo_transform_mobile":"","ocean_menu_typo_line_height":0,"ocean_menu_typo_line_height_tablet":0,"ocean_menu_typo_line_height_mobile":0,"ocean_menu_typo_line_height_unit":"","ocean_menu_typo_spacing":0,"ocean_menu_typo_spacing_tablet":0,"ocean_menu_typo_spacing_mobile":0,"ocean_menu_typo_spacing_unit":"","ocean_menu_link_color":"","ocean_menu_link_color_hover":"","ocean_menu_link_color_active":"","ocean_menu_link_background":"","ocean_menu_link_hover_background":"","ocean_menu_link_active_background":"","ocean_menu_social_links_bg":"","ocean_menu_social_hover_links_bg":"","ocean_menu_social_links_color":"","ocean_menu_social_hover_links_color":"","ocean_disable_title":"default","ocean_disable_heading":"default","ocean_post_title":"","ocean_post_subheading":"","ocean_post_title_style":"","ocean_post_title_background_color":"","ocean_post_title_background":0,"ocean_post_title_bg_image_position":"","ocean_post_title_bg_image_attachment":"","ocean_post_title_bg_image_repeat":"","ocean_post_title_bg_image_size":"","ocean_post_title_height":0,"ocean_post_title_bg_overlay":0.5,"ocean_post_title_bg_overlay_color":"","ocean_disable_breadcrumbs":"default","ocean_breadcrumbs_color":"","ocean_breadcrumbs_separator_color":"","ocean_breadcrumbs_links_color":"","ocean_breadcrumbs_links_hover_color":"","ocean_display_footer_widgets":"default","ocean_display_footer_bottom":"default","ocean_custom_footer_template":"0"},"product_brand":[],"product_cat":[267,274],"product_tag":[],"class_list":{"0":"post-78343","1":"product","2":"type-product","3":"status-publish","4":"has-post-thumbnail","6":"product_cat-kompiuteriu-komponentai","7":"product_cat-procesoriai-cpu","9":"entry","10":"has-media","12":"first","13":"instock","14":"sale","15":"taxable","16":"shipping-taxable","17":"purchasable","18":"product-type-simple","19":"has-product-nav","20":"col","21":"span_1_of_3","22":"owp-content-center","23":"owp-thumbs-layout-horizontal","24":"owp-btn-normal","25":"owp-tabs-layout-horizontal","26":"has-no-thumbnails"},"jetpack_sharing_enabled":true,"_links":{"self":[{"href":"https:\/\/1-bit.eu\/lt\/wp-json\/wp\/v2\/product\/78343","targetHints":{"allow":["GET"]}}],"collection":[{"href":"https:\/\/1-bit.eu\/lt\/wp-json\/wp\/v2\/product"}],"about":[{"href":"https:\/\/1-bit.eu\/lt\/wp-json\/wp\/v2\/types\/product"}],"replies":[{"embeddable":true,"href":"https:\/\/1-bit.eu\/lt\/wp-json\/wp\/v2\/comments?post=78343"}],"version-history":[{"count":1,"href":"https:\/\/1-bit.eu\/lt\/wp-json\/wp\/v2\/product\/78343\/revisions"}],"predecessor-version":[{"id":78344,"href":"https:\/\/1-bit.eu\/lt\/wp-json\/wp\/v2\/product\/78343\/revisions\/78344"}],"wp:featuredmedia":[{"embeddable":true,"href":"https:\/\/1-bit.eu\/lt\/wp-json\/wp\/v2\/media\/78274"}],"wp:attachment":[{"href":"https:\/\/1-bit.eu\/lt\/wp-json\/wp\/v2\/media?parent=78343"}],"wp:term":[{"taxonomy":"product_brand","embeddable":true,"href":"https:\/\/1-bit.eu\/lt\/wp-json\/wp\/v2\/product_brand?post=78343"},{"taxonomy":"product_cat","embeddable":true,"href":"https:\/\/1-bit.eu\/lt\/wp-json\/wp\/v2\/product_cat?post=78343"},{"taxonomy":"product_tag","embeddable":true,"href":"https:\/\/1-bit.eu\/lt\/wp-json\/wp\/v2\/product_tag?post=78343"}],"curies":[{"name":"wp","href":"https:\/\/api.w.org\/{rel}","templated":true}]}}