{"id":9574,"date":"2022-12-07T16:47:58","date_gmt":"2022-12-07T16:47:58","guid":{"rendered":"https:\/\/1-bit.eu\/product\/steelseries-wireless-gaming-mouse-y-rival-650-steelseries-truemove3-dual-sensor-system-primary-sensor-truemove-3-optical-gaming-sensor-secondary-sensor-depth-sensing-linear-optical-detecti\/"},"modified":"2023-07-16T04:55:02","modified_gmt":"2023-07-16T04:55:02","slug":"steelseries-wireless-gaming-mouse-y-rival-650-steelseries-truemove3-dual-sensor-system-primary-sensor-truemove-3-optical-gaming-sensor-secondary-sensor-depth-sensing-linear-optical-detecti","status":"publish","type":"product","link":"https:\/\/1-bit.eu\/lt\/produktas\/steelseries-wireless-gaming-mouse-y-rival-650-steelseries-truemove3-dual-sensor-system-primary-sensor-truemove-3-optical-gaming-sensor-secondary-sensor-depth-sensing-linear-optical-detecti\/","title":{"rendered":"SteelSeries Wireless, Gaming mouse, Y,  Rival 650, SteelSeries TrueMove3+ Dual Sensor System. Primary Sensor &#8211; TrueMove 3 Optical Gaming Sensor; Secondary Sensor &#8211; Depth Sensing Linear Optical Detection, Yes, RGB LED light"},"content":{"rendered":"<table>\n<thead>\n<tr>\n<th class=\"elementor-repeater-item-764687e\" colspan=\"1\">Parameter<\/th>\n<th class=\"elementor-repeater-item-858cd28\" colspan=\"1\">Value<\/th>\n<\/tr>\n<\/thead>\n<tbody>\n<tr>\n<th class=\"elementor-repeater-item-40e19e7\" colspan=\"1\" rowspan=\"1\">Pakuot\u0117s gylis (mm)<\/th>\n<td class=\"elementor-repeater-item-aee9316\" colspan=\"1\" rowspan=\"1\">146 mm<\/td>\n<\/tr>\n<tr>\n<th class=\"elementor-repeater-item-40e19e7\" colspan=\"1\" rowspan=\"1\">Pakuot\u0117s auk\u0161tis (mm)<\/th>\n<td class=\"elementor-repeater-item-aee9316\" colspan=\"1\" rowspan=\"1\">195 mm<\/td>\n<\/tr>\n<tr>\n<th class=\"elementor-repeater-item-40e19e7\" colspan=\"1\" rowspan=\"1\">Bruto svoris<\/th>\n<td class=\"elementor-repeater-item-aee9316\" colspan=\"1\" rowspan=\"1\">0.408 kg<\/td>\n<\/tr>\n<tr>\n<th class=\"elementor-repeater-item-40e19e7\" colspan=\"1\" rowspan=\"1\">Pakuot\u0117s plotis (mm)<\/th>\n<td class=\"elementor-repeater-item-aee9316\" colspan=\"1\" rowspan=\"1\">57 mm<\/td>\n<\/tr>\n<tr>\n<th class=\"elementor-repeater-item-40e19e7\" colspan=\"1\" rowspan=\"1\">Neto svoris<\/th>\n<td class=\"elementor-repeater-item-aee9316\" colspan=\"1\" rowspan=\"1\">0.165 kg<\/td>\n<\/tr>\n<tr>\n<th class=\"elementor-repeater-item-40e19e7\" colspan=\"1\" rowspan=\"1\">Kiekis pakuot\u0117je<\/th>\n<td class=\"elementor-repeater-item-aee9316\" colspan=\"1\" rowspan=\"1\">6 dali\u0173<\/td>\n<\/tr>\n<tr>\n<th class=\"elementor-repeater-item-40e19e7\" colspan=\"1\" rowspan=\"1\">Taros svoris (kg)<\/th>\n<td class=\"elementor-repeater-item-aee9316\" colspan=\"1\" rowspan=\"1\">0.243 kg<\/td>\n<\/tr>\n<tr>\n<th class=\"elementor-repeater-item-40e19e7\" colspan=\"1\" rowspan=\"1\">TI svoris (kg)<\/th>\n<td class=\"elementor-repeater-item-aee9316\" colspan=\"1\" rowspan=\"1\">0.02 kg<\/td>\n<\/tr>\n<tr>\n<th class=\"elementor-repeater-item-40e19e7\" colspan=\"1\" rowspan=\"1\">T\u016bris (m3)<\/th>\n<td class=\"elementor-repeater-item-aee9316\" colspan=\"1\" rowspan=\"1\">0.00162279 m\u00b3<\/td>\n<\/tr>\n<tr>\n<th class=\"elementor-repeater-item-40e19e7\" colspan=\"1\" rowspan=\"1\">Gaminio pavadinimas<\/th>\n<td class=\"elementor-repeater-item-aee9316\" colspan=\"1\" rowspan=\"1\"> Rival 650 <\/td>\n<\/tr>\n<tr>\n<th class=\"elementor-repeater-item-40e19e7\" colspan=\"1\" rowspan=\"1\">\u012etaiso tipas<\/th>\n<td class=\"elementor-repeater-item-aee9316\" colspan=\"1\" rowspan=\"1\">Wireless <\/td>\n<\/tr>\n<tr>\n<th class=\"elementor-repeater-item-40e19e7\" colspan=\"1\" rowspan=\"1\">Belaidis ry\u0161ys<\/th>\n<td class=\"elementor-repeater-item-aee9316\" colspan=\"1\" rowspan=\"1\">Yes <\/td>\n<\/tr>\n<tr>\n<th class=\"elementor-repeater-item-40e19e7\" colspan=\"1\" rowspan=\"1\">Kitos savyb\u0117s<\/th>\n<td class=\"elementor-repeater-item-aee9316\" colspan=\"1\" rowspan=\"1\">SteelSeries Engine Software unlocks an impressive arsenal of Engine Apps that make customization of the 8-zone RGB lighting easy and intuitive. The Discord and GameSense Engine Apps allow for chat notifications, in-game events, and more&#8230;The all new center of gravity tuning system includes moveable weights and light-to-heavy customization, delivering the widest range of adjustment of any gaming mouse. The world\u2019s most advanced sensor system, the TrueMove3+ combines true 1 to 1 tracking with breakthrough state-of-the art lift off distance detection. For the first time ever, you are in complete control &#8211; even on lift off.The Rival 650 Wireless delivers exceptional charging speed. 15-mintues of charging offers 10+ hours of gaming time. Never again have to charge in the middle of your game. <\/td>\n<\/tr>\n<tr>\n<th class=\"elementor-repeater-item-40e19e7\" colspan=\"1\" rowspan=\"1\">RGB \u0161viesos diod\u0173 ap\u0161vietimas<\/th>\n<td class=\"elementor-repeater-item-aee9316\" colspan=\"1\" rowspan=\"1\">Yes <\/td>\n<\/tr>\n<tr>\n<th class=\"elementor-repeater-item-40e19e7\" colspan=\"1\" rowspan=\"1\">Programin\u0117 \u012franga<\/th>\n<td class=\"elementor-repeater-item-aee9316\" colspan=\"1\" rowspan=\"1\">SteelSeries Engine <\/td>\n<\/tr>\n<tr>\n<th class=\"elementor-repeater-item-40e19e7\" colspan=\"1\" rowspan=\"1\">Gaminio \u0161eima<\/th>\n<td class=\"elementor-repeater-item-aee9316\" colspan=\"1\" rowspan=\"1\">Gaming mouse <\/td>\n<\/tr>\n<tr>\n<th class=\"elementor-repeater-item-40e19e7\" colspan=\"1\" rowspan=\"1\">Slinkimo kryptis<\/th>\n<td class=\"elementor-repeater-item-aee9316\" colspan=\"1\" rowspan=\"1\">up\/down <\/td>\n<\/tr>\n<tr>\n<th class=\"elementor-repeater-item-40e19e7\" colspan=\"1\" rowspan=\"1\">Programuojami mygtukai<\/th>\n<td class=\"elementor-repeater-item-aee9316\" colspan=\"1\" rowspan=\"1\">7 programmable buttons <\/td>\n<\/tr>\n<tr>\n<th class=\"elementor-repeater-item-40e19e7\" colspan=\"1\" rowspan=\"1\">\u012ekraunama<\/th>\n<td class=\"elementor-repeater-item-aee9316\" colspan=\"1\" rowspan=\"1\">Yes <\/td>\n<\/tr>\n<tr>\n<th class=\"elementor-repeater-item-40e19e7\" colspan=\"1\" rowspan=\"1\">Jutiklio tipas<\/th>\n<td class=\"elementor-repeater-item-aee9316\" colspan=\"1\" rowspan=\"1\">SteelSeries TrueMove3+ Dual Sensor System. Primary Sensor &#8211; TrueMove 3 Optical Gaming Sensor; Secondary Sensor &#8211; Depth Sensing Linear Optical Detection <\/td>\n<\/tr>\n<tr>\n<th class=\"elementor-repeater-item-40e19e7\" colspan=\"1\" rowspan=\"1\">Ap\u0161vietimo spalva<\/th>\n<td class=\"elementor-repeater-item-aee9316\" colspan=\"1\" rowspan=\"1\">8 RGB Zones, Independently Controlled <\/td>\n<\/tr>\n<tr>\n<th class=\"elementor-repeater-item-40e19e7\" colspan=\"1\" rowspan=\"1\">Popierius\/Kartonas<\/th>\n<td class=\"elementor-repeater-item-aee9316\" colspan=\"1\" rowspan=\"1\">243.00 g<\/td>\n<\/tr>\n<tr>\n<th class=\"elementor-repeater-item-40e19e7\" colspan=\"1\" rowspan=\"1\">Classification of battery<\/th>\n<td class=\"elementor-repeater-item-aee9316\" colspan=\"1\" rowspan=\"1\">CL126:NE:2016-12-09 <\/td>\n<\/tr>\n<tr>\n<th class=\"elementor-repeater-item-40e19e7\" colspan=\"1\" rowspan=\"1\">Composition of battery<\/th>\n<td class=\"elementor-repeater-item-aee9316\" colspan=\"1\" rowspan=\"1\">CL127:KT:2016-12-09 <\/td>\n<\/tr>\n<tr>\n<th class=\"elementor-repeater-item-40e19e7\" colspan=\"1\" rowspan=\"1\">Type of battery<\/th>\n<td class=\"elementor-repeater-item-aee9316\" colspan=\"1\" rowspan=\"1\">Battery <\/td>\n<\/tr>\n<tr>\n<th class=\"elementor-repeater-item-40e19e7\" colspan=\"1\" rowspan=\"1\">Integruota baterija<\/th>\n<td class=\"elementor-repeater-item-aee9316\" colspan=\"1\" rowspan=\"1\">Yes <\/td>\n<\/tr>\n<tr>\n<th class=\"elementor-repeater-item-40e19e7\" colspan=\"1\" rowspan=\"1\">EE\u012e atliek\u0173 mokestis<\/th>\n<td class=\"elementor-repeater-item-aee9316\" colspan=\"1\" rowspan=\"1\">Yes <\/td>\n<\/tr>\n<tr>\n<th class=\"elementor-repeater-item-40e19e7\" colspan=\"1\" rowspan=\"1\">EE\u012e klasifikacija<\/th>\n<td class=\"elementor-repeater-item-aee9316\" colspan=\"1\" rowspan=\"1\">CL109:5:2017-04-01 <\/td>\n<\/tr>\n<tr>\n<th class=\"elementor-repeater-item-40e19e7\" colspan=\"1\" rowspan=\"1\">Gross depth master carton<\/th>\n<td class=\"elementor-repeater-item-aee9316\" colspan=\"1\" rowspan=\"1\">355 mm<\/td>\n<\/tr>\n<tr>\n<th class=\"elementor-repeater-item-40e19e7\" colspan=\"1\" rowspan=\"1\">Gross width master carton<\/th>\n<td class=\"elementor-repeater-item-aee9316\" colspan=\"1\" rowspan=\"1\">165 mm<\/td>\n<\/tr>\n<tr>\n<th class=\"elementor-repeater-item-40e19e7\" colspan=\"1\" rowspan=\"1\">Gross height master carton<\/th>\n<td class=\"elementor-repeater-item-aee9316\" colspan=\"1\" rowspan=\"1\">235 mm<\/td>\n<\/tr>\n<tr>\n<th class=\"elementor-repeater-item-40e19e7\" colspan=\"1\" rowspan=\"1\">Net weight master carton<\/th>\n<td class=\"elementor-repeater-item-aee9316\" colspan=\"1\" rowspan=\"1\">2.448 kg<\/td>\n<\/tr>\n<tr>\n<th class=\"elementor-repeater-item-40e19e7\" colspan=\"1\" rowspan=\"1\">Tare weight master carton<\/th>\n<td class=\"elementor-repeater-item-aee9316\" colspan=\"1\" rowspan=\"1\">0.234 kg<\/td>\n<\/tr>\n<tr>\n<th class=\"elementor-repeater-item-40e19e7\" colspan=\"1\" rowspan=\"1\">Palette Qty<\/th>\n<td class=\"elementor-repeater-item-aee9316\" colspan=\"1\" rowspan=\"1\">750 dali\u0173<\/td>\n<\/tr>\n<tr>\n<th class=\"elementor-repeater-item-40e19e7\" colspan=\"1\" rowspan=\"1\">Garantija<\/th>\n<td class=\"elementor-repeater-item-aee9316\" colspan=\"1\" rowspan=\"1\">24 m\u0117n.<\/td>\n<\/tr>\n<\/tbody>\n<\/table>","protected":false},"excerpt":{"rendered":"<p>Parameter Value Pakuot\u0117s gylis (mm) 146 mm Pakuot\u0117s auk\u0161tis (mm) 195 mm Bruto svoris 0.408 kg Pakuot\u0117s plotis (mm) 57 mm Neto svoris 0.165 kg Kiekis pakuot\u0117je 6 dali\u0173 Taros svoris (kg) 0.243 kg TI svoris (kg) 0.02 kg T\u016bris (m3) 0.00162279 m\u00b3 Gaminio pavadinimas Rival 650 \u012etaiso tipas Wireless Belaidis ry\u0161ys Yes Kitos savyb\u0117s [&hellip;]<\/p>","protected":false},"featured_media":17587,"comment_status":"open","ping_status":"closed","template":"","meta":{"ocean_post_layout":"","ocean_both_sidebars_style":"","ocean_both_sidebars_content_width":0,"ocean_both_sidebars_sidebars_width":0,"ocean_sidebar":"","ocean_second_sidebar":"","ocean_disable_margins":"enable","ocean_add_body_class":"","ocean_shortcode_before_top_bar":"","ocean_shortcode_after_top_bar":"","ocean_shortcode_before_header":"","ocean_shortcode_after_header":"","ocean_has_shortcode":"","ocean_shortcode_after_title":"","ocean_shortcode_before_footer_widgets":"","ocean_shortcode_after_footer_widgets":"","ocean_shortcode_before_footer_bottom":"","ocean_shortcode_after_footer_bottom":"","ocean_display_top_bar":"default","ocean_display_header":"default","ocean_header_style":"","ocean_center_header_left_menu":"","ocean_custom_header_template":"","ocean_custom_logo":0,"ocean_custom_retina_logo":0,"ocean_custom_logo_max_width":0,"ocean_custom_logo_tablet_max_width":0,"ocean_custom_logo_mobile_max_width":0,"ocean_custom_logo_max_height":0,"ocean_custom_logo_tablet_max_height":0,"ocean_custom_logo_mobile_max_height":0,"ocean_header_custom_menu":"","ocean_menu_typo_font_family":"","ocean_menu_typo_font_subset":"","ocean_menu_typo_font_size":0,"ocean_menu_typo_font_size_tablet":0,"ocean_menu_typo_font_size_mobile":0,"ocean_menu_typo_font_size_unit":"px","ocean_menu_typo_font_weight":"","ocean_menu_typo_font_weight_tablet":"","ocean_menu_typo_font_weight_mobile":"","ocean_menu_typo_transform":"","ocean_menu_typo_transform_tablet":"","ocean_menu_typo_transform_mobile":"","ocean_menu_typo_line_height":0,"ocean_menu_typo_line_height_tablet":0,"ocean_menu_typo_line_height_mobile":0,"ocean_menu_typo_line_height_unit":"","ocean_menu_typo_spacing":0,"ocean_menu_typo_spacing_tablet":0,"ocean_menu_typo_spacing_mobile":0,"ocean_menu_typo_spacing_unit":"","ocean_menu_link_color":"","ocean_menu_link_color_hover":"","ocean_menu_link_color_active":"","ocean_menu_link_background":"","ocean_menu_link_hover_background":"","ocean_menu_link_active_background":"","ocean_menu_social_links_bg":"","ocean_menu_social_hover_links_bg":"","ocean_menu_social_links_color":"","ocean_menu_social_hover_links_color":"","ocean_disable_title":"default","ocean_disable_heading":"default","ocean_post_title":"","ocean_post_subheading":"","ocean_post_title_style":"","ocean_post_title_background_color":"","ocean_post_title_background":0,"ocean_post_title_bg_image_position":"","ocean_post_title_bg_image_attachment":"","ocean_post_title_bg_image_repeat":"","ocean_post_title_bg_image_size":"","ocean_post_title_height":0,"ocean_post_title_bg_overlay":0.5,"ocean_post_title_bg_overlay_color":"","ocean_disable_breadcrumbs":"default","ocean_breadcrumbs_color":"","ocean_breadcrumbs_separator_color":"","ocean_breadcrumbs_links_color":"","ocean_breadcrumbs_links_hover_color":"","ocean_display_footer_widgets":"default","ocean_display_footer_bottom":"default","ocean_custom_footer_template":""},"product_brand":[],"product_cat":[282,293],"product_tag":[],"class_list":{"0":"post-9574","1":"product","2":"type-product","3":"status-publish","4":"has-post-thumbnail","6":"product_cat-isoriniai-irenginiai-periferija-spausdintuvai","7":"product_cat-peles","9":"entry","10":"has-media","12":"first","13":"instock","14":"taxable","15":"shipping-taxable","16":"purchasable","17":"product-type-simple","18":"has-product-nav","19":"col","20":"span_1_of_3","21":"owp-content-center","22":"owp-thumbs-layout-horizontal","23":"owp-btn-normal","24":"owp-tabs-layout-horizontal"},"jetpack_sharing_enabled":true,"_links":{"self":[{"href":"https:\/\/1-bit.eu\/lt\/wp-json\/wp\/v2\/product\/9574","targetHints":{"allow":["GET"]}}],"collection":[{"href":"https:\/\/1-bit.eu\/lt\/wp-json\/wp\/v2\/product"}],"about":[{"href":"https:\/\/1-bit.eu\/lt\/wp-json\/wp\/v2\/types\/product"}],"replies":[{"embeddable":true,"href":"https:\/\/1-bit.eu\/lt\/wp-json\/wp\/v2\/comments?post=9574"}],"version-history":[{"count":3,"href":"https:\/\/1-bit.eu\/lt\/wp-json\/wp\/v2\/product\/9574\/revisions"}],"predecessor-version":[{"id":142042,"href":"https:\/\/1-bit.eu\/lt\/wp-json\/wp\/v2\/product\/9574\/revisions\/142042"}],"wp:featuredmedia":[{"embeddable":true,"href":"https:\/\/1-bit.eu\/lt\/wp-json\/wp\/v2\/media\/17587"}],"wp:attachment":[{"href":"https:\/\/1-bit.eu\/lt\/wp-json\/wp\/v2\/media?parent=9574"}],"wp:term":[{"taxonomy":"product_brand","embeddable":true,"href":"https:\/\/1-bit.eu\/lt\/wp-json\/wp\/v2\/product_brand?post=9574"},{"taxonomy":"product_cat","embeddable":true,"href":"https:\/\/1-bit.eu\/lt\/wp-json\/wp\/v2\/product_cat?post=9574"},{"taxonomy":"product_tag","embeddable":true,"href":"https:\/\/1-bit.eu\/lt\/wp-json\/wp\/v2\/product_tag?post=9574"}],"curies":[{"name":"wp","href":"https:\/\/api.w.org\/{rel}","templated":true}]}}